{"id":11,"date":"2019-10-31T13:31:37","date_gmt":"2019-10-31T13:31:37","guid":{"rendered":"https:\/\/viken.kulturtanken.app\/?page_id=11"},"modified":"2024-11-18T08:40:33","modified_gmt":"2024-11-18T08:40:33","slug":"forside","status":"publish","type":"page","link":"https:\/\/www.denkulturelleskolesekken.no\/viken\/","title":{"rendered":"Forside"},"content":{"rendered":"<div id=\"pl-gb11-69d821b694a87\"  class=\"panel-layout\" ><div id=\"pg-gb11-69d821b694a87-0\"  class=\"panel-grid panel-has-style\" ><div class=\"panel-row-style panel-row-style-for-gb11-69d821b694a87-0\" ><div id=\"pgc-gb11-69d821b694a87-0-0\"  class=\"panel-grid-cell panel-grid-cell-empty\" ><\/div><div id=\"pgc-gb11-69d821b694a87-0-1\"  class=\"panel-grid-cell panel-grid-cell-mobile-last\" ><div id=\"panel-gb11-69d821b694a87-0-1-0\" class=\"so-panel widget widget_sow-editor panel-first-child panel-last-child\" data-index=\"0\" ><div\n\t\t\t\n\t\t\tclass=\"so-widget-sow-editor so-widget-sow-editor-base\"\n\t\t\t\n\t\t>\n<div class=\"siteorigin-widget-tinymce textwidget\">\n\t<p>Den kulturelles skolesekken Viken ble oppl\u00f8st i forbindelse med fylkesoppl\u00f8sningen 1, januar 2024.<\/p>\n<p>N\u00e5 finner du oss i hvert v\u00e5rt fylke; Akershus, Buskerud og \u00d8stfold:<\/p>\n<p>&nbsp;<\/p>\n<p>Den kulturelle skolesekken Akershus: <a href=\"https:\/\/www.denkulturelleskolesekken.no\/akershus\/\">https:\/\/www.denkulturelleskolesekken.no\/akershus\/<\/a><\/p>\n<p>Den kulturelle skolesekken Buskerud: <a href=\"https:\/\/www.denkulturelleskolesekken.no\/buskerud\/\">https:\/\/www.denkulturelleskolesekken.no\/buskerud\/<\/a><\/p>\n<p>Den kulturelle skolesekken \u00d8stfold: <a href=\"https:\/\/www.denkulturelleskolesekken.no\/ostfold\">https:\/\/www.denkulturelleskolesekken.no\/ostfold<\/a><\/p>\n<p>&nbsp;<\/p>\n<p>&nbsp;<\/p>\n<\/div>\n<\/div><\/div><\/div><div id=\"pgc-gb11-69d821b694a87-0-2\"  class=\"panel-grid-cell panel-grid-cell-empty\" ><\/div><\/div><\/div><\/div>\n\n\n<p><\/p>\n","protected":false},"excerpt":{"rendered":"<p>Den kulturelles skolesekken Viken ble oppl\u00f8st i forbindelse med fylkesoppl\u00f8sningen 1, januar 2024. N\u00e5 finner du oss i hvert v\u00e5rt fylke; Akershus, Buskerud og \u00d8stfold: &nbsp; Den kulturelle skolesekken Akershus: https:\/\/www.denkulturelleskolesekken.no\/akershus\/ Den kulturelle skolesekken Buskerud: https:\/\/www.denkulturelleskolesekken.no\/buskerud\/ Den kulturelle skolesekken \u00d8stfold: https:\/\/www.denkulturelleskolesekken.no\/ostfold &nbsp; &nbsp;<\/p>\n","protected":false},"author":2,"featured_media":2484,"parent":0,"menu_order":0,"comment_status":"closed","ping_status":"closed","template":"","meta":{"footnotes":""},"class_list":["post-11","page","type-page","status-publish","has-post-thumbnail","hentry"],"_links":{"self":[{"href":"https:\/\/www.denkulturelleskolesekken.no\/viken\/wp-json\/wp\/v2\/pages\/11","targetHints":{"allow":["GET"]}}],"collection":[{"href":"https:\/\/www.denkulturelleskolesekken.no\/viken\/wp-json\/wp\/v2\/pages"}],"about":[{"href":"https:\/\/www.denkulturelleskolesekken.no\/viken\/wp-json\/wp\/v2\/types\/page"}],"author":[{"embeddable":true,"href":"https:\/\/www.denkulturelleskolesekken.no\/viken\/wp-json\/wp\/v2\/users\/2"}],"replies":[{"embeddable":true,"href":"https:\/\/www.denkulturelleskolesekken.no\/viken\/wp-json\/wp\/v2\/comments?post=11"}],"version-history":[{"count":242,"href":"https:\/\/www.denkulturelleskolesekken.no\/viken\/wp-json\/wp\/v2\/pages\/11\/revisions"}],"predecessor-version":[{"id":7383,"href":"https:\/\/www.denkulturelleskolesekken.no\/viken\/wp-json\/wp\/v2\/pages\/11\/revisions\/7383"}],"wp:featuredmedia":[{"embeddable":true,"href":"https:\/\/www.denkulturelleskolesekken.no\/viken\/wp-json\/wp\/v2\/media\/2484"}],"wp:attachment":[{"href":"https:\/\/www.denkulturelleskolesekken.no\/viken\/wp-json\/wp\/v2\/media?parent=11"}],"curies":[{"name":"wp","href":"https:\/\/api.w.org\/{rel}","templated":true}]}}