{"id":916,"date":"2020-04-30T10:22:34","date_gmt":"2020-04-30T10:22:34","guid":{"rendered":"https:\/\/wordpress.kulturtanken.app\/vestfoldogtelemark\/?page_id=916"},"modified":"2024-08-07T09:07:46","modified_gmt":"2024-08-07T09:07:46","slug":"arrangement-utenfor-skolen-vgs","status":"publish","type":"page","link":"https:\/\/www.denkulturelleskolesekken.no\/vestfold\/arrangement-utenfor-skolen-vgs\/","title":{"rendered":"Arrangement utenfor skolen (vgs)"},"content":{"rendered":"\n<h1 class=\"has-text-color has-x-large-font-size wp-block-heading\" style=\"color:#90bc7f\"><\/h1>\n\n\n\n<p class=\"has-medium-font-size\"><strong>Vi benytter ofte kulturhus eller andre lokaler utenfor skolen til DKS. <\/strong><br><strong>Her er en liten huskeliste:<\/strong><\/p>\n\n\n\n<ul class=\"wp-block-list\"><li>S\u00f8rg for at elevene er ved arrangementsstedet 15 min f\u00f8r forestilling. Det tar tid \u00e5 telle opp og plassere elevene.<br><\/li><li>V\u00e6r behjelpelig med \u00e5 f\u00e5 alle p\u00e5 plass, man skal alltid fylle opp amfier og seter forfra. Elevene plasseres tettest mulig p\u00e5 scenen.<br><\/li><li>Skolen m\u00e5 ha kontroll p\u00e5 elevene ift. evt. forstyrrelser under forestillingen. L\u00e6rere b\u00f8r sitte blant elevene.&nbsp;<br><\/li><li>Det er skolens ansvar \u00e5 p\u00e5se at elevene rydder etter seg.<br><\/li><li>V\u00e6r som alltid et godt publikum, og kos dere! <\/li><\/ul>\n\n\n\n<p><\/p>\n","protected":false},"excerpt":{"rendered":"<p>Vi benytter ofte kulturhus eller andre lokaler utenfor skolen til DKS. Her er en liten huskeliste: S\u00f8rg for at elevene er ved arrangementsstedet 15 min f\u00f8r forestilling. Det tar tid \u00e5 telle opp og plassere elevene. V\u00e6r behjelpelig med \u00e5 f\u00e5 alle p\u00e5 plass, man skal alltid fylle opp amfier og seter forfra. Elevene plasseres [&hellip;]<\/p>\n","protected":false},"author":6,"featured_media":0,"parent":0,"menu_order":0,"comment_status":"closed","ping_status":"closed","template":"","meta":{"footnotes":""},"class_list":["post-916","page","type-page","status-publish","hentry"],"_links":{"self":[{"href":"https:\/\/www.denkulturelleskolesekken.no\/vestfold\/wp-json\/wp\/v2\/pages\/916","targetHints":{"allow":["GET"]}}],"collection":[{"href":"https:\/\/www.denkulturelleskolesekken.no\/vestfold\/wp-json\/wp\/v2\/pages"}],"about":[{"href":"https:\/\/www.denkulturelleskolesekken.no\/vestfold\/wp-json\/wp\/v2\/types\/page"}],"author":[{"embeddable":true,"href":"https:\/\/www.denkulturelleskolesekken.no\/vestfold\/wp-json\/wp\/v2\/users\/6"}],"replies":[{"embeddable":true,"href":"https:\/\/www.denkulturelleskolesekken.no\/vestfold\/wp-json\/wp\/v2\/comments?post=916"}],"version-history":[{"count":14,"href":"https:\/\/www.denkulturelleskolesekken.no\/vestfold\/wp-json\/wp\/v2\/pages\/916\/revisions"}],"predecessor-version":[{"id":2608,"href":"https:\/\/www.denkulturelleskolesekken.no\/vestfold\/wp-json\/wp\/v2\/pages\/916\/revisions\/2608"}],"wp:attachment":[{"href":"https:\/\/www.denkulturelleskolesekken.no\/vestfold\/wp-json\/wp\/v2\/media?parent=916"}],"curies":[{"name":"wp","href":"https:\/\/api.w.org\/{rel}","templated":true}]}}