{"id":910,"date":"2020-04-30T10:16:51","date_gmt":"2020-04-30T10:16:51","guid":{"rendered":"https:\/\/wordpress.kulturtanken.app\/vestfoldogtelemark\/?page_id=910"},"modified":"2024-08-07T09:08:32","modified_gmt":"2024-08-07T09:08:32","slug":"bussing-av-elever-vgs","status":"publish","type":"page","link":"https:\/\/www.denkulturelleskolesekken.no\/vestfold\/er-du-laerer\/bussing-av-elever-vgs\/","title":{"rendered":"Bussing av elever (vgs)"},"content":{"rendered":"\n<h1 class=\"has-text-color wp-block-heading\" style=\"color:#90bc7f\"><\/h1>\n\n\n\n<p class=\"has-text-align-center has-pale-cyan-blue-background-color has-background has-medium-font-size\"><strong>DKS Vestfold betaler!<\/strong><\/p>\n\n\n\n<p class=\"has-medium-font-size\"><br>DKS legger noen ganger opp til at elevene f\u00e5r oppleve DKS-tilbud andre steder enn p\u00e5 egen skole. Dersom skolen har gangavstand eller sykkelavstand s\u00e5 oppfordrer vi til at DKS kombineres med slik fysisk aktivitet. Hvis ikke, s\u00e5 kan skolen bestille buss etter avtale med oss.<\/p>\n\n\n\n<h2 class=\"wp-block-heading\">Fakturering<\/h2>\n\n\n\n<p class=\"has-medium-font-size\">Felles for alle er at faktura sendes fylkeskommunen. Be transport\u00f8r (busselskap, maxitaxi etc.) om \u00e5 sende EHF-faktura direkte til DKS Vestfold. <\/p>\n\n\n\n<p class=\"has-pale-cyan-blue-background-color has-background has-medium-font-size\">Fakturaer adresseres til:&nbsp;Vestfold fylkeskommune, Pb. 1213 Trudvang og m\u00e5 sendes i EHF-format (org.nr. 821 227 062).<br><br>Fakturaen merkes med&nbsp;6302 og navn p\u00e5 din DKS-kontakt i fylkeskommunen<em>.<\/em><br><br>Les mer om fakturering <a href=\"https:\/\/www.denkulturelleskolesekken.no\/vestfold\/er-du-utover\/\">her<\/a>.<\/p>\n\n\n\n<p><br><br><\/p>\n\n\n\n<figure class=\"wp-block-image size-full\"><img loading=\"lazy\" decoding=\"async\" width=\"4115\" height=\"2809\" src=\"https:\/\/cdn.denkulturelleskolesekken.no\/vestfoldogtelemark\/2020\/04\/385849e4-mfm2016_larsopstad_708.jpg\" alt=\"Sara Kolstad st\u00e5r p\u00e5 scenen, holder mikrofon og hopper. Sammen med henne st\u00e5r barn som smiler, hopper og danser. \" class=\"wp-image-949\"\/><figcaption>Sandra Kolstad holder konsert p\u00e5 Marked for Musikk i 2016. <br>Foto: Lars Opstad<\/figcaption><\/figure>\n","protected":false},"excerpt":{"rendered":"<p>DKS Vestfold betaler! DKS legger noen ganger opp til at elevene f\u00e5r oppleve DKS-tilbud andre steder enn p\u00e5 egen skole. Dersom skolen har gangavstand eller sykkelavstand s\u00e5 oppfordrer vi til at DKS kombineres med slik fysisk aktivitet. Hvis ikke, s\u00e5 kan skolen bestille buss etter avtale med oss. Fakturering Felles for alle er at faktura [&hellip;]<\/p>\n","protected":false},"author":6,"featured_media":965,"parent":125,"menu_order":0,"comment_status":"closed","ping_status":"closed","template":"","meta":{"footnotes":""},"class_list":["post-910","page","type-page","status-publish","has-post-thumbnail","hentry"],"_links":{"self":[{"href":"https:\/\/www.denkulturelleskolesekken.no\/vestfold\/wp-json\/wp\/v2\/pages\/910","targetHints":{"allow":["GET"]}}],"collection":[{"href":"https:\/\/www.denkulturelleskolesekken.no\/vestfold\/wp-json\/wp\/v2\/pages"}],"about":[{"href":"https:\/\/www.denkulturelleskolesekken.no\/vestfold\/wp-json\/wp\/v2\/types\/page"}],"author":[{"embeddable":true,"href":"https:\/\/www.denkulturelleskolesekken.no\/vestfold\/wp-json\/wp\/v2\/users\/6"}],"replies":[{"embeddable":true,"href":"https:\/\/www.denkulturelleskolesekken.no\/vestfold\/wp-json\/wp\/v2\/comments?post=910"}],"version-history":[{"count":18,"href":"https:\/\/www.denkulturelleskolesekken.no\/vestfold\/wp-json\/wp\/v2\/pages\/910\/revisions"}],"predecessor-version":[{"id":2609,"href":"https:\/\/www.denkulturelleskolesekken.no\/vestfold\/wp-json\/wp\/v2\/pages\/910\/revisions\/2609"}],"up":[{"embeddable":true,"href":"https:\/\/www.denkulturelleskolesekken.no\/vestfold\/wp-json\/wp\/v2\/pages\/125"}],"wp:featuredmedia":[{"embeddable":true,"href":"https:\/\/www.denkulturelleskolesekken.no\/vestfold\/wp-json\/wp\/v2\/media\/965"}],"wp:attachment":[{"href":"https:\/\/www.denkulturelleskolesekken.no\/vestfold\/wp-json\/wp\/v2\/media?parent=910"}],"curies":[{"name":"wp","href":"https:\/\/api.w.org\/{rel}","templated":true}]}}