{"id":849,"date":"2020-04-30T08:16:19","date_gmt":"2020-04-30T08:16:19","guid":{"rendered":"https:\/\/wordpress.kulturtanken.app\/vestfoldogtelemark\/?page_id=849"},"modified":"2024-08-07T08:51:08","modified_gmt":"2024-08-07T08:51:08","slug":"evaluering","status":"publish","type":"page","link":"https:\/\/www.denkulturelleskolesekken.no\/vestfold\/er-du-kulturkontakt\/evaluering\/","title":{"rendered":"Evaluering av arrangementer"},"content":{"rendered":"\n<h1 class=\"has-black-color has-text-color wp-block-heading\"><\/h1>\n\n\n\n<p> <br><br>Tilbakemelding fra kulturkontakter, l\u00e6rere og elever er viktig for oss i Den kulturelle skolesekken. Etter hvert kulturarrangement blir det sendt ut en brukerunders\u00f8kelse til kulturkontakten. Kulturkontakten kan videresende linken til sp\u00f8rreskjemaet til l\u00e6rere og andre som var tilstede under arrangementet. Det er en enkel unders\u00f8kelse som det ikke tar lang tid \u00e5 besvare. N\u00e5r du svarer husk at svarene du gir skal kunne publiseres offentlig. <br>Deres tilbakemeldinger er viktige for fornying og utvikling b\u00e5de for oss i fylkeskommunen, men ogs\u00e5 for ut\u00f8verne. <\/p>\n","protected":false},"excerpt":{"rendered":"<p>Tilbakemelding fra kulturkontakter, l\u00e6rere og elever er viktig for oss i Den kulturelle skolesekken. Etter hvert kulturarrangement blir det sendt ut en brukerunders\u00f8kelse til kulturkontakten. Kulturkontakten kan videresende linken til sp\u00f8rreskjemaet til l\u00e6rere og andre som var tilstede under arrangementet. Det er en enkel unders\u00f8kelse som det ikke tar lang tid \u00e5 besvare. N\u00e5r du [&hellip;]<\/p>\n","protected":false},"author":6,"featured_media":0,"parent":25,"menu_order":3,"comment_status":"closed","ping_status":"closed","template":"","meta":{"footnotes":""},"class_list":["post-849","page","type-page","status-publish","hentry"],"_links":{"self":[{"href":"https:\/\/www.denkulturelleskolesekken.no\/vestfold\/wp-json\/wp\/v2\/pages\/849","targetHints":{"allow":["GET"]}}],"collection":[{"href":"https:\/\/www.denkulturelleskolesekken.no\/vestfold\/wp-json\/wp\/v2\/pages"}],"about":[{"href":"https:\/\/www.denkulturelleskolesekken.no\/vestfold\/wp-json\/wp\/v2\/types\/page"}],"author":[{"embeddable":true,"href":"https:\/\/www.denkulturelleskolesekken.no\/vestfold\/wp-json\/wp\/v2\/users\/6"}],"replies":[{"embeddable":true,"href":"https:\/\/www.denkulturelleskolesekken.no\/vestfold\/wp-json\/wp\/v2\/comments?post=849"}],"version-history":[{"count":15,"href":"https:\/\/www.denkulturelleskolesekken.no\/vestfold\/wp-json\/wp\/v2\/pages\/849\/revisions"}],"predecessor-version":[{"id":2595,"href":"https:\/\/www.denkulturelleskolesekken.no\/vestfold\/wp-json\/wp\/v2\/pages\/849\/revisions\/2595"}],"up":[{"embeddable":true,"href":"https:\/\/www.denkulturelleskolesekken.no\/vestfold\/wp-json\/wp\/v2\/pages\/25"}],"wp:attachment":[{"href":"https:\/\/www.denkulturelleskolesekken.no\/vestfold\/wp-json\/wp\/v2\/media?parent=849"}],"curies":[{"name":"wp","href":"https:\/\/api.w.org\/{rel}","templated":true}]}}