{"id":833,"date":"2020-04-30T07:25:22","date_gmt":"2020-04-30T07:25:22","guid":{"rendered":"https:\/\/wordpress.kulturtanken.app\/vestfoldogtelemark\/?page_id=833"},"modified":"2024-08-08T10:52:12","modified_gmt":"2024-08-08T10:52:12","slug":"bussing-av-elever","status":"publish","type":"page","link":"https:\/\/www.denkulturelleskolesekken.no\/vestfold\/for-kommuner-grunnskoler\/bussing-av-elever\/","title":{"rendered":"Bussing av elever (grunnskole)"},"content":{"rendered":"\n<h1 class=\"has-text-color has-x-large-font-size wp-block-heading\" style=\"color:#90bc7f\"><\/h1>\n\n\n\n<p class=\"has-medium-font-size\">Noen kulturopplevelser foreg\u00e5r utenfor skolens egne lokaler, og elevene trenger buss. <br>Det kan v\u00e6re et bes\u00f8k til en kulturinstitusjon (f.eks. et kulturhus) eller en annen skole.  Dersom skolen har gangavstand eller sykkelavstand til arenaen s\u00e5 oppfordrer vi til at Den kulturelle skolesekken kombineres med slik fysisk aktivitet.<\/p>\n\n\n\n<p class=\"has-medium-font-size\">Kommunekontakt gj\u00f8r en vurdering og bestiller buss til de skoler som skal busses.<\/p>\n\n\n\n<h2 class=\"wp-block-heading\"><\/h2>\n","protected":false},"excerpt":{"rendered":"<p>Noen kulturopplevelser foreg\u00e5r utenfor skolens egne lokaler, og elevene trenger buss. Det kan v\u00e6re et bes\u00f8k til en kulturinstitusjon (f.eks. et kulturhus) eller en annen skole. Dersom skolen har gangavstand eller sykkelavstand til arenaen s\u00e5 oppfordrer vi til at Den kulturelle skolesekken kombineres med slik fysisk aktivitet. Kommunekontakt gj\u00f8r en vurdering og bestiller buss til [&hellip;]<\/p>\n","protected":false},"author":6,"featured_media":965,"parent":752,"menu_order":3,"comment_status":"closed","ping_status":"closed","template":"","meta":{"footnotes":""},"class_list":["post-833","page","type-page","status-publish","has-post-thumbnail","hentry"],"_links":{"self":[{"href":"https:\/\/www.denkulturelleskolesekken.no\/vestfold\/wp-json\/wp\/v2\/pages\/833","targetHints":{"allow":["GET"]}}],"collection":[{"href":"https:\/\/www.denkulturelleskolesekken.no\/vestfold\/wp-json\/wp\/v2\/pages"}],"about":[{"href":"https:\/\/www.denkulturelleskolesekken.no\/vestfold\/wp-json\/wp\/v2\/types\/page"}],"author":[{"embeddable":true,"href":"https:\/\/www.denkulturelleskolesekken.no\/vestfold\/wp-json\/wp\/v2\/users\/6"}],"replies":[{"embeddable":true,"href":"https:\/\/www.denkulturelleskolesekken.no\/vestfold\/wp-json\/wp\/v2\/comments?post=833"}],"version-history":[{"count":30,"href":"https:\/\/www.denkulturelleskolesekken.no\/vestfold\/wp-json\/wp\/v2\/pages\/833\/revisions"}],"predecessor-version":[{"id":2615,"href":"https:\/\/www.denkulturelleskolesekken.no\/vestfold\/wp-json\/wp\/v2\/pages\/833\/revisions\/2615"}],"up":[{"embeddable":true,"href":"https:\/\/www.denkulturelleskolesekken.no\/vestfold\/wp-json\/wp\/v2\/pages\/752"}],"wp:featuredmedia":[{"embeddable":true,"href":"https:\/\/www.denkulturelleskolesekken.no\/vestfold\/wp-json\/wp\/v2\/media\/965"}],"wp:attachment":[{"href":"https:\/\/www.denkulturelleskolesekken.no\/vestfold\/wp-json\/wp\/v2\/media?parent=833"}],"curies":[{"name":"wp","href":"https:\/\/api.w.org\/{rel}","templated":true}]}}