{"id":819,"date":"2020-04-30T07:09:17","date_gmt":"2020-04-30T07:09:17","guid":{"rendered":"https:\/\/wordpress.kulturtanken.app\/vestfoldogtelemark\/?page_id=819"},"modified":"2024-12-16T12:06:44","modified_gmt":"2024-12-16T12:06:44","slug":"kulturkontaktens-rolle","status":"publish","type":"page","link":"https:\/\/www.denkulturelleskolesekken.no\/vestfold\/kulturkontaktens-rolle\/","title":{"rendered":"Kulturkontakten"},"content":{"rendered":"\n<div class=\"wp-block-group\"><div class=\"wp-block-group__inner-container is-layout-flow wp-block-group-is-layout-flow\"><\/div><\/div>\n\n\n\n<p class=\"has-medium-font-size\">Kulturkontakten er bindeleddet mellom skolen, ut\u00f8verne og DKS. Kulturkontakten er gjerne l\u00e6rer, skoleleder eller skolebibliotekar. Kulturkontakten skal legge til rette for at\u202felevene f\u00e5r gode\u202fDKS-opplevelser og s\u00f8rger for god informasjonsflyt p\u00e5 skolen. Gode forberedelser fra l\u00e6rerne er en forutsetning for at elevenes opplevelse skal bli s\u00e5 god som mulig.&nbsp;<br>Ler mer p\u00e5 denne<a href=\"https:\/\/dkskommer.no\/for-kulturkontakter\/\"> ressurssiden&nbsp;<\/a><\/p>\n\n\n\n<p class=\"has-medium-font-size\">Vi anbefaler alle skoler \u00e5 ha kulturverter som jobber i team med kulturkontakten. Les mer om kulturvertordningen&nbsp;<a href=\"https:\/\/www.denkulturelleskolesekken.no\/vestfold\/for-unge-arrangorer\/kulturverter-vestfold\/\">her.<\/a><\/p>\n\n\n\n<h3 class=\"wp-block-heading\">Noen av arbeidsoppgavene er \u00e5:<\/h3>\n\n\n\n<ul class=\"has-medium-font-size wp-block-list\"><li>bli kjent med skolens DKS-program p\u00e5 denne nettsiden<\/li><li>s\u00f8rge for at elever og l\u00e6rere er informert i forkant av hvert DKS-arrangement&nbsp;<\/li><li>sammen med kulturvertene skape begeistring for DKS-arrangementene<\/li><li>s\u00f8rge for n\u00f8dvendige, praktiske forberedelser til hvert DKS-arrangement\u202f&nbsp;<\/li><li>opprette kontakt med ut\u00f8verne i forkant av arrangementene\u202f\u202f&nbsp;&nbsp;<\/li><li>s\u00f8rge for at skolen er et godt vertskap under hvert DKS-arrangement&nbsp;<\/li><\/ul>\n\n\n\n<p class=\"has-medium-font-size\">Organiseringen av DKS er ulik i grunnskole og videreg\u00e5ende skole. I grunnskolene jobber kulturkontaktene tett med sin kommunekontakt. Hvis du har sp\u00f8rsm\u00e5l om skolens DKS-program, kan du ta kontrakt med din <a href=\"https:\/\/www.denkulturelleskolesekken.no\/vestfold\/for-kommuner-grunnskoler\/oversikt-kommunekoordinatorer-for-dks-i-vestfold-og-telemark\/\" data-type=\"URL\" data-id=\"https:\/\/www.denkulturelleskolesekken.no\/vestfold\/for-kommuner-grunnskoler\/oversikt-kommunekoordinatorer-for-dks-i-vestfold-og-telemark\/\">kommunekontakt <\/a> eller <a href=\"https:\/\/www.denkulturelleskolesekken.no\/vestfold\/kontakt-oss\/\">DKS-administrasjonen i fylket. <\/a><br><\/p>\n\n\n\n<div class=\"wp-block-buttons is-vertical is-layout-flex wp-container-core-buttons-is-layout-8cf370e7 wp-block-buttons-is-layout-flex\"><\/div>\n\n\n\n<h3 class=\"wp-block-heading\">Veileder for kulturkontakten<\/h3>\n\n\n\n<p class=\"has-medium-font-size\">Kulturtanken har laget en veileder for kulturkontakter med anbefalinger om kulturkontaktens praktiske oppgaver. <a href=\"https:\/\/cdn.denkulturelleskolesekken.no\/vestfold\/492bb94e-handbok-for-kulturverter_a4-2024.pdf\">Veileder for kulturkontakten <\/a> <br><br>Det er utarbeidet en film som forteller kort og presist hva DKS er. Denne er fin \u00e5 vise p\u00e5 foreldrem\u00f8te, planleggingsdager og i andre settinger der man snakker om DKS. <br><a href=\"https:\/\/www.kulturtanken.no\/ressurs\/den-kulturelle-skolesekken-video\/\">Video om DKS<\/a><\/p>\n\n\n\n<div data-wp-interactive=\"core\/file\" class=\"wp-block-file\"><object data-wp-bind--hidden=\"!state.hasPdfPreview\" hidden class=\"wp-block-file__embed\" data=\"https:\/\/cdn.denkulturelleskolesekken.no\/vestfoldogtelemark\/866c7821-kulturkontakt-veileder-1.pdf\" type=\"application\/pdf\" style=\"width:100%;height:600px\" aria-label=\"Embed of Innbygging av 866c7821-kulturkontakt-veileder-1.\"><\/object><a id=\"wp-block-file--media-831cb3b4-7ba1-4e1e-b42f-7dd9465ce390\" href=\"https:\/\/cdn.denkulturelleskolesekken.no\/vestfoldogtelemark\/866c7821-kulturkontakt-veileder-1.pdf\">866c7821-kulturkontakt-veileder-1<\/a><a href=\"https:\/\/cdn.denkulturelleskolesekken.no\/vestfoldogtelemark\/866c7821-kulturkontakt-veileder-1.pdf\" class=\"wp-block-file__button\" download aria-describedby=\"wp-block-file--media-831cb3b4-7ba1-4e1e-b42f-7dd9465ce390\">Last ned<\/a><\/div>\n","protected":false},"excerpt":{"rendered":"<p>Kulturkontakten er bindeleddet mellom skolen, ut\u00f8verne og DKS. Kulturkontakten er gjerne l\u00e6rer, skoleleder eller skolebibliotekar. Kulturkontakten skal legge til rette for at\u202felevene f\u00e5r gode\u202fDKS-opplevelser og s\u00f8rger for god informasjonsflyt p\u00e5 skolen. Gode forberedelser fra l\u00e6rerne er en forutsetning for at elevenes opplevelse skal bli s\u00e5 god som mulig.&nbsp;Ler mer p\u00e5 denne ressurssiden&nbsp; Vi anbefaler alle [&hellip;]<\/p>\n","protected":false},"author":6,"featured_media":0,"parent":0,"menu_order":1,"comment_status":"closed","ping_status":"closed","template":"","meta":{"footnotes":""},"class_list":["post-819","page","type-page","status-publish","hentry"],"_links":{"self":[{"href":"https:\/\/www.denkulturelleskolesekken.no\/vestfold\/wp-json\/wp\/v2\/pages\/819","targetHints":{"allow":["GET"]}}],"collection":[{"href":"https:\/\/www.denkulturelleskolesekken.no\/vestfold\/wp-json\/wp\/v2\/pages"}],"about":[{"href":"https:\/\/www.denkulturelleskolesekken.no\/vestfold\/wp-json\/wp\/v2\/types\/page"}],"author":[{"embeddable":true,"href":"https:\/\/www.denkulturelleskolesekken.no\/vestfold\/wp-json\/wp\/v2\/users\/6"}],"replies":[{"embeddable":true,"href":"https:\/\/www.denkulturelleskolesekken.no\/vestfold\/wp-json\/wp\/v2\/comments?post=819"}],"version-history":[{"count":26,"href":"https:\/\/www.denkulturelleskolesekken.no\/vestfold\/wp-json\/wp\/v2\/pages\/819\/revisions"}],"predecessor-version":[{"id":2841,"href":"https:\/\/www.denkulturelleskolesekken.no\/vestfold\/wp-json\/wp\/v2\/pages\/819\/revisions\/2841"}],"wp:attachment":[{"href":"https:\/\/www.denkulturelleskolesekken.no\/vestfold\/wp-json\/wp\/v2\/media?parent=819"}],"curies":[{"name":"wp","href":"https:\/\/api.w.org\/{rel}","templated":true}]}}