{"id":815,"date":"2020-04-30T06:59:25","date_gmt":"2020-04-30T06:59:25","guid":{"rendered":"https:\/\/wordpress.kulturtanken.app\/vestfoldogtelemark\/?page_id=815"},"modified":"2024-12-16T12:07:55","modified_gmt":"2024-12-16T12:07:55","slug":"for-laerere","status":"publish","type":"page","link":"https:\/\/www.denkulturelleskolesekken.no\/vestfold\/er-du-kulturkontakt\/for-laerere\/","title":{"rendered":"For l\u00e6rere"},"content":{"rendered":"\n<h3 class=\"wp-block-heading\">Ny ressursside for alle i skolen<\/h3>\n\n\n\n<p class=\"has-medium-font-size\"> Sjekk ut <a href=\"https:\/\/dkskommer.no\/\">dkskommer.no<\/a>, v\u00e5r digitale brosjyre for l\u00e6rere, kulturkontakter og skoleledere.&nbsp;<\/p>\n\n\n\n<p class=\"has-medium-font-size\">Her finner du tips, verkt\u00f8y og inspirasjonsartikler som kan hjelpe elevene og skolen med \u00e5 f\u00e5 mest mulig ut av bes\u00f8k fra Den kulturelle skolesekken (DKS).<\/p>\n\n\n\n<h3 class=\"wp-block-heading\">God forberedelse er n\u00f8kkelen til suksess! <\/h3>\n\n\n\n<p class=\"has-medium-font-size\">L\u00e6rerne er uvurderlige for at et bes\u00f8k fra Den kulturelle skolesekken skal v\u00e6re vellykket. I m\u00f8te med kunst og kultur er l\u00e6rerne viktige rollemodeller for elevene. Hvordan l\u00e6reren oppf\u00f8rer seg f\u00f8r, under og etter et arrangement kan v\u00e6re med p\u00e5 \u00e5 legge til rette for gode kunst- og kulturopplevelser for elevene. Gjennom \u00e5 forberede og informere elevene kan dere sammen skape en positiv forventning til den opplevelsene dere skal dele med hverandre.<\/p>\n\n\n\n<h3 class=\"wp-block-heading\">Ansvar og arbeidsoppgaver<\/h3>\n\n\n\n<p class=\"has-medium-font-size\">Det er flere p\u00e5 skolen som deler ansvaret for at DKS-programmet skal bli vellykket for elevene. Her har vi samlet en oversikt over hvilket ansvar og hvilke arbeidsoppgaver som er anbefalt for l\u00e6rere. Du kan ogs\u00e5 finne en fin veileder for kulturkontakten p\u00e5 <a href=\"https:\/\/www.kulturtanken.no\/veileder-for-kulturkontakten\/?fbclid=IwAR1kqOM4vMjRPXlNIKQ-cSnFds31BR-ndVAZv-GevMZNS1c71W3cS2aiMDU\">Kulturtankens hjemmeside<\/a>.<\/p>\n\n\n\n<ul class=\"has-medium-font-size wp-block-list\"><li>Vi oppfordrer alle skoler til \u00e5 ha kulturverter (unge arrang\u00f8rer). Delta p\u00e5 kulturvertkurs hvis dere f\u00e5r tilbud om det, og bruk elevene til \u00e5 skape engasjement og en god ramme rundt DKS p\u00e5 din skole! Les mer om <a href=\"https:\/\/www.denkulturelleskolesekken.no\/vestfold\/for-unge-arrangorer\/kulturverter-vestfold\/\">kulturvertordningen her. <\/a><\/li><li>Informer og forbered elevene i forkant av hvert DKS-arrangement. Forskning viser at god informasjon og forventninger maksimerer opplevelsene:)<\/li><li>Knytt gjerne DKS-opplevelsen til oppl\u00e6ringen der det er relevant<\/li><li>Til noen DKS-opplevelser er det utarbeidet informasjonsmateriell og l\u00e6rerressurser. Ta gjerne dette i bruk <\/li><li>Delta p\u00e5 DKS-arrangement sammen med elevene! L\u00e6reren er en viktig rollemodell for elevene i deres m\u00f8te med kunst og kultur. <\/li><li>Sett av tid i klassen til refleksjon og fyller ut tilbakemeldingsskjema <\/li><\/ul>\n","protected":false},"excerpt":{"rendered":"<p>Ny ressursside for alle i skolen Sjekk ut dkskommer.no, v\u00e5r digitale brosjyre for l\u00e6rere, kulturkontakter og skoleledere.&nbsp; Her finner du tips, verkt\u00f8y og inspirasjonsartikler som kan hjelpe elevene og skolen med \u00e5 f\u00e5 mest mulig ut av bes\u00f8k fra Den kulturelle skolesekken (DKS). God forberedelse er n\u00f8kkelen til suksess! L\u00e6rerne er uvurderlige for at et [&hellip;]<\/p>\n","protected":false},"author":6,"featured_media":0,"parent":25,"menu_order":1,"comment_status":"closed","ping_status":"closed","template":"","meta":{"footnotes":""},"class_list":["post-815","page","type-page","status-publish","hentry"],"_links":{"self":[{"href":"https:\/\/www.denkulturelleskolesekken.no\/vestfold\/wp-json\/wp\/v2\/pages\/815","targetHints":{"allow":["GET"]}}],"collection":[{"href":"https:\/\/www.denkulturelleskolesekken.no\/vestfold\/wp-json\/wp\/v2\/pages"}],"about":[{"href":"https:\/\/www.denkulturelleskolesekken.no\/vestfold\/wp-json\/wp\/v2\/types\/page"}],"author":[{"embeddable":true,"href":"https:\/\/www.denkulturelleskolesekken.no\/vestfold\/wp-json\/wp\/v2\/users\/6"}],"replies":[{"embeddable":true,"href":"https:\/\/www.denkulturelleskolesekken.no\/vestfold\/wp-json\/wp\/v2\/comments?post=815"}],"version-history":[{"count":26,"href":"https:\/\/www.denkulturelleskolesekken.no\/vestfold\/wp-json\/wp\/v2\/pages\/815\/revisions"}],"predecessor-version":[{"id":2822,"href":"https:\/\/www.denkulturelleskolesekken.no\/vestfold\/wp-json\/wp\/v2\/pages\/815\/revisions\/2822"}],"up":[{"embeddable":true,"href":"https:\/\/www.denkulturelleskolesekken.no\/vestfold\/wp-json\/wp\/v2\/pages\/25"}],"wp:attachment":[{"href":"https:\/\/www.denkulturelleskolesekken.no\/vestfold\/wp-json\/wp\/v2\/media?parent=815"}],"curies":[{"name":"wp","href":"https:\/\/api.w.org\/{rel}","templated":true}]}}