{"id":800,"date":"2020-04-30T06:37:58","date_gmt":"2020-04-30T06:37:58","guid":{"rendered":"https:\/\/wordpress.kulturtanken.app\/vestfoldogtelemark\/?page_id=800"},"modified":"2025-04-03T08:07:44","modified_gmt":"2025-04-03T08:07:44","slug":"kulturverter-vestfold","status":"publish","type":"page","link":"https:\/\/www.denkulturelleskolesekken.no\/vestfold\/for-unge-arrangorer\/kulturverter-vestfold\/","title":{"rendered":"Kulturverter"},"content":{"rendered":"\n<h1 class=\"wp-block-heading has-text-color\" style=\"color:#90bc7f\"><\/h1>\n\n\n\n<p class=\"has-black-color has-text-color has-medium-font-size\">Det er flere p\u00e5 skolen som deler ansvaret for at et DKS-arrangement skal bli vellykket. N\u00e5r du er kulturvert betyr det at du er av dem som har dette ansvaret, sammen med kulturkontakten, l\u00e6reren din og rektor. Det er kulturkontakten som f\u00f8lger opp ordningen med kulturverter.<\/p>\n\n\n\n<p class=\"has-black-color has-text-color has-medium-font-size\"><a href=\"https:\/\/www.kulturtanken.no\/aktuelt\/2025\/du-far-vaere-med-og-bestemme-og-gratis-mat\/\" data-type=\"link\" data-id=\"https:\/\/www.kulturtanken.no\/aktuelt\/2025\/du-far-vaere-med-og-bestemme-og-gratis-mat\/\">Kulturvertene ved F\u00e6rder videreg\u00e5ende skole har gode erfaringer og f\u00e5r mulighet til \u00e5 p\u00e5virke skolens kunst- og kulturtilbud.<\/a><br><br>Vi oppfordrer alle skolene om \u00e5 ha kulturverter, av flere grunner:<\/p>\n\n\n\n<ul class=\"wp-block-list has-medium-font-size\">\n<li>Artister og ut\u00f8vere i DKS forteller oss at de f\u00f8ler seg velkommen og ivaretatt p\u00e5 skoler med kulturverter. <\/li>\n\n\n\n<li>\u00c5 v\u00e6re kulturvert gir elevene en mulighet til \u00e5 l\u00e6re \u00e5 bli gode kulturarrang\u00f8rer. Gjennom kulturell kompetanse og mestring kan eleven for \u00f8kt kulturforst\u00e5else og interesse for det som skjer b\u00e5de p\u00e5 og bak scenen.<\/li>\n\n\n\n<li>Kulturvertene hjelper kulturkontakten p\u00e5 skolen \u00e5 tilrettelegge for gode kulturarrangementer. <\/li>\n\n\n\n<li>N\u00e5r elevene selv medvirker i gjennomf\u00f8ringen av et arrangement vil det skape eierskap og engasjementet. Dette smitter p\u00e5 medelevene og kan bidra til en bedre DKS-opplevelse for alle. <\/li>\n<\/ul>\n\n\n\n<p><\/p>\n\n\n\n<h2 class=\"wp-block-heading\">Arbeidsoppgaver og kulturvertkurs <\/h2>\n\n\n\n<p class=\"has-medium-font-size\">Det er kulturkontakten som skal s\u00f8rge for at n\u00f8dvendige oppgaver blir gjennomf\u00f8rt og at kulturvertene er godt forberedt. For kulturvertene i grunnskolen har vi utarbeidet en h\u00e5ndbok for kulturverter. Vi anbefaler dere \u00e5 printe og dele den ut til kulturvertene, og bruke den som en huskeliste n\u00e5r dere planlegger DKS-bes\u00f8k p\u00e5 skolen. Dere finner <a href=\"https:\/\/cdn.denkulturelleskolesekken.no\/vestfold\/a5093f5f-handbok-for-kulturverter_2024.pdf\">H\u00e5ndbok for kulturverter<\/a> her.<br><br>DKS Vestfold arrangerer kulturvertkurs for ungdomsskole og videreg\u00e5ende. Kulturvertkursene for barneskole arrangeres av kommunen. P\u00e5 kulturvertkurset l\u00e6rer du om hva du skal gj\u00f8re n\u00e5r du er med \u00e5 arrangere en kulturopplevelse p\u00e5 skolen din. Det er en morsom dag der du treffer elever fra andre skoler, og sammen f\u00e5r dere oppl\u00e6ring i det \u00e5 v\u00e6re arrang\u00f8r, konferansier, markedsf\u00f8ring og masse annet g\u00f8y! <br><\/p>\n\n\n\n<h3 class=\"wp-block-heading\">Noen eksempler p\u00e5 oppgaver kulturvertene kan gj\u00f8re&nbsp;<\/h3>\n\n\n\n<p class=\"has-medium-font-size\"><strong>Markedsf\u00f8ring:<\/strong>&nbsp;Kulturvertene kan informere om DKS-arrangementet i klassene\u202fsom skal delta. Heng gjerne opp plakater og publiser informasjon p\u00e5 skolens informasjonsskjermer og intranett. Noen skoler lager noe godt p\u00e5 Mat og helse som deles ut i forbindelse med DKS-bes\u00f8ket. Det er bare fantasien som stopper dere! <\/p>\n\n\n\n<p class=\"has-medium-font-size\"><strong>Vertskap for ut\u00f8vere<\/strong>: Kulturvertene tar i mot ut\u00f8verne, hjelper de \u00e5 b\u00e6re, og viser de hvor de skal spille, tilbyr kaffe og kanskje noe annet godt. Det aller viktigste er at ut\u00f8verne f\u00f8ler seg velkommen til skolen! &nbsp;&nbsp;<\/p>\n\n\n\n<p class=\"has-medium-font-size\"><strong>Vertskap for publikum:<\/strong>&nbsp;Kulturvertene tar imot publikum i d\u00f8ra, \u00f8nsker velkommen og viser de ulike klassetrinnene til plassene sine. <\/p>\n\n\n\n<p class=\"has-medium-font-size\"><strong>Scenearbeider:<\/strong>&nbsp;Kulturvertene kan gj\u00f8re klar rommet der aktiviteten skal v\u00e6re. Rigge stoler, matter og det som trengs.\u202fLa ut\u00f8vere f\u00e5 tilgang til et eget rom hvor de kan forberede seg og pakke ut sitt utstyr.&nbsp;<\/p>\n\n\n\n<p class=\"has-medium-font-size\"><strong>Konferansier:<\/strong>&nbsp;Kulturvertene forbereder og \u00f8ver p\u00e5 manus, \u00f8nsker publikum og ut\u00f8verne velkommen, og takker ut\u00f8verne for opplevelsen etterp\u00e5. <\/p>\n\n\n\n<h3 class=\"wp-block-heading\"><br>Hvordan organisere arbeidet p\u00e5 skolen? <\/h3>\n\n\n\n<ul class=\"wp-block-list has-medium-font-size\">\n<li>Skolene har ulik prasis for hvordan kulturvertene velges. En mulighet er at elevene sender en s\u00f8knad der de begrunner hvorfor de vil v\u00e6re kulturverter.\u00a0\u00a0<\/li>\n\n\n\n<li>De utvalgte elevene utgj\u00f8r en kulturvertgruppe som skal samarbeide gjennom for eks. et skole\u00e5r.\u00a0Kulturkontakten l\u00e6rer opp nye kulturverter eller tidligere kulturverter kan l\u00e6re opp nye.\u00a0<\/li>\n\n\n\n<li>N\u00e5r kulturvertgruppen er etablert, fordeles de ulike arbeidsoppgavene mellom elevene i n\u00e6rt samarbeid med kulturkontakten.\u00a0Det kan v\u00e6re lurt \u00e5 samle kulturvertene f\u00f8r hvert DKS-arrangement og lage en plan. \u00a0<\/li>\n\n\n\n<li>Hver h\u00f8st arrangeres det vanligvis kulturvertkurs. Dette er et fint kurs for b\u00e5de nye og mer erfarne kulturverter.<\/li>\n<\/ul>\n\n\n\n<p class=\"has-medium-font-size\"><br><strong>Lykke til! <\/strong><\/p>\n\n\n\n<p class=\"has-medium-font-size\"> &nbsp;&nbsp;<br><\/p>\n","protected":false},"excerpt":{"rendered":"<p>Det er flere p\u00e5 skolen som deler ansvaret for at et DKS-arrangement skal bli vellykket. N\u00e5r du er kulturvert betyr det at du er av dem som har dette ansvaret, sammen med kulturkontakten, l\u00e6reren din og rektor. Det er kulturkontakten som f\u00f8lger opp ordningen med kulturverter. Kulturvertene ved F\u00e6rder videreg\u00e5ende skole har gode erfaringer og [&hellip;]<\/p>\n","protected":false},"author":6,"featured_media":2716,"parent":758,"menu_order":3,"comment_status":"closed","ping_status":"closed","template":"","meta":{"footnotes":""},"class_list":["post-800","page","type-page","status-publish","has-post-thumbnail","hentry"],"_links":{"self":[{"href":"https:\/\/www.denkulturelleskolesekken.no\/vestfold\/wp-json\/wp\/v2\/pages\/800","targetHints":{"allow":["GET"]}}],"collection":[{"href":"https:\/\/www.denkulturelleskolesekken.no\/vestfold\/wp-json\/wp\/v2\/pages"}],"about":[{"href":"https:\/\/www.denkulturelleskolesekken.no\/vestfold\/wp-json\/wp\/v2\/types\/page"}],"author":[{"embeddable":true,"href":"https:\/\/www.denkulturelleskolesekken.no\/vestfold\/wp-json\/wp\/v2\/users\/6"}],"replies":[{"embeddable":true,"href":"https:\/\/www.denkulturelleskolesekken.no\/vestfold\/wp-json\/wp\/v2\/comments?post=800"}],"version-history":[{"count":31,"href":"https:\/\/www.denkulturelleskolesekken.no\/vestfold\/wp-json\/wp\/v2\/pages\/800\/revisions"}],"predecessor-version":[{"id":2868,"href":"https:\/\/www.denkulturelleskolesekken.no\/vestfold\/wp-json\/wp\/v2\/pages\/800\/revisions\/2868"}],"up":[{"embeddable":true,"href":"https:\/\/www.denkulturelleskolesekken.no\/vestfold\/wp-json\/wp\/v2\/pages\/758"}],"wp:featuredmedia":[{"embeddable":true,"href":"https:\/\/www.denkulturelleskolesekken.no\/vestfold\/wp-json\/wp\/v2\/media\/2716"}],"wp:attachment":[{"href":"https:\/\/www.denkulturelleskolesekken.no\/vestfold\/wp-json\/wp\/v2\/media?parent=800"}],"curies":[{"name":"wp","href":"https:\/\/api.w.org\/{rel}","templated":true}]}}