{"id":771,"date":"2020-04-29T12:32:00","date_gmt":"2020-04-29T12:32:00","guid":{"rendered":"https:\/\/wordpress.kulturtanken.app\/vestfoldogtelemark\/?page_id=771"},"modified":"2024-08-07T09:02:58","modified_gmt":"2024-08-07T09:02:58","slug":"skal-dere-pa-kulturhus-eller-annet-lokale-utenfor-skolen","status":"publish","type":"page","link":"https:\/\/www.denkulturelleskolesekken.no\/vestfold\/for-kommuner-grunnskoler\/skal-dere-pa-kulturhus-eller-annet-lokale-utenfor-skolen\/","title":{"rendered":"Arrangement utenfor skolen"},"content":{"rendered":"\n<h1 class=\"has-text-color has-x-large-font-size wp-block-heading\" style=\"color:#90bc7f\"><\/h1>\n\n\n\n<p class=\"has-medium-font-size\">Noen ganger f\u00e5r elevene oppleve Den kulturelle skolesekken utenfor egen skole. Det kan v\u00e6re et bes\u00f8k til en kulturinstitusjon eller en annen skole.&nbsp;Dersom dere skal ut for \u00e5 delta p\u00e5 et arrangement er det lurt \u00e5 tenke p\u00e5 f\u00f8lgende:<\/p>\n\n\n\n<h2 class=\"wp-block-heading\">Huskeliste ved arrangementer utenfor skolen:<\/h2>\n\n\n\n<p class=\"has-pale-cyan-blue-background-color has-background has-medium-font-size\">\u2022 Dersom elevene trenger buss, bestiller kommunekontakter buss. <br><br>\u2022 S\u00f8rg for at elevene ankommer spillested ca 15 min f\u00f8r forestilling. Husk at det tar tid \u00e5 telle opp og plassere elevene.<br><br>\u2022 Ta kontakt med vertskapet p\u00e5 huset og avtal innslipp og plassering i rom\/sal. V\u00e6r behjelpelig med \u00e5 f\u00e5 alle p\u00e5 plass, man skal alltid fylle opp amfier og seter forfra. Elevene skal tettest mulig p\u00e5 scenen.<br><br>\u2022 Skolen m\u00e5 ha kontroll p\u00e5 elevene med tanke p\u00e5 eventuelle forstyrrelser under forestillingen. L\u00e6rere b\u00f8r sitte blant elevene.&nbsp;Husk at det er forskjell p\u00e5 begeistring og respons p\u00e5 det som skjer p\u00e5 scenen og forstyrrelser som tar fokus fra scenen.<br><br>\u2022 Det er skolens ansvar \u00e5 p\u00e5se at elevene rydder etter seg<\/p>\n","protected":false},"excerpt":{"rendered":"<p>Noen ganger f\u00e5r elevene oppleve Den kulturelle skolesekken utenfor egen skole. Det kan v\u00e6re et bes\u00f8k til en kulturinstitusjon eller en annen skole.&nbsp;Dersom dere skal ut for \u00e5 delta p\u00e5 et arrangement er det lurt \u00e5 tenke p\u00e5 f\u00f8lgende: Huskeliste ved arrangementer utenfor skolen: \u2022 Dersom elevene trenger buss, bestiller kommunekontakter buss. \u2022 S\u00f8rg for [&hellip;]<\/p>\n","protected":false},"author":6,"featured_media":951,"parent":752,"menu_order":4,"comment_status":"closed","ping_status":"closed","template":"","meta":{"footnotes":""},"class_list":["post-771","page","type-page","status-publish","has-post-thumbnail","hentry"],"_links":{"self":[{"href":"https:\/\/www.denkulturelleskolesekken.no\/vestfold\/wp-json\/wp\/v2\/pages\/771","targetHints":{"allow":["GET"]}}],"collection":[{"href":"https:\/\/www.denkulturelleskolesekken.no\/vestfold\/wp-json\/wp\/v2\/pages"}],"about":[{"href":"https:\/\/www.denkulturelleskolesekken.no\/vestfold\/wp-json\/wp\/v2\/types\/page"}],"author":[{"embeddable":true,"href":"https:\/\/www.denkulturelleskolesekken.no\/vestfold\/wp-json\/wp\/v2\/users\/6"}],"replies":[{"embeddable":true,"href":"https:\/\/www.denkulturelleskolesekken.no\/vestfold\/wp-json\/wp\/v2\/comments?post=771"}],"version-history":[{"count":17,"href":"https:\/\/www.denkulturelleskolesekken.no\/vestfold\/wp-json\/wp\/v2\/pages\/771\/revisions"}],"predecessor-version":[{"id":2603,"href":"https:\/\/www.denkulturelleskolesekken.no\/vestfold\/wp-json\/wp\/v2\/pages\/771\/revisions\/2603"}],"up":[{"embeddable":true,"href":"https:\/\/www.denkulturelleskolesekken.no\/vestfold\/wp-json\/wp\/v2\/pages\/752"}],"wp:featuredmedia":[{"embeddable":true,"href":"https:\/\/www.denkulturelleskolesekken.no\/vestfold\/wp-json\/wp\/v2\/media\/951"}],"wp:attachment":[{"href":"https:\/\/www.denkulturelleskolesekken.no\/vestfold\/wp-json\/wp\/v2\/media?parent=771"}],"curies":[{"name":"wp","href":"https:\/\/api.w.org\/{rel}","templated":true}]}}