{"id":764,"date":"2020-04-29T12:27:57","date_gmt":"2020-04-29T12:27:57","guid":{"rendered":"https:\/\/wordpress.kulturtanken.app\/vestfoldogtelemark\/?page_id=764"},"modified":"2024-08-07T09:01:59","modified_gmt":"2024-08-07T09:01:59","slug":"honorarsatser-i-dks","status":"publish","type":"page","link":"https:\/\/www.denkulturelleskolesekken.no\/vestfold\/for-kommuner-grunnskoler\/honorarsatser-i-dks\/","title":{"rendered":"Honorarsatser"},"content":{"rendered":"\n<h1 class=\"has-text-color has-x-large-font-size wp-block-heading\" style=\"color:#90bc7f\"><\/h1>\n\n\n\n<p class=\"has-medium-font-size\">Kunstnere som utf\u00f8rer arbeid i Den kulturelle skolesekken skal betales i tr\u00e5d med bransjestandard, og rettighetshaveres interesser skal ivaretas i henhold til \u00c5ndsverkloven. Kulturtanken viser til&nbsp;<a rel=\"noreferrer noopener\" href=\"https:\/\/creokultur.no\/nyheter\/endrede-honorarsatser-i-den-kulturelle-skolesekken\/\" target=\"_blank\">rammeavtale mellom Kommunenes Sentralforbund (KS) og Creo \u2013 forbundet for kunst og kultur (tidligere MFO).<\/a>&nbsp;Det forutsettes at fakturerende kunstnere som utf\u00f8rer arbeid i DKS skal betales i tr\u00e5d med rammeavtalen mellom KS og Creo.<\/p>\n","protected":false},"excerpt":{"rendered":"<p>Kunstnere som utf\u00f8rer arbeid i Den kulturelle skolesekken skal betales i tr\u00e5d med bransjestandard, og rettighetshaveres interesser skal ivaretas i henhold til \u00c5ndsverkloven. Kulturtanken viser til&nbsp;rammeavtale mellom Kommunenes Sentralforbund (KS) og Creo \u2013 forbundet for kunst og kultur (tidligere MFO).&nbsp;Det forutsettes at fakturerende kunstnere som utf\u00f8rer arbeid i DKS skal betales i tr\u00e5d med rammeavtalen [&hellip;]<\/p>\n","protected":false},"author":6,"featured_media":0,"parent":752,"menu_order":2,"comment_status":"closed","ping_status":"closed","template":"","meta":{"footnotes":""},"class_list":["post-764","page","type-page","status-publish","hentry"],"_links":{"self":[{"href":"https:\/\/www.denkulturelleskolesekken.no\/vestfold\/wp-json\/wp\/v2\/pages\/764","targetHints":{"allow":["GET"]}}],"collection":[{"href":"https:\/\/www.denkulturelleskolesekken.no\/vestfold\/wp-json\/wp\/v2\/pages"}],"about":[{"href":"https:\/\/www.denkulturelleskolesekken.no\/vestfold\/wp-json\/wp\/v2\/types\/page"}],"author":[{"embeddable":true,"href":"https:\/\/www.denkulturelleskolesekken.no\/vestfold\/wp-json\/wp\/v2\/users\/6"}],"replies":[{"embeddable":true,"href":"https:\/\/www.denkulturelleskolesekken.no\/vestfold\/wp-json\/wp\/v2\/comments?post=764"}],"version-history":[{"count":15,"href":"https:\/\/www.denkulturelleskolesekken.no\/vestfold\/wp-json\/wp\/v2\/pages\/764\/revisions"}],"predecessor-version":[{"id":2602,"href":"https:\/\/www.denkulturelleskolesekken.no\/vestfold\/wp-json\/wp\/v2\/pages\/764\/revisions\/2602"}],"up":[{"embeddable":true,"href":"https:\/\/www.denkulturelleskolesekken.no\/vestfold\/wp-json\/wp\/v2\/pages\/752"}],"wp:attachment":[{"href":"https:\/\/www.denkulturelleskolesekken.no\/vestfold\/wp-json\/wp\/v2\/media?parent=764"}],"curies":[{"name":"wp","href":"https:\/\/api.w.org\/{rel}","templated":true}]}}