{"id":762,"date":"2020-04-29T12:23:48","date_gmt":"2020-04-29T12:23:48","guid":{"rendered":"https:\/\/wordpress.kulturtanken.app\/vestfoldogtelemark\/?page_id=762"},"modified":"2024-08-07T09:01:30","modified_gmt":"2024-08-07T09:01:30","slug":"spillemidler-okonomi-og-rapportering","status":"publish","type":"page","link":"https:\/\/www.denkulturelleskolesekken.no\/vestfold\/for-kommuner-grunnskoler\/spillemidler-okonomi-og-rapportering\/","title":{"rendered":"Spillemidler, \u00f8konomi og rapportering"},"content":{"rendered":"\n<h1 class=\"has-text-color has-x-large-font-size wp-block-heading\" style=\"color:#90bc7f\"><\/h1>\n\n\n\n<p class=\"has-medium-font-size\">Hvert \u00e5r fordeles overskuddet fra Norsk Tipping AS til kulturform\u00e5l. Det er Kulturtanken som fordeler midlene videre til fylkeskommunene basert etter fordelingsn\u00f8kkel der f\u00f8lgende variabler inng\u00e5r: Elevtall i grunnskole og videreg\u00e5ende skole, geografiske avstander og infrastruktur.<\/p>\n\n\n\n<p class=\"has-medium-font-size\">Spillemidlene brukes b\u00e5de til programmet som planlegges av fylkeskommunen og det programmet kommunene planlegger selv. Deler av spillemidlene fordeles derfor videre til kommunene p\u00e5 bakgrunn av elevtall. For \u00e5 kunne bruke spillemidler til DKS-aktiviteter, m\u00e5 aktivitetene v\u00e6re i tr\u00e5d med m\u00e5lene og f\u00f8ringene for DKS. Mer informasjon om bruk og rapportering av spillemidler er beskrevet i tildelingsbrevet som sendes til alle kommunene i juli hvert \u00e5r. <\/p>\n\n\n\n<p class=\"has-medium-font-size\">Kommunene f\u00e5r sin tildeling etter rapportering av foreg\u00e5ende skole\u00e5r. Rapportering skjer i februar hvert \u00e5r. Alle aktiviteter som finansieres med spillemidler m\u00e5 legges inn i DKS-portalen.<\/p>\n\n\n\n<h2 class=\"wp-block-heading\">M\u00e5l og f\u00f8ringer<\/h2>\n\n\n\n<p class=\"has-medium-font-size\">Den kulturelle skolesekken skal formidle kunst og kultur av h\u00f8y kvalitet for barn og unge. Den skal ogs\u00e5:<\/p>\n\n\n\n<ul class=\"has-medium-font-size wp-block-list\"><li>v\u00e6re et gratistilbud for alle barn og unge i grunnskolen og videreg\u00e5ende skole og skal tilbys jevnlig<\/li><li>sikre at barn og unge f\u00e5r et likeverdig og profesjonelt kunst- og kulturtilbud av h\u00f8y kvalitet, uavhengig av hvor de bor, slik at de kan gj\u00f8re seg kjent med og utvikle forst\u00e5else for et variert spekter av kulturuttrykk<\/li><li>bidra til barn og unges danning og utdanning, slik dette er formulert i overordnet del av l\u00e6rerplaner i fag<\/li><li>formidle et kulturtilbud som blir opplevd som relevant, og som representerer et kulturelt mangfold av tilbud og ut\u00f8vere<\/li><li>v\u00e6re et samarbeid mellom kultursektoren og utdanningssektoren p\u00e5 alle niv\u00e5 for \u00e5 sikre god planlegging, forankring og tilrettelegging<\/li><li>bidra til \u00e5 styrke norsk spr\u00e5k, de samiske spr\u00e5kene, de nasjonale minoritetsspr\u00e5kene og norsk tegnspr\u00e5k som grunnleggende kulturb\u00e6rere<\/li><\/ul>\n\n\n\n<p class=\"has-medium-font-size\">Samarbeid mellom de som jobber med kultur og oppl\u00e6ring p\u00e5 de ulike forvaltningsniv\u00e5ene, de ulike akt\u00f8rene i kulturlivet, grunnskoler og videreg\u00e5ende skoler er avgj\u00f8rende for \u00e5 n\u00e5 disse m\u00e5lene. Det er Kulturtanken som forvalter de statlige midlene til Den kulturelle skolesekken og skal v\u00e6re et nasjonalt koordinerende organ for oppf\u00f8lging av m\u00e5lene med ordningen.  <\/p>\n","protected":false},"excerpt":{"rendered":"<p>Hvert \u00e5r fordeles overskuddet fra Norsk Tipping AS til kulturform\u00e5l. Det er Kulturtanken som fordeler midlene videre til fylkeskommunene basert etter fordelingsn\u00f8kkel der f\u00f8lgende variabler inng\u00e5r: Elevtall i grunnskole og videreg\u00e5ende skole, geografiske avstander og infrastruktur. Spillemidlene brukes b\u00e5de til programmet som planlegges av fylkeskommunen og det programmet kommunene planlegger selv. Deler av spillemidlene fordeles [&hellip;]<\/p>\n","protected":false},"author":6,"featured_media":1735,"parent":752,"menu_order":1,"comment_status":"closed","ping_status":"closed","template":"","meta":{"footnotes":""},"class_list":["post-762","page","type-page","status-publish","has-post-thumbnail","hentry"],"_links":{"self":[{"href":"https:\/\/www.denkulturelleskolesekken.no\/vestfold\/wp-json\/wp\/v2\/pages\/762","targetHints":{"allow":["GET"]}}],"collection":[{"href":"https:\/\/www.denkulturelleskolesekken.no\/vestfold\/wp-json\/wp\/v2\/pages"}],"about":[{"href":"https:\/\/www.denkulturelleskolesekken.no\/vestfold\/wp-json\/wp\/v2\/types\/page"}],"author":[{"embeddable":true,"href":"https:\/\/www.denkulturelleskolesekken.no\/vestfold\/wp-json\/wp\/v2\/users\/6"}],"replies":[{"embeddable":true,"href":"https:\/\/www.denkulturelleskolesekken.no\/vestfold\/wp-json\/wp\/v2\/comments?post=762"}],"version-history":[{"count":10,"href":"https:\/\/www.denkulturelleskolesekken.no\/vestfold\/wp-json\/wp\/v2\/pages\/762\/revisions"}],"predecessor-version":[{"id":2601,"href":"https:\/\/www.denkulturelleskolesekken.no\/vestfold\/wp-json\/wp\/v2\/pages\/762\/revisions\/2601"}],"up":[{"embeddable":true,"href":"https:\/\/www.denkulturelleskolesekken.no\/vestfold\/wp-json\/wp\/v2\/pages\/752"}],"wp:featuredmedia":[{"embeddable":true,"href":"https:\/\/www.denkulturelleskolesekken.no\/vestfold\/wp-json\/wp\/v2\/media\/1735"}],"wp:attachment":[{"href":"https:\/\/www.denkulturelleskolesekken.no\/vestfold\/wp-json\/wp\/v2\/media?parent=762"}],"curies":[{"name":"wp","href":"https:\/\/api.w.org\/{rel}","templated":true}]}}