{"id":758,"date":"2020-04-29T12:21:45","date_gmt":"2020-04-29T12:21:45","guid":{"rendered":"https:\/\/wordpress.kulturtanken.app\/vestfoldogtelemark\/?page_id=758"},"modified":"2024-12-16T12:15:19","modified_gmt":"2024-12-16T12:15:19","slug":"for-unge-arrangorer","status":"publish","type":"page","link":"https:\/\/www.denkulturelleskolesekken.no\/vestfold\/for-unge-arrangorer\/","title":{"rendered":"For elever"},"content":{"rendered":"\n<p class=\"has-medium-font-size\">Elevmedvirkning er en prioritert oppgave i DKS Vestfold. Elevene skal, i henhold til m\u00e5let, inkluderes i DKS som en sentral akt\u00f8r og gis mulighet til medvirkning gjennom dialog, deltakelse og innflytelse. <\/p>\n\n\n\n<p class=\"has-medium-font-size\">F\u00f8lg lenkene for mer informasjon om hvordan elevene kan medvirke i DKS:<br><a href=\"https:\/\/www.denkulturelleskolesekken.no\/vestfold\/for-unge-arrangorer\/kulturverter-vestfold\/\" data-type=\"URL\" data-id=\"https:\/\/www.denkulturelleskolesekken.no\/vestfold\/for-unge-arrangorer\/kulturverter-vestfold\/\">Kulturverter\/unge arrang\u00f8rer <\/a><br><a rel=\"noreferrer noopener\" href=\"https:\/\/www.denkulturelleskolesekken.no\/vestfold\/for-unge-arrangorer\/evaluering\/\" data-type=\"URL\" data-id=\"https:\/\/www.denkulturelleskolesekken.no\/vestfold\/for-unge-arrangorer\/evaluering\/\" target=\"_blank\">Evaluering av kulturtilbud fra Den kulturelle skolesekken<\/a><br><a href=\"https:\/\/www.denkulturelleskolesekken.no\/vestfold\/for-unge-arrangorer\/programrad-vgs-vestfold\/\" data-type=\"URL\" data-id=\"https:\/\/www.denkulturelleskolesekken.no\/vestfold\/for-unge-arrangorer\/programrad-vgs-vestfold\/\">Programr\u00e5d, vgs<\/a><\/p>\n","protected":false},"excerpt":{"rendered":"<p>Elevmedvirkning er en prioritert oppgave i DKS Vestfold. Elevene skal, i henhold til m\u00e5let, inkluderes i DKS som en sentral akt\u00f8r og gis mulighet til medvirkning gjennom dialog, deltakelse og innflytelse. F\u00f8lg lenkene for mer informasjon om hvordan elevene kan medvirke i DKS:Kulturverter\/unge arrang\u00f8rer Evaluering av kulturtilbud fra Den kulturelle skolesekkenProgramr\u00e5d, vgs<\/p>\n","protected":false},"author":6,"featured_media":0,"parent":0,"menu_order":0,"comment_status":"closed","ping_status":"closed","template":"custom-full-width-with-image.php","meta":{"footnotes":""},"class_list":["post-758","page","type-page","status-publish","hentry"],"_links":{"self":[{"href":"https:\/\/www.denkulturelleskolesekken.no\/vestfold\/wp-json\/wp\/v2\/pages\/758","targetHints":{"allow":["GET"]}}],"collection":[{"href":"https:\/\/www.denkulturelleskolesekken.no\/vestfold\/wp-json\/wp\/v2\/pages"}],"about":[{"href":"https:\/\/www.denkulturelleskolesekken.no\/vestfold\/wp-json\/wp\/v2\/types\/page"}],"author":[{"embeddable":true,"href":"https:\/\/www.denkulturelleskolesekken.no\/vestfold\/wp-json\/wp\/v2\/users\/6"}],"replies":[{"embeddable":true,"href":"https:\/\/www.denkulturelleskolesekken.no\/vestfold\/wp-json\/wp\/v2\/comments?post=758"}],"version-history":[{"count":33,"href":"https:\/\/www.denkulturelleskolesekken.no\/vestfold\/wp-json\/wp\/v2\/pages\/758\/revisions"}],"predecessor-version":[{"id":2843,"href":"https:\/\/www.denkulturelleskolesekken.no\/vestfold\/wp-json\/wp\/v2\/pages\/758\/revisions\/2843"}],"wp:attachment":[{"href":"https:\/\/www.denkulturelleskolesekken.no\/vestfold\/wp-json\/wp\/v2\/media?parent=758"}],"curies":[{"name":"wp","href":"https:\/\/api.w.org\/{rel}","templated":true}]}}