{"id":752,"date":"2020-04-29T12:18:36","date_gmt":"2020-04-29T12:18:36","guid":{"rendered":"https:\/\/wordpress.kulturtanken.app\/vestfoldogtelemark\/?page_id=752"},"modified":"2024-12-16T11:38:09","modified_gmt":"2024-12-16T11:38:09","slug":"for-kommuner-grunnskoler","status":"publish","type":"page","link":"https:\/\/www.denkulturelleskolesekken.no\/vestfold\/for-kommuner-grunnskoler\/","title":{"rendered":"For grunnskolen\/kommuner"},"content":{"rendered":"\n<h1 class=\"has-text-color has-x-large-font-size wp-block-heading\" style=\"color:#90bc7f\"><\/h1>\n\n\n\n<p class=\"has-medium-font-size\">Den kulturelle skolesekken er en nasjonal ordning som s\u00f8rger for at alle skoleelever i Norge f\u00e5r oppleve profesjonell kunst og kultur hvert \u00e5r.<\/p>\n\n\n\n<p class=\"has-medium-font-size\">Gjennom ordningen f\u00e5r elevene mulighet til \u00e5 oppleve, gj\u00f8re seg kjent med og utvikle forst\u00e5else for profesjonelle kunst- og kulturuttrykk. Kulturtilbudet skal v\u00e6re av h\u00f8y kvalitet, og vise hele bredden av de seks kulturuttrykkene: film, kulturarv, litteratur, musikk, scenekunst og visuell kunst.<\/p>\n\n\n\n<p class=\"has-medium-font-size\">Alle skoler skal ha en kulturkontakt. Kulturkontakten er bindeleddet mellom skolen og Den kulturelle skolesekken i Fylkeskommune og kommune. Vi har skrevet mer om kulturkontaktens oppgaver p\u00e5 siden <a href=\"https:\/\/www.denkulturelleskolesekken.no\/vestfold\/kulturkontaktens-rolle\/\">&#8220;For kulturkontakten&#8221;<\/a>.<\/p>\n\n\n\n<p class=\"has-medium-font-size\">Kommunene har en kommunekontakt som administrerer Den kulturelle skolesekken for hver enkel kommune. Kommunekontaktene samarbeider tett med fylkeskommunen blant annet om \u00e5 velge programmet for Den kulturelle skolesekken. Lurer du p\u00e5 hvem som er kommunekontakt i din kommune? <a href=\"https:\/\/www.denkulturelleskolesekken.no\/vestfold\/for-kommuner-grunnskoler\/oversikt-kommunekoordinatorer-for-dks-i-vestfold-og-telemark\/\">Oversikt over alle kommunekontakter i Vestfold finner du her.<\/a><\/p>\n","protected":false},"excerpt":{"rendered":"<p>Den kulturelle skolesekken er en nasjonal ordning som s\u00f8rger for at alle skoleelever i Norge f\u00e5r oppleve profesjonell kunst og kultur hvert \u00e5r. Gjennom ordningen f\u00e5r elevene mulighet til \u00e5 oppleve, gj\u00f8re seg kjent med og utvikle forst\u00e5else for profesjonelle kunst- og kulturuttrykk. Kulturtilbudet skal v\u00e6re av h\u00f8y kvalitet, og vise hele bredden av de [&hellip;]<\/p>\n","protected":false},"author":6,"featured_media":2505,"parent":0,"menu_order":0,"comment_status":"closed","ping_status":"closed","template":"","meta":{"footnotes":""},"class_list":["post-752","page","type-page","status-publish","has-post-thumbnail","hentry"],"_links":{"self":[{"href":"https:\/\/www.denkulturelleskolesekken.no\/vestfold\/wp-json\/wp\/v2\/pages\/752","targetHints":{"allow":["GET"]}}],"collection":[{"href":"https:\/\/www.denkulturelleskolesekken.no\/vestfold\/wp-json\/wp\/v2\/pages"}],"about":[{"href":"https:\/\/www.denkulturelleskolesekken.no\/vestfold\/wp-json\/wp\/v2\/types\/page"}],"author":[{"embeddable":true,"href":"https:\/\/www.denkulturelleskolesekken.no\/vestfold\/wp-json\/wp\/v2\/users\/6"}],"replies":[{"embeddable":true,"href":"https:\/\/www.denkulturelleskolesekken.no\/vestfold\/wp-json\/wp\/v2\/comments?post=752"}],"version-history":[{"count":31,"href":"https:\/\/www.denkulturelleskolesekken.no\/vestfold\/wp-json\/wp\/v2\/pages\/752\/revisions"}],"predecessor-version":[{"id":2840,"href":"https:\/\/www.denkulturelleskolesekken.no\/vestfold\/wp-json\/wp\/v2\/pages\/752\/revisions\/2840"}],"wp:featuredmedia":[{"embeddable":true,"href":"https:\/\/www.denkulturelleskolesekken.no\/vestfold\/wp-json\/wp\/v2\/media\/2505"}],"wp:attachment":[{"href":"https:\/\/www.denkulturelleskolesekken.no\/vestfold\/wp-json\/wp\/v2\/media?parent=752"}],"curies":[{"name":"wp","href":"https:\/\/api.w.org\/{rel}","templated":true}]}}