{"id":31,"date":"2019-10-31T13:54:44","date_gmt":"2019-10-31T13:54:44","guid":{"rendered":"https:\/\/viken.kulturtanken.app\/?page_id=31"},"modified":"2025-01-30T12:07:28","modified_gmt":"2025-01-30T12:07:28","slug":"er-du-utover","status":"publish","type":"page","link":"https:\/\/www.denkulturelleskolesekken.no\/vestfold\/er-du-utover\/","title":{"rendered":"Informasjon til ut\u00f8vere"},"content":{"rendered":"\n<p class=\"has-medium-font-size\"><\/p>\n\n\n<div\n\t\t\t\n\t\t\tclass=\"so-widget-sow-accordion so-widget-sow-accordion-default-5674beebb4fa\"\n\t\t\t\n\t\t><div>\n\t<div class=\"sow-accordion\">\n\t\t\t<div class=\"sow-accordion-panel\n\t\t\t\t\"\n\t\t\tdata-anchor-id=\"vilkar-honorar-og-faktura-for-utovere-pa-turne-i-dks-vestfold\">\n\t\t\t\t<div class=\"sow-accordion-panel-header-container\" role=\"heading\" aria-level=\"2\">\n\t\t\t\t\t<div class=\"sow-accordion-panel-header\" tabindex=\"0\" role=\"button\" id=\"accordion-label-vilk%c3%a5r-honorar-og-faktura-for-ut%c3%b8vere-p%c3%a5-turne-i-dks-vestfold\" aria-controls=\"accordion-content-vilk%c3%a5r-honorar-og-faktura-for-ut%c3%b8vere-p%c3%a5-turne-i-dks-vestfold\" aria-expanded=\"false\">\n\t\t\t\t\t\t<div class=\"sow-accordion-title sow-accordion-title-icon-left\">\n\t\t\t\t\t\t\t\t\t\t\t\t\t\tVilk\u00e5r, honorar og faktura for ut\u00f8vere p\u00e5 turne i DKS Vestfold\t\t\t\t\t\t\t\t\t\t\t\t\t<\/div>\n\t\t\t\t\t\t<div class=\"sow-accordion-open-close-button\">\n\t\t\t\t\t\t\t<div class=\"sow-accordion-open-button\">\n\t\t\t\t\t\t\t\t<span class=\"sow-icon-ionicons\" data-sow-icon=\"&#xf218;\"\n\t\t \n\t\taria-hidden=\"true\"><\/span>\t\t\t\t\t\t\t<\/div>\n\t\t\t\t\t\t\t<div class=\"sow-accordion-close-button\">\n\t\t\t\t\t\t\t\t<span class=\"sow-icon-ionicons\" data-sow-icon=\"&#xf209;\"\n\t\t \n\t\taria-hidden=\"true\"><\/span>\t\t\t\t\t\t\t<\/div>\n\t\t\t\t\t\t<\/div>\n\t\t\t\t\t<\/div>\n\t\t\t\t<\/div>\n\n\t\t\t<div\n\t\t\t\tclass=\"sow-accordion-panel-content\"\n\t\t\t\trole=\"region\"\n\t\t\t\taria-labelledby=\"accordion-label-vilk%c3%a5r-honorar-og-faktura-for-ut%c3%b8vere-p%c3%a5-turne-i-dks-vestfold\"\n\t\t\t\tid=\"accordion-content-vilk%c3%a5r-honorar-og-faktura-for-ut%c3%b8vere-p%c3%a5-turne-i-dks-vestfold\"\n\t\t\t\tstyle=\"display: none;\"\t\t\t>\n\t\t\t\t<div class=\"sow-accordion-panel-border\">\n\t\t\t\t\t<p><!-- wp:paragraph {\"fontSize\":\"medium\"} --><\/p>\n<p><strong>Honorar og diett<\/strong><br \/>Kunstnere som utf\u00f8rer arbeid i Den kulturelle skolesekken skal betales i tr\u00e5d med bransjestandard, og rettighetshaveres interesser skal ivaretas i henhold til \u00c5ndsverkloven. Kulturtanken viser til\u00a0<a href=\"https:\/\/www.denkulturelleskolesekken.no\/2024\/05\/20\/enighet-om-satsene-for-oppdrag-i-den-kulturelle-skolesekken-dks\/\">Oppdaterte honorarsatser for Den kulturelle skolesekken &#8211; Den kulturelle skolesekken | Den kulturelle skolesekken<\/a><\/p>\n<p><!-- \/wp:paragraph --> <!-- wp:paragraph {\"fontSize\":\"medium\"} --><\/p>\n<p>Det forutsettes at fakturerende kunstnere som utf\u00f8rer arbeid i DKS skal betales i tr\u00e5d med rammeavtalen mellom KS og Creo. <br \/>Det er Statens reiseregulativ som bestemmer reise- og diettsatsene som vi benytter i Den kulturelle skolesekken. <a href=\"https:\/\/www.sticos.no\/fagstoff\/satser\/statens-reiseregulativ\" data-type=\"URL\" data-id=\"https:\/\/www.sticos.no\/fagstoff\/satser\/statens-reiseregulativ\">Her<\/a> vil du alltid finne oppdaterte satser for reise- og diett.<\/p>\n<p><!-- \/wp:paragraph --> <!-- wp:paragraph {\"fontSize\":\"medium\"} --><\/p>\n<p><strong>Faktura<\/strong><br \/>Alle fakturaer som skal sendes til Vestfold fylkeskommune m\u00e5 sendes i EHF-format. <br \/>P\u00e5 fakturaen: <br \/>I feltet <em>deres ref<\/em>. skal du skrive: 63020. <br \/>Viktig: I kontaktfeltet: skriv navn p\u00e5 din dks-kontaktperson i fylket, og navn p\u00e5 din produksjon. \u00a0<\/p>\n<p><!-- \/wp:paragraph --> <!-- wp:paragraph {\"fontSize\":\"medium\"} --><\/p>\n<p>Adresse: Vestfold fylkeskommune<br \/>Sentralt fakturamottak<br \/>Postboks 1213 Trudvang<br \/>3105 T\u00f8nsberg<br \/>Organisasjonsnummer Vestfold Fylkeskommune: 929\u00a0882\u00a0385.<\/p>\n<p>Vestfold fylkeskommune har 30 dagers betalingsfrist. Fristen l\u00f8per fra datoen korrekt faktura er mottatt.<\/p>\n<p><strong>Tilbakemelding <\/strong><br \/>Den kulturelle skolesekken i Vestfold \u00f8nsker at du forteller om erfaringer rundt formidlingen du har gjennomf\u00f8rt, mottagelse p\u00e5 skolene og en liten oppsummering p\u00e5 hvordan det er \u00e5 v\u00e6re ut\u00f8ver i fylket v\u00e5rt. Er det noen spesielt som er bra eller d\u00e5rlig er dette fint for DKS-teamet \u00e5 vite om! <br \/>Takk for den viktige jobben dere gj\u00f8r for barn og ungdom i Vestfold.<\/p>\n<p><!-- \/wp:paragraph --><\/p>\n\t\t\t\t<\/div>\n\t\t\t<\/div>\n\t\t<\/div>\n\t\t<\/div>\n<\/div>\n<\/div>\n\n\n<p><strong>Har du et programforslag til DKS Vestfold? Les mer her:<\/strong><\/p>\n\n\n<div\n\t\t\t\n\t\t\tclass=\"so-widget-sow-accordion so-widget-sow-accordion-default-5674beebb4fa\"\n\t\t\t\n\t\t><div>\n\t<div class=\"sow-accordion\">\n\t\t<\/div>\n<\/div>\n<\/div>\n\n<div\n\t\t\t\n\t\t\tclass=\"so-widget-sow-accordion so-widget-sow-accordion-default-5674beebb4fa\"\n\t\t\t\n\t\t><div>\n\t<div class=\"sow-accordion\">\n\t\t\t<div class=\"sow-accordion-panel\n\t\t\t\t\"\n\t\t\tdata-anchor-id=\"program-og-malgruppe\">\n\t\t\t\t<div class=\"sow-accordion-panel-header-container\" role=\"heading\" aria-level=\"2\">\n\t\t\t\t\t<div class=\"sow-accordion-panel-header\" tabindex=\"0\" role=\"button\" id=\"accordion-label-program-og-m%c3%a5lgruppe\" aria-controls=\"accordion-content-program-og-m%c3%a5lgruppe\" aria-expanded=\"false\">\n\t\t\t\t\t\t<div class=\"sow-accordion-title sow-accordion-title-icon-left\">\n\t\t\t\t\t\t\t\t\t\t\t\t\t\tProgram og m\u00e5lgruppe\t\t\t\t\t\t\t\t\t\t\t\t\t<\/div>\n\t\t\t\t\t\t<div class=\"sow-accordion-open-close-button\">\n\t\t\t\t\t\t\t<div class=\"sow-accordion-open-button\">\n\t\t\t\t\t\t\t\t<span class=\"sow-icon-ionicons\" data-sow-icon=\"&#xf218;\"\n\t\t \n\t\taria-hidden=\"true\"><\/span>\t\t\t\t\t\t\t<\/div>\n\t\t\t\t\t\t\t<div class=\"sow-accordion-close-button\">\n\t\t\t\t\t\t\t\t<span class=\"sow-icon-ionicons\" data-sow-icon=\"&#xf209;\"\n\t\t \n\t\taria-hidden=\"true\"><\/span>\t\t\t\t\t\t\t<\/div>\n\t\t\t\t\t\t<\/div>\n\t\t\t\t\t<\/div>\n\t\t\t\t<\/div>\n\n\t\t\t<div\n\t\t\t\tclass=\"sow-accordion-panel-content\"\n\t\t\t\trole=\"region\"\n\t\t\t\taria-labelledby=\"accordion-label-program-og-m%c3%a5lgruppe\"\n\t\t\t\tid=\"accordion-content-program-og-m%c3%a5lgruppe\"\n\t\t\t\tstyle=\"display: none;\"\t\t\t>\n\t\t\t\t<div class=\"sow-accordion-panel-border\">\n\t\t\t\t\t<p><!-- wp:paragraph {\"fontSize\":\"medium\"} --><\/p>\n<p>DKS er en ordning som finnes i hele landet, og skal bidra til at alle barn f\u00e5r mulighet til \u00e5 m\u00f8te, oppleve, gj\u00f8re seg kjent med og utvikle forst\u00e5else for profesjonelle kunst- og kulturuttrykk. DKS er et samarbeid mellom Kulturdepartementet, Kunnskapsdepartementet og alle fylkeskommuner og kommuner.\u00a0<\/p>\n<p>\u00c5rlig setter vi sammen et program av kunst- og kulturopplevelser som skal ut til skolene. DKS Vestfold leverer kunst og kultur til elever i hele grunnskolen og videreg\u00e5ende skole i fylket.\u00a0<\/p>\n<p>Vi ser etter produksjoner av h\u00f8y kvalitet som kan gi elevene gode opplevelser med visuell kunst, film, litteratur, scenekunst, musikk og kulturarv. Det er viktig at produksjonen er godt tilpasset den enkelte m\u00e5lgruppe. Hvis produksjonen er egnet for elever i et stort aldersspenn, spesifiser hvordan dere tilpasser den de enkelte trinn.\u00a0\u00a0\u00a0<\/p>\n<p>\u00a0<\/p>\n<p><!-- \/wp:paragraph --> <!-- wp:paragraph {\"fontSize\":\"medium\"} --><\/p>\n<p><strong>Vi ser etter: <\/strong>\u00a0<\/p>\n<ul>\n<li>\n<p>Scenekunst: alle trinn\u00a0<\/p>\n<\/li>\n<li>\n<p>Musikk: alle trinn\u00a0<\/p>\n<\/li>\n<li>\n<p>Film: ungdomstrinn og videreg\u00e5ende skole\u00a0<\/p>\n<\/li>\n<li>\n<p>Litteratur: mellomtrinn, ungdomstrinn og videreg\u00e5ende skole\u00a0<\/p>\n<\/li>\n<li>\n<p>Visuell kunst: mellomtrinn, ungdomstrinn og videreg\u00e5ende skole\u00a0<\/p>\n<\/li>\n<li>\n<p>Kulturarv: videreg\u00e5ende skole\u00a0<\/p>\n<\/li>\n<li>\n<p>Produksjoner som er tilrettelagte for elever med spesielle behov for alle trinn\u00a0<\/p>\n<\/li>\n<li>\n<p>Barnehage: forutsatt finansiering\u00a0<\/p>\n<\/li>\n<\/ul>\n<p><!-- \/wp:paragraph --><\/p>\n\t\t\t\t<\/div>\n\t\t\t<\/div>\n\t\t<\/div>\n\t\t<\/div>\n<\/div>\n<\/div>\n\n<div\n\t\t\t\n\t\t\tclass=\"so-widget-sow-accordion so-widget-sow-accordion-default-5674beebb4fa\"\n\t\t\t\n\t\t><div>\n\t<div class=\"sow-accordion\">\n\t\t\t<div class=\"sow-accordion-panel\n\t\t\t\t\"\n\t\t\tdata-anchor-id=\"kriterier\">\n\t\t\t\t<div class=\"sow-accordion-panel-header-container\" role=\"heading\" aria-level=\"2\">\n\t\t\t\t\t<div class=\"sow-accordion-panel-header\" tabindex=\"0\" role=\"button\" id=\"accordion-label-kriterier\" aria-controls=\"accordion-content-kriterier\" aria-expanded=\"false\">\n\t\t\t\t\t\t<div class=\"sow-accordion-title sow-accordion-title-icon-left\">\n\t\t\t\t\t\t\t\t\t\t\t\t\t\tKriterier\t\t\t\t\t\t\t\t\t\t\t\t\t<\/div>\n\t\t\t\t\t\t<div class=\"sow-accordion-open-close-button\">\n\t\t\t\t\t\t\t<div class=\"sow-accordion-open-button\">\n\t\t\t\t\t\t\t\t<span class=\"sow-icon-ionicons\" data-sow-icon=\"&#xf218;\"\n\t\t \n\t\taria-hidden=\"true\"><\/span>\t\t\t\t\t\t\t<\/div>\n\t\t\t\t\t\t\t<div class=\"sow-accordion-close-button\">\n\t\t\t\t\t\t\t\t<span class=\"sow-icon-ionicons\" data-sow-icon=\"&#xf209;\"\n\t\t \n\t\taria-hidden=\"true\"><\/span>\t\t\t\t\t\t\t<\/div>\n\t\t\t\t\t\t<\/div>\n\t\t\t\t\t<\/div>\n\t\t\t\t<\/div>\n\n\t\t\t<div\n\t\t\t\tclass=\"sow-accordion-panel-content\"\n\t\t\t\trole=\"region\"\n\t\t\t\taria-labelledby=\"accordion-label-kriterier\"\n\t\t\t\tid=\"accordion-content-kriterier\"\n\t\t\t\tstyle=\"display: none;\"\t\t\t>\n\t\t\t\t<div class=\"sow-accordion-panel-border\">\n\t\t\t\t\t<p><!-- wp:paragraph {\"fontSize\":\"medium\"} --><\/p>\n<p><strong>God dokumentasjon <\/strong><br \/>Det m\u00e5 foreligge en prosjektbeskrivelse med beskrivelse av den kunstneriske ideen og plan for gjennomf\u00f8ring. I vurderingen av programforslag m\u00e5 produksjonene v\u00e6re dokumentert, slik at det er mulig \u00e5 vurdere formidlingskvaliteten. Musikk og scenekunst m\u00e5 legge ved videodokumentasjon i full lengde av den aktuelle produksjonen.\u00a0<br \/>For produksjoner innenfor andre uttrykk enn musikk og scenekunst m\u00e5 det foreligge dokumentasjon med tekst og bilder, samt en kort video med presentasjon av formidlingsopplegget.\u00a0<\/p>\n<p><!-- \/wp:paragraph --> <!-- wp:paragraph {\"fontSize\":\"medium\"} --><\/p>\n<p>Alle faktiske kostnader ved turneen m\u00e5 opplyses om. Vi forholder oss til ASA 4401, Rammeavtale om vilk\u00e5r for oppdragstakere i Den kulturelle skolesekken i fylkeskommuner og kommuner.\u00a0 (legg inn link)\u00a0\u00a0<\/p>\n<p><strong>Hvem kan melde inn programforslag?\u00a0\u00a0<\/strong>\u00a0<br \/>Profesjonelle ut\u00f8vere, institusjoner, produsenter og formidlere av kunst og kultur kan sende programforslag til DKS.\u00a0<\/p>\n<p><!-- \/wp:paragraph --> <!-- wp:paragraph {\"fontSize\":\"medium\"} --><\/p>\n<p><strong>Selvstendig n\u00e6ringsdrivende<\/strong>\u00a0<br \/>For \u00e5 inng\u00e5 en avtale mellom deg og DKS Vestfold m\u00e5 du v\u00e6re selvstendig n\u00e6ringsdrivende. Du har ansvar for egne forsikringer, og sender oss faktura for \u00e5 motta honorar.\u00a0<\/p>\n<p><!-- \/wp:paragraph --> <!-- wp:paragraph {\"fontSize\":\"medium\"} --><\/p>\n<p>Vi f\u00f8lger rammeavtalen mellom KS og CREO;\u202f<a href=\"https:\/\/www.ks.no\/fagomrader\/lonn-og-tariff\/ovrig-informasjon\/honorarsatser-den-kulturelle-skolesekken\/\" target=\"_blank\" rel=\"noreferrer noopener\">ASA 4401<\/a>\u00a0<\/p>\n<p><!-- \/wp:paragraph --><\/p>\n\t\t\t\t<\/div>\n\t\t\t<\/div>\n\t\t<\/div>\n\t\t<\/div>\n<\/div>\n<\/div>\n\n<div\n\t\t\t\n\t\t\tclass=\"so-widget-sow-accordion so-widget-sow-accordion-default-5674beebb4fa\"\n\t\t\t\n\t\t><div>\n\t<div class=\"sow-accordion\">\n\t\t\t<div class=\"sow-accordion-panel\n\t\t\t\t\"\n\t\t\tdata-anchor-id=\"momenter-som-vektlegges-i-vurderingen\">\n\t\t\t\t<div class=\"sow-accordion-panel-header-container\" role=\"heading\" aria-level=\"2\">\n\t\t\t\t\t<div class=\"sow-accordion-panel-header\" tabindex=\"0\" role=\"button\" id=\"accordion-label-momenter-som-vektlegges-i-vurderingen\" aria-controls=\"accordion-content-momenter-som-vektlegges-i-vurderingen\" aria-expanded=\"false\">\n\t\t\t\t\t\t<div class=\"sow-accordion-title sow-accordion-title-icon-left\">\n\t\t\t\t\t\t\t\t\t\t\t\t\t\tMomenter som vektlegges i vurderingen\t\t\t\t\t\t\t\t\t\t\t\t\t<\/div>\n\t\t\t\t\t\t<div class=\"sow-accordion-open-close-button\">\n\t\t\t\t\t\t\t<div class=\"sow-accordion-open-button\">\n\t\t\t\t\t\t\t\t<span class=\"sow-icon-ionicons\" data-sow-icon=\"&#xf218;\"\n\t\t \n\t\taria-hidden=\"true\"><\/span>\t\t\t\t\t\t\t<\/div>\n\t\t\t\t\t\t\t<div class=\"sow-accordion-close-button\">\n\t\t\t\t\t\t\t\t<span class=\"sow-icon-ionicons\" data-sow-icon=\"&#xf209;\"\n\t\t \n\t\taria-hidden=\"true\"><\/span>\t\t\t\t\t\t\t<\/div>\n\t\t\t\t\t\t<\/div>\n\t\t\t\t\t<\/div>\n\t\t\t\t<\/div>\n\n\t\t\t<div\n\t\t\t\tclass=\"sow-accordion-panel-content\"\n\t\t\t\trole=\"region\"\n\t\t\t\taria-labelledby=\"accordion-label-momenter-som-vektlegges-i-vurderingen\"\n\t\t\t\tid=\"accordion-content-momenter-som-vektlegges-i-vurderingen\"\n\t\t\t\tstyle=\"display: none;\"\t\t\t>\n\t\t\t\t<div class=\"sow-accordion-panel-border\">\n\t\t\t\t\t<p><!-- wp:paragraph {\"fontSize\":\"medium\"} --><\/p>\n<p><strong>Formidling ovenfor barn og unge<\/strong><br \/>Publikummet til DKS er barn og unge. Vi legger derfor vekt p\u00e5 at du trives med \u00e5 formidle ovenfor denne m\u00e5lgruppen.\u00a0<\/p>\n<p><!-- \/wp:paragraph --> <!-- wp:paragraph {\"fontSize\":\"medium\"} --><\/p>\n<p><strong>Skolens lokaler\/arena<\/strong>\u00a0<br \/>De fleste formidlinger foreg\u00e5r p\u00e5 en skole, og det er sv\u00e6rt ulikt hvilke fasiliteter skolene kan tilby. Noen skoler har auditorium med amfi, blending, lyd og lys, mens de fleste har gymsaler eller andre samlingsrom som ikke alltid gir de samme muligheter til for eksempel god blending. Fleksibilitet er en god egenskap i DKS.\u00a0\u00a0<\/p>\n<p><!-- \/wp:paragraph --> <!-- wp:paragraph {\"fontSize\":\"medium\"} --><\/p>\n<p><strong>Utstyr og logistikk<\/strong>\u00a0<br \/>I tillegg til ulike fasiliteter p\u00e5 rommene formidlingen foreg\u00e5r i, kan det v\u00e6re n\u00f8dvendig \u00e5 b\u00e6re utstyret gjennom d\u00f8rer av ulik st\u00f8rrelse, samt opp og ned trapper. Rommene kan ha begrenset tilgjengelighet i forhold til opprigg- og nedriggstid, da fellesrom ofte er i bruk hver dag. Krevende rigger og produksjoner kan skape slitasje p\u00e5 b\u00e5de ut\u00f8vere og skolene.\u00a0<\/p>\n<p><!-- \/wp:paragraph --> <!-- wp:paragraph {\"fontSize\":\"medium\"} --><\/p>\n<p>Derfor er det viktig at st\u00f8rrelse p\u00e5 produksjonen er turn\u00e9vennlig. Alle som jobber for DKS m\u00e5 derfor v\u00e6re \u00e5pen for \u00e5 tilpasse sin produksjon til spillestedet. Du m\u00e5 tenke n\u00f8ye gjennom hva som er n\u00f8dvendig av teknisk utstyr og sceniske elementer, og finne en balanse mellom kunstnerisk uttrykk og praktisk gjennomf\u00f8ring.\u00a0<\/p>\n<p><!-- \/wp:paragraph --> <!-- wp:paragraph {\"fontSize\":\"medium\"} --><\/p>\n<p><strong>Turn\u00e9livet<\/strong>\u00a0<br \/>Reisevirksomhet er en stor del av \u00e5 jobbe for DKS. Du f\u00e5r oppsatt turn\u00e9perioder som inneb\u00e6rer flytt fra skole til skole. Du m\u00e5 ogs\u00e5 v\u00e6re forberedt p\u00e5 \u00e5 formidle flere ganger i l\u00f8pet av en dag.\u00a0<\/p>\n<p><!-- \/wp:paragraph --> <!-- wp:paragraph {\"fontSize\":\"medium\"} --><\/p>\n<p>Et utdrag fra rammeavtalen om vilk\u00e5r for DKS viser deg hvordan en turn\u00e9dag kan se ut:\u00a0<\/p>\n<p><!-- \/wp:paragraph --> <!-- wp:list {\"fontSize\":\"medium\"} --><\/p>\n<ul class=\"has-medium-font-size\">\n<li>\n<p>For konserter og scenekunst skal samlet effektiv formidlingstid ikke overstige 3 timer per dag. Ut\u00f8verne kan medvirke ved inntil 3 konserter\/forestillinger hver dag.\u00a0<\/p>\n<\/li>\n<li>\n<p>For dans skal samlet effektiv formidlingstid ikke overstige 2,5 timer per dag.\u00a0<\/p>\n<\/li>\n<li>\n<p>For forelesning, formidling av litteratur, kunstutstillinger, filmpresentasjoner og lignende skal samlet effektiv formidling normalt ikke overstige 3 timer per dag.\u00a0<\/p>\n<\/li>\n<li>\n<p>For verksteder skal samlet verkstedtid inkludert aktiv formidling og elevaktiviteter normalt ikke overstige 5 timer per dag.\u00a0<\/p>\n<\/li>\n<li>\n<p>N\u00e5r danser er hovedakt\u00f8r ved en turn\u00e9, skal det ikke v\u00e6re mer enn 2 forestillinger per dag dersom det er forflytning mellom konsertene.\u00a0<\/p>\n<\/li>\n<\/ul>\n<p><!-- \/wp:list --> <!-- wp:paragraph {\"fontSize\":\"medium\"} --><\/p>\n<p>Tiden fra oppdraget begynner til det slutter samme dag skal som hovedregel, inkludert reisetid, ikke overstige 10 timer.\u00a0<\/p>\n<p><!-- \/wp:paragraph --> <!-- wp:paragraph {\"fontSize\":\"medium\"} --><\/p>\n<p><strong>Ambassad\u00f8r for DKS<\/strong>\u00a0<br \/>N\u00e5r du er p\u00e5 oppdrag for DKS er du v\u00e5rt ansikt utad. Det er viktig at du alltid er vennlig og respektfull i m\u00f8te med skolen, elevene og kulturvertene (skolenes unge arrang\u00f8rer).\u00a0 Fint om du sier at du kommer fra DKS Vestfold.\u00a0\u00a0\u00a0<\/p>\n<p><!-- \/wp:paragraph --> <!-- wp:paragraph {\"fontSize\":\"medium\"} --><\/p>\n<p><strong>Veiledning<\/strong>\u00a0<br \/>Ta kontakt med oss i DKS-administrasjonen hvis du trenger veiledning eller har sp\u00f8rsm\u00e5l om noe.\u00a0\u00a0<\/p>\n<p><!-- \/wp:paragraph --><\/p>\n\t\t\t\t<\/div>\n\t\t\t<\/div>\n\t\t<\/div>\n\t\t<\/div>\n<\/div>\n<\/div>\n\n<div\n\t\t\t\n\t\t\tclass=\"so-widget-sow-accordion so-widget-sow-accordion-default-5674beebb4fa\"\n\t\t\t\n\t\t><div>\n\t<div class=\"sow-accordion\">\n\t\t\t<div class=\"sow-accordion-panel\n\t\t\t\t\"\n\t\t\tdata-anchor-id=\"var-vurdering-av-programforslag\">\n\t\t\t\t<div class=\"sow-accordion-panel-header-container\" role=\"heading\" aria-level=\"2\">\n\t\t\t\t\t<div class=\"sow-accordion-panel-header\" tabindex=\"0\" role=\"button\" id=\"accordion-label-v%c3%a5r-vurdering-av-programforslag\" aria-controls=\"accordion-content-v%c3%a5r-vurdering-av-programforslag\" aria-expanded=\"false\">\n\t\t\t\t\t\t<div class=\"sow-accordion-title sow-accordion-title-icon-left\">\n\t\t\t\t\t\t\t\t\t\t\t\t\t\tV\u00e5r vurdering av programforslag\t\t\t\t\t\t\t\t\t\t\t\t\t<\/div>\n\t\t\t\t\t\t<div class=\"sow-accordion-open-close-button\">\n\t\t\t\t\t\t\t<div class=\"sow-accordion-open-button\">\n\t\t\t\t\t\t\t\t<span class=\"sow-icon-ionicons\" data-sow-icon=\"&#xf218;\"\n\t\t \n\t\taria-hidden=\"true\"><\/span>\t\t\t\t\t\t\t<\/div>\n\t\t\t\t\t\t\t<div class=\"sow-accordion-close-button\">\n\t\t\t\t\t\t\t\t<span class=\"sow-icon-ionicons\" data-sow-icon=\"&#xf209;\"\n\t\t \n\t\taria-hidden=\"true\"><\/span>\t\t\t\t\t\t\t<\/div>\n\t\t\t\t\t\t<\/div>\n\t\t\t\t\t<\/div>\n\t\t\t\t<\/div>\n\n\t\t\t<div\n\t\t\t\tclass=\"sow-accordion-panel-content\"\n\t\t\t\trole=\"region\"\n\t\t\t\taria-labelledby=\"accordion-label-v%c3%a5r-vurdering-av-programforslag\"\n\t\t\t\tid=\"accordion-content-v%c3%a5r-vurdering-av-programforslag\"\n\t\t\t\t\t\t\t>\n\t\t\t\t<div class=\"sow-accordion-panel-border\">\n\t\t\t\t\t<p><!-- wp:paragraph {\"fontSize\":\"medium\"} --><\/p>\n<p>DKS Vestfold \u00f8nsker \u00e5 tilby elevene kulturopplevelser som setter spor. \u00a0<br \/>Utvelgelsen av programforslag gj\u00f8res av fagr\u00e5d innenfor hvert kunstuttrykk og ledes av DKS-administrasjonens fagpersoner. Endelig program fastsettes i samr\u00e5d med skoler, kommuner og elevrepresentanter. Programforslag som kan v\u00e6re aktuelle blir kontaktet via DKS-portalen innen uke 8.\u00a0\u00a0<br \/>Viktige momenter for fagr\u00e5dene i vurderingen av programforslagene:<\/p>\n<p><!-- \/wp:paragraph --> <!-- wp:list {\"fontSize\":\"medium\"} --><\/p>\n<ul class=\"has-medium-font-size\">\n<li>\n<p>H\u00f8y kunstnerisk kvalitet\u00a0<\/p>\n<\/li>\n<li>\n<p>Formidling og kommunikasjon med elevene\u00a0<\/p>\n<\/li>\n<li>\n<p>Relevans for m\u00e5lgruppen\u00a0<\/p>\n<\/li>\n<li>\n<p>Helhet, mangfold og sjangerbredde i programmet\u00a0<\/p>\n<\/li>\n<li>\n<p>\u00d8konomi\u00a0\u00a0<\/p>\n<\/li>\n<\/ul>\n<p><!-- \/wp:list --><\/p>\n\t\t\t\t<\/div>\n\t\t\t<\/div>\n\t\t<\/div>\n\t\t<\/div>\n<\/div>\n<\/div>\n\n<div\n\t\t\t\n\t\t\tclass=\"so-widget-sow-accordion so-widget-sow-accordion-default-5674beebb4fa\"\n\t\t\t\n\t\t><div>\n\t<div class=\"sow-accordion\">\n\t\t\t<div class=\"sow-accordion-panel\n\t\t\t\t\"\n\t\t\tdata-anchor-id=\"hvordan-melde-inn-programforslag\">\n\t\t\t\t<div class=\"sow-accordion-panel-header-container\" role=\"heading\" aria-level=\"2\">\n\t\t\t\t\t<div class=\"sow-accordion-panel-header\" tabindex=\"0\" role=\"button\" id=\"accordion-label-hvordan-melde-inn-programforslag\" aria-controls=\"accordion-content-hvordan-melde-inn-programforslag\" aria-expanded=\"false\">\n\t\t\t\t\t\t<div class=\"sow-accordion-title sow-accordion-title-icon-left\">\n\t\t\t\t\t\t\t\t\t\t\t\t\t\tHvordan melde inn programforslag\t\t\t\t\t\t\t\t\t\t\t\t\t<\/div>\n\t\t\t\t\t\t<div class=\"sow-accordion-open-close-button\">\n\t\t\t\t\t\t\t<div class=\"sow-accordion-open-button\">\n\t\t\t\t\t\t\t\t<span class=\"sow-icon-ionicons\" data-sow-icon=\"&#xf218;\"\n\t\t \n\t\taria-hidden=\"true\"><\/span>\t\t\t\t\t\t\t<\/div>\n\t\t\t\t\t\t\t<div class=\"sow-accordion-close-button\">\n\t\t\t\t\t\t\t\t<span class=\"sow-icon-ionicons\" data-sow-icon=\"&#xf209;\"\n\t\t \n\t\taria-hidden=\"true\"><\/span>\t\t\t\t\t\t\t<\/div>\n\t\t\t\t\t\t<\/div>\n\t\t\t\t\t<\/div>\n\t\t\t\t<\/div>\n\n\t\t\t<div\n\t\t\t\tclass=\"sow-accordion-panel-content\"\n\t\t\t\trole=\"region\"\n\t\t\t\taria-labelledby=\"accordion-label-hvordan-melde-inn-programforslag\"\n\t\t\t\tid=\"accordion-content-hvordan-melde-inn-programforslag\"\n\t\t\t\t\t\t\t>\n\t\t\t\t<div class=\"sow-accordion-panel-border\">\n\t\t\t\t\t<p><!-- wp:paragraph {\"fontSize\":\"medium\"} --><\/p>\n<p><strong>Nasjonal DKS-portal<\/strong><br \/>Programforslag til DKS sendes inn via <a href=\"https:\/\/www.denkulturelleskolesekken.no\/forside\/om-dks\/utover\/\" target=\"_blank\" rel=\"noreferrer noopener\">den nasjonale DKS-portalen<\/a>. Der m\u00e5 du velge hvilket fylke du \u00f8nsker \u00e5 turn\u00e9re for.\u00a0DKS-portalen er \u00e5pen for innsending av s\u00f8knader fra 1. september til 1. oktober.\u00a0<\/p>\n<p><!-- \/wp:paragraph --> <!-- wp:paragraph {\"fontSize\":\"medium\"} --><\/p>\n<p><strong>N\u00e5r f\u00e5r jeg svar?<\/strong>\u00a0<br \/>Programforslag som kan v\u00e6re aktuelle for DKS Vestfold blir kontaktet via DKS-portalen innen uke 8.\u00a0\u00a0\u00a0<\/p>\n<p><!-- \/wp:paragraph --> <!-- wp:paragraph {\"fontSize\":\"medium\"} --><\/p>\n<p><strong>S\u00f8knadsfrist<\/strong>\u00a0<br \/>S\u00f8knadsfrist er 1. oktober for det p\u00e5f\u00f8lgende skole\u00e5r.\u00a0\u00a0\u00a0<\/p>\n<p><!-- \/wp:paragraph --><\/p>\n\t\t\t\t<\/div>\n\t\t\t<\/div>\n\t\t<\/div>\n\t\t<\/div>\n<\/div>\n<\/div>\n\n\n<p><\/p>\n","protected":false},"excerpt":{"rendered":"<p>Har du et programforslag til DKS Vestfold? Les mer her:<\/p>\n","protected":false},"author":6,"featured_media":1994,"parent":0,"menu_order":0,"comment_status":"closed","ping_status":"closed","template":"","meta":{"footnotes":""},"class_list":["post-31","page","type-page","status-publish","has-post-thumbnail","hentry"],"_links":{"self":[{"href":"https:\/\/www.denkulturelleskolesekken.no\/vestfold\/wp-json\/wp\/v2\/pages\/31","targetHints":{"allow":["GET"]}}],"collection":[{"href":"https:\/\/www.denkulturelleskolesekken.no\/vestfold\/wp-json\/wp\/v2\/pages"}],"about":[{"href":"https:\/\/www.denkulturelleskolesekken.no\/vestfold\/wp-json\/wp\/v2\/types\/page"}],"author":[{"embeddable":true,"href":"https:\/\/www.denkulturelleskolesekken.no\/vestfold\/wp-json\/wp\/v2\/users\/6"}],"replies":[{"embeddable":true,"href":"https:\/\/www.denkulturelleskolesekken.no\/vestfold\/wp-json\/wp\/v2\/comments?post=31"}],"version-history":[{"count":82,"href":"https:\/\/www.denkulturelleskolesekken.no\/vestfold\/wp-json\/wp\/v2\/pages\/31\/revisions"}],"predecessor-version":[{"id":2854,"href":"https:\/\/www.denkulturelleskolesekken.no\/vestfold\/wp-json\/wp\/v2\/pages\/31\/revisions\/2854"}],"wp:featuredmedia":[{"embeddable":true,"href":"https:\/\/www.denkulturelleskolesekken.no\/vestfold\/wp-json\/wp\/v2\/media\/1994"}],"wp:attachment":[{"href":"https:\/\/www.denkulturelleskolesekken.no\/vestfold\/wp-json\/wp\/v2\/media?parent=31"}],"curies":[{"name":"wp","href":"https:\/\/api.w.org\/{rel}","templated":true}]}}