{"id":2784,"date":"2024-12-06T15:18:59","date_gmt":"2024-12-06T15:18:59","guid":{"rendered":"https:\/\/www.denkulturelleskolesekken.no\/vestfold\/?page_id=2784"},"modified":"2024-12-16T12:43:38","modified_gmt":"2024-12-16T12:43:38","slug":"tilrettelagt-tilbud","status":"publish","type":"page","link":"https:\/\/www.denkulturelleskolesekken.no\/vestfold\/tilrettelagt-tilbud\/","title":{"rendered":"Tilrettelagt tilbud"},"content":{"rendered":"\n<p>Elever som av ulike grunner ikke kan delta i de ordin\u00e6re DKS-opplevelsene, kan f\u00e5 eget program.&nbsp;Dette programmet blir utarbeidet av en ressursgruppe som har spesialkompetanse p\u00e5 elever med ulike funksjonsvariasjoner. &nbsp;<\/p>\n\n\n\n<p>Vi gir tilbud til barn fra 1. trinn i grunnskolen til 3. trinn i videreg\u00e5ende skole. \u00d8nsket er at elever med tilrettelagt-behov skal f\u00e5 et like godt tilbud som de andre elevene, og det mener vi de f\u00e5r hvis produksjonene er godt tilpasset.&nbsp;<\/p>\n\n\n\n<p>Non-verbal kommunikasjon, sanselig og taktile opplevelser sl\u00e5r godt an hos elever som trenger tilrettelagt opplegg. Musikk er ogs\u00e5 fint, men med tilpasset lyd- og lysniv\u00e5.&nbsp;<\/p>\n\n\n\n<p><strong><em>Har din skole elever som ikke kan ta del i ordin\u00e6rt program? Ta gjerne kontakt med oss.<\/em>\u00a0\u00a0<\/strong><\/p>\n\n\n\n<p>Linda Gjers\u00f8e Helseth, r\u00e5dgiver, tlf 913 45 733 \/ <a href=\"mailto:linda.helseth@lindahelsethvestfoldfylke.no\">linda.helseth@vestfoldfylke.no<\/a><\/p>\n","protected":false},"excerpt":{"rendered":"<p>Elever som av ulike grunner ikke kan delta i de ordin\u00e6re DKS-opplevelsene, kan f\u00e5 eget program.&nbsp;Dette programmet blir utarbeidet av en ressursgruppe som har spesialkompetanse p\u00e5 elever med ulike funksjonsvariasjoner. &nbsp; Vi gir tilbud til barn fra 1. trinn i grunnskolen til 3. trinn i videreg\u00e5ende skole. \u00d8nsket er at elever med tilrettelagt-behov skal f\u00e5 [&hellip;]<\/p>\n","protected":false},"author":22,"featured_media":0,"parent":0,"menu_order":0,"comment_status":"closed","ping_status":"closed","template":"","meta":{"footnotes":""},"class_list":["post-2784","page","type-page","status-publish","hentry"],"_links":{"self":[{"href":"https:\/\/www.denkulturelleskolesekken.no\/vestfold\/wp-json\/wp\/v2\/pages\/2784","targetHints":{"allow":["GET"]}}],"collection":[{"href":"https:\/\/www.denkulturelleskolesekken.no\/vestfold\/wp-json\/wp\/v2\/pages"}],"about":[{"href":"https:\/\/www.denkulturelleskolesekken.no\/vestfold\/wp-json\/wp\/v2\/types\/page"}],"author":[{"embeddable":true,"href":"https:\/\/www.denkulturelleskolesekken.no\/vestfold\/wp-json\/wp\/v2\/users\/22"}],"replies":[{"embeddable":true,"href":"https:\/\/www.denkulturelleskolesekken.no\/vestfold\/wp-json\/wp\/v2\/comments?post=2784"}],"version-history":[{"count":4,"href":"https:\/\/www.denkulturelleskolesekken.no\/vestfold\/wp-json\/wp\/v2\/pages\/2784\/revisions"}],"predecessor-version":[{"id":2845,"href":"https:\/\/www.denkulturelleskolesekken.no\/vestfold\/wp-json\/wp\/v2\/pages\/2784\/revisions\/2845"}],"wp:attachment":[{"href":"https:\/\/www.denkulturelleskolesekken.no\/vestfold\/wp-json\/wp\/v2\/media?parent=2784"}],"curies":[{"name":"wp","href":"https:\/\/api.w.org\/{rel}","templated":true}]}}