{"id":25,"date":"2019-10-31T13:51:34","date_gmt":"2019-10-31T13:51:34","guid":{"rendered":"https:\/\/viken.kulturtanken.app\/?page_id=25"},"modified":"2024-12-09T11:53:15","modified_gmt":"2024-12-09T11:53:15","slug":"er-du-kulturkontakt","status":"publish","type":"page","link":"https:\/\/www.denkulturelleskolesekken.no\/vestfold\/er-du-kulturkontakt\/","title":{"rendered":"For kulturkontakter"},"content":{"rendered":"\n<p class=\"has-medium-font-size\">Kulturkontakten er bindeleddet mellom skolen, ut\u00f8verne og DKS. Kulturkontakten er gjerne l\u00e6rer, skoleleder eller skolebibliotekar. Kulturkontakten skal legge til rette for at\u202felevene f\u00e5r gode\u202fDKS-opplevelser og s\u00f8rger for god informasjonsflyt p\u00e5 skolen. Gode forberedelser fra l\u00e6rerne er en forutsetning for at elevenes opplevelse skal bli s\u00e5 god som mulig.&nbsp;&nbsp;<\/p>\n\n\n\n<p class=\"has-medium-font-size\">Vi anbefaler alle skoler \u00e5 ha kulturverter som jobber i team med kulturkontakten. Les mer om kulturvertordningen&nbsp;<a href=\"https:\/\/www.denkulturelleskolesekken.no\/vestfold\/for-unge-arrangorer\/kulturverter-vestfold\/\">her.<\/a><\/p>\n\n\n\n<p class=\"has-medium-font-size\"><strong>Noen av arbeidsoppgavene er \u00e5: <\/strong><\/p>\n\n\n\n<ul class=\"has-medium-font-size wp-block-list\"><li>bli kjent med skolens DKS-program p\u00e5 denne nettsiden<\/li><li>s\u00f8rge for at elever og l\u00e6rere er informert i forkant av hvert DKS-arrangement&nbsp;<\/li><li>sammen med kulturvertene skape begeistring for DKS-arrangementene<\/li><li>s\u00f8rge for n\u00f8dvendige, praktiske forberedelser til hvert DKS-arrangement\u202f&nbsp;<\/li><li>opprette kontakt med ut\u00f8verne i forkant av arrangementene\u202f\u202f&nbsp;&nbsp;<\/li><li>s\u00f8rge for at skolen er et godt vertskap under hvert DKS-arrangement&nbsp;<\/li><\/ul>\n\n\n\n<p class=\"has-medium-font-size\">Organiseringen av DKS er ulik i grunnskole og videreg\u00e5ende skole. I grunnskolene jobber kulturkontaktene tett med sin kommunekontakt. Hvis du har sp\u00f8rsm\u00e5l om skolens DKS-program, kan du ta kontrakt med din <a href=\"https:\/\/www.denkulturelleskolesekken.no\/vestfold\/for-kommuner-grunnskoler\/oversikt-kommunekoordinatorer-for-dks-i-vestfold-og-telemark\/\" data-type=\"URL\" data-id=\"https:\/\/www.denkulturelleskolesekken.no\/vestfold\/for-kommuner-grunnskoler\/oversikt-kommunekoordinatorer-for-dks-i-vestfold-og-telemark\/\">kommunekontakt <\/a> eller <a href=\"https:\/\/www.denkulturelleskolesekken.no\/vestfold\/kontakt-oss\/\">DKS-administrasjonen i fylket. <\/a><br><\/p>\n\n\n\n<p class=\"has-medium-font-size\"><strong>Veileder for kulturkontakten<\/strong><br>Kulturtanken har laget en veileder for kulturkontakter med anbefalinger om kulturkontaktens praktiske oppgaver. <a href=\"https:\/\/cdn.denkulturelleskolesekken.no\/vestfold\/492bb94e-handbok-for-kulturverter_a4-2024.pdf\">Veileder for kulturkontakten <\/a> <br><br>Det er utarbeidet en film som forteller kort og presist hva DKS er. Denne er fin \u00e5 vise p\u00e5 foreldrem\u00f8te, planleggingsdager og i andre settinger der man snakker om DKS. <br><a href=\"https:\/\/www.kulturtanken.no\/ressurs\/den-kulturelle-skolesekken-video\/\">Video om DKS<\/a><br><\/p>\n\n\n\n<div class=\"wp-block-buttons is-layout-flex wp-block-buttons-is-layout-flex\"><\/div>\n\n\n\n<div class=\"wp-block-buttons is-layout-flex wp-block-buttons-is-layout-flex\"><\/div>\n\n\n\n<p><\/p>\n","protected":false},"excerpt":{"rendered":"<p>Kulturkontakten er bindeleddet mellom skolen, ut\u00f8verne og DKS. Kulturkontakten er gjerne l\u00e6rer, skoleleder eller skolebibliotekar. Kulturkontakten skal legge til rette for at\u202felevene f\u00e5r gode\u202fDKS-opplevelser og s\u00f8rger for god informasjonsflyt p\u00e5 skolen. Gode forberedelser fra l\u00e6rerne er en forutsetning for at elevenes opplevelse skal bli s\u00e5 god som mulig.&nbsp;&nbsp; Vi anbefaler alle skoler \u00e5 ha kulturverter [&hellip;]<\/p>\n","protected":false},"author":6,"featured_media":2735,"parent":0,"menu_order":0,"comment_status":"closed","ping_status":"closed","template":"","meta":{"footnotes":""},"class_list":["post-25","page","type-page","status-publish","has-post-thumbnail","hentry"],"_links":{"self":[{"href":"https:\/\/www.denkulturelleskolesekken.no\/vestfold\/wp-json\/wp\/v2\/pages\/25","targetHints":{"allow":["GET"]}}],"collection":[{"href":"https:\/\/www.denkulturelleskolesekken.no\/vestfold\/wp-json\/wp\/v2\/pages"}],"about":[{"href":"https:\/\/www.denkulturelleskolesekken.no\/vestfold\/wp-json\/wp\/v2\/types\/page"}],"author":[{"embeddable":true,"href":"https:\/\/www.denkulturelleskolesekken.no\/vestfold\/wp-json\/wp\/v2\/users\/6"}],"replies":[{"embeddable":true,"href":"https:\/\/www.denkulturelleskolesekken.no\/vestfold\/wp-json\/wp\/v2\/comments?post=25"}],"version-history":[{"count":47,"href":"https:\/\/www.denkulturelleskolesekken.no\/vestfold\/wp-json\/wp\/v2\/pages\/25\/revisions"}],"predecessor-version":[{"id":2815,"href":"https:\/\/www.denkulturelleskolesekken.no\/vestfold\/wp-json\/wp\/v2\/pages\/25\/revisions\/2815"}],"wp:featuredmedia":[{"embeddable":true,"href":"https:\/\/www.denkulturelleskolesekken.no\/vestfold\/wp-json\/wp\/v2\/media\/2735"}],"wp:attachment":[{"href":"https:\/\/www.denkulturelleskolesekken.no\/vestfold\/wp-json\/wp\/v2\/media?parent=25"}],"curies":[{"name":"wp","href":"https:\/\/api.w.org\/{rel}","templated":true}]}}