{"id":2309,"date":"2023-05-24T11:33:53","date_gmt":"2023-05-24T11:33:53","guid":{"rendered":"https:\/\/www.denkulturelleskolesekken.no\/vestfoldogtelemark\/?page_id=2309"},"modified":"2025-03-04T09:17:21","modified_gmt":"2025-03-04T09:17:21","slug":"for-barnehager","status":"publish","type":"page","link":"https:\/\/www.denkulturelleskolesekken.no\/vestfold\/for-barnehager\/","title":{"rendered":"For barnehager"},"content":{"rendered":"\n<p class=\"has-medium-font-size\">I desember 2024 vedtok politikerne i Vestfold at kulturtilbudet for barnehager skal videref\u00f8res!<\/p>\n\n\n\n<p>I f\u00f8rste omgang med midler til 2025, men vi h\u00e5per jo at dette viktige prosjektet kan fortsette s\u00e5 ogs\u00e5 barn under skolealder skal f\u00e5 oppleve kunst og kultur av h\u00f8y kvalitet. Da Vestfold og Telemark ble sammensl\u00e5tt jorde vi et pilotprosjekt med kulturtilbud for barnehager i Vestfold, etter modell fra Telemark. Dette ble sv\u00e6rt godt mottatt, og tilbakemeldingene fra barnehagene var veldig gode!<\/p>\n\n\n\n<p>Det sier Ellinor Rose Berg i Hof barnehage i Holmestrand, som er klar for \u00e5 f\u00e5 konserten Plopp p\u00e5 bes\u00f8k.<\/p>\n\n\n\n<p>\u2013 Det er ikke alle barn som har foreldre som tar de med p\u00e5 kulturopplevelser, disse tilbudene sikrer at det blir mer likt for alle. S\u00e5 langt har jeg bare opplevd at produksjonene har h\u00f8g kvalitet, og det blir alltid god stemning, seier Berg.<\/p>\n\n\n\n<p>\u2013 Profesjonelle kulturtilbud er et tilskudd til det vi selv holder p\u00e5 med av kulturelle aktiviteter, seier Berg som selv er musikkpedagog.<\/p>\n\n\n\n<p>Hvilke kulturopplevelser barnehagebarna skal f\u00e5 p\u00e5 bes\u00f8k blir bestemt i l\u00f8pet av v\u00e5ren, og s\u00e5 vil turneene finne sted h\u00f8sten 2025.<\/p>\n","protected":false},"excerpt":{"rendered":"<p>I desember 2024 vedtok politikerne i Vestfold at kulturtilbudet for barnehager skal videref\u00f8res! I f\u00f8rste omgang med midler til 2025, men vi h\u00e5per jo at dette viktige prosjektet kan fortsette s\u00e5 ogs\u00e5 barn under skolealder skal f\u00e5 oppleve kunst og kultur av h\u00f8y kvalitet. Da Vestfold og Telemark ble sammensl\u00e5tt jorde vi et pilotprosjekt med [&hellip;]<\/p>\n","protected":false},"author":6,"featured_media":2278,"parent":0,"menu_order":0,"comment_status":"closed","ping_status":"closed","template":"custom-full-width-with-image.php","meta":{"footnotes":""},"class_list":["post-2309","page","type-page","status-publish","has-post-thumbnail","hentry"],"_links":{"self":[{"href":"https:\/\/www.denkulturelleskolesekken.no\/vestfold\/wp-json\/wp\/v2\/pages\/2309","targetHints":{"allow":["GET"]}}],"collection":[{"href":"https:\/\/www.denkulturelleskolesekken.no\/vestfold\/wp-json\/wp\/v2\/pages"}],"about":[{"href":"https:\/\/www.denkulturelleskolesekken.no\/vestfold\/wp-json\/wp\/v2\/types\/page"}],"author":[{"embeddable":true,"href":"https:\/\/www.denkulturelleskolesekken.no\/vestfold\/wp-json\/wp\/v2\/users\/6"}],"replies":[{"embeddable":true,"href":"https:\/\/www.denkulturelleskolesekken.no\/vestfold\/wp-json\/wp\/v2\/comments?post=2309"}],"version-history":[{"count":4,"href":"https:\/\/www.denkulturelleskolesekken.no\/vestfold\/wp-json\/wp\/v2\/pages\/2309\/revisions"}],"predecessor-version":[{"id":2856,"href":"https:\/\/www.denkulturelleskolesekken.no\/vestfold\/wp-json\/wp\/v2\/pages\/2309\/revisions\/2856"}],"wp:featuredmedia":[{"embeddable":true,"href":"https:\/\/www.denkulturelleskolesekken.no\/vestfold\/wp-json\/wp\/v2\/media\/2278"}],"wp:attachment":[{"href":"https:\/\/www.denkulturelleskolesekken.no\/vestfold\/wp-json\/wp\/v2\/media?parent=2309"}],"curies":[{"name":"wp","href":"https:\/\/api.w.org\/{rel}","templated":true}]}}