{"id":125,"date":"2019-12-10T12:22:29","date_gmt":"2019-12-10T12:22:29","guid":{"rendered":"https:\/\/viken.kulturtanken.app\/?page_id=125"},"modified":"2024-08-07T09:07:22","modified_gmt":"2024-08-07T09:07:22","slug":"er-du-laerer","status":"publish","type":"page","link":"https:\/\/www.denkulturelleskolesekken.no\/vestfold\/er-du-laerer\/","title":{"rendered":"For videreg\u00e5ende oppl\u00e6ring"},"content":{"rendered":"\n<h1 class=\"has-text-color has-x-large-font-size wp-block-heading\" style=\"color:#90bc7f\"><\/h1>\n\n\n\n<p class=\"has-medium-font-size\"><strong>Den kulturelle skolesekken (DKS) er en nasjonal ordning som s\u00f8rger for at alle skoleelever i Norge f\u00e5r oppleve profesjonell kunst og kultur hvert \u00e5r.<\/strong><\/p>\n\n\n\n<p class=\"has-medium-font-size\">Gjennom ordningen f\u00e5r elevene mulighet til \u00e5 oppleve, gj\u00f8re seg kjent med og utvikle forst\u00e5else for profesjonelle kunst- og kulturuttrykk. Kulturtilbudet skal v\u00e6re av h\u00f8y kvalitet, og vise hele bredden av de seks kulturuttrykkene: film, kulturarv, litteratur, musikk, scenekunst og visuell kunst.<\/p>\n\n\n\n<h2 class=\"has-medium-font-size wp-block-heading\">Kontaktperson i Den kulturelle skolesekken<\/h2>\n\n\n\n<p class=\"has-medium-font-size\">Torill Sj\u00f8m\u00e6ling, r\u00e5dgiver, tlf. 909 19 432 \/ <a href=\"mailto:torill.sjomeling@vtfk.no\">torill.sjomeling@vestfoldfylke.no<\/a><\/p>\n","protected":false},"excerpt":{"rendered":"<p>Den kulturelle skolesekken (DKS) er en nasjonal ordning som s\u00f8rger for at alle skoleelever i Norge f\u00e5r oppleve profesjonell kunst og kultur hvert \u00e5r. Gjennom ordningen f\u00e5r elevene mulighet til \u00e5 oppleve, gj\u00f8re seg kjent med og utvikle forst\u00e5else for profesjonelle kunst- og kulturuttrykk. Kulturtilbudet skal v\u00e6re av h\u00f8y kvalitet, og vise hele bredden av [&hellip;]<\/p>\n","protected":false},"author":6,"featured_media":2498,"parent":0,"menu_order":0,"comment_status":"closed","ping_status":"closed","template":"","meta":{"footnotes":""},"class_list":["post-125","page","type-page","status-publish","has-post-thumbnail","hentry"],"_links":{"self":[{"href":"https:\/\/www.denkulturelleskolesekken.no\/vestfold\/wp-json\/wp\/v2\/pages\/125","targetHints":{"allow":["GET"]}}],"collection":[{"href":"https:\/\/www.denkulturelleskolesekken.no\/vestfold\/wp-json\/wp\/v2\/pages"}],"about":[{"href":"https:\/\/www.denkulturelleskolesekken.no\/vestfold\/wp-json\/wp\/v2\/types\/page"}],"author":[{"embeddable":true,"href":"https:\/\/www.denkulturelleskolesekken.no\/vestfold\/wp-json\/wp\/v2\/users\/6"}],"replies":[{"embeddable":true,"href":"https:\/\/www.denkulturelleskolesekken.no\/vestfold\/wp-json\/wp\/v2\/comments?post=125"}],"version-history":[{"count":32,"href":"https:\/\/www.denkulturelleskolesekken.no\/vestfold\/wp-json\/wp\/v2\/pages\/125\/revisions"}],"predecessor-version":[{"id":2607,"href":"https:\/\/www.denkulturelleskolesekken.no\/vestfold\/wp-json\/wp\/v2\/pages\/125\/revisions\/2607"}],"wp:featuredmedia":[{"embeddable":true,"href":"https:\/\/www.denkulturelleskolesekken.no\/vestfold\/wp-json\/wp\/v2\/media\/2498"}],"wp:attachment":[{"href":"https:\/\/www.denkulturelleskolesekken.no\/vestfold\/wp-json\/wp\/v2\/media?parent=125"}],"curies":[{"name":"wp","href":"https:\/\/api.w.org\/{rel}","templated":true}]}}