{"id":11,"date":"2019-10-31T13:31:37","date_gmt":"2019-10-31T13:31:37","guid":{"rendered":"https:\/\/viken.kulturtanken.app\/?page_id=11"},"modified":"2024-08-07T08:14:55","modified_gmt":"2024-08-07T08:14:55","slug":"forside","status":"publish","type":"page","link":"https:\/\/www.denkulturelleskolesekken.no\/vestfold\/","title":{"rendered":"Forside"},"content":{"rendered":"<div id=\"pl-gb11-69e57eb843849\"  class=\"panel-layout\" ><div id=\"pg-gb11-69e57eb843849-0\"  class=\"panel-grid panel-no-style\" ><div id=\"pgc-gb11-69e57eb843849-0-0\"  class=\"panel-grid-cell\" >            <section class=\"kt-headline-three-articles\">\n                <article class=\"kt-headline-article-main\">\n                    <div class=\"kt-headline-article-image\" style=\"background-image: url(https:\/\/cdn.denkulturelleskolesekken.no\/vestfold\/4c24135f-defecto_mfm-2021_erik-brandsborg-1.jpg); background-position: center center\"><\/div>\n                    <div class=\"kt-headline-search-card color-primary\">\n                        <div>\n                            <h2>Utforsk v\u00e5re produksjoner: <\/h2>\n                            <div id=\"kt-explore-productions-210adee3-00b6-4c5f-87de-da350999d93e\" style=\"width: 100%\"><\/div>\n                        <\/div>                        \n                    <\/div>\n                <\/article>\n                <script>window.attachHeadlineSearch(document.getElementById(\"kt-explore-productions-210adee3-00b6-4c5f-87de-da350999d93e\"), {\"url\":\"https:\\\/\\\/www.denkulturelleskolesekken.no\\\/vestfold\\\/utforsk-produksjoner-i-dks\\\/\"});<\/script>\n                <article class=\"kt-headline-article-small\" tabIndex=\"0\">\n                    <div class=\"ktt-headline-article-link\">\n                        <div class=\"kt-headline-article-image\" style=\"background-image: url(https:\/\/cdn.denkulturelleskolesekken.no\/vestfold\/0c8cb3a5-marked-for-musikk-22okt2020_foto-erik-brandsborg-1.jpg.jcex3tncmr3de1tjqa0a.xfoengzfjm.jpg); background-position: center center\"><\/div>\n                                                    <div class=\"kt-headline-article-card kulturuttrykk-musikk\">\n                                <h2><a tabIndex=\"-1\" href=\"https:\/\/www.denkulturelleskolesekken.no\/vestfold\/er-du-utover\/\">Tips til ut\u00f8vere<\/a><\/h2>\n                            <\/div>\n                                            <\/div>\n                <\/article>\n                <article class=\"kt-headline-article-small\" tabIndex=\"0\">\n                    <div class=\"ktt-headline-article-link\">\n                        <div class=\"kt-headline-article-image\" style=\"background-image: url(https:\/\/cdn.denkulturelleskolesekken.no\/vestfold\/90430ea6-bare-egil-og-aslag_mfm-2023_erik-brandsborg-9.jpg); background-position: center center\"><\/div>\n                                                    <div class=\"kt-headline-article-card kulturuttrykk-musikk\">\n                                <h2><a tabIndex=\"-1\" href=\"https:\/\/www.denkulturelleskolesekken.no\/vestfold\/er-du-kulturkontakt\/for-laerere\/\">Tips til l\u00e6rere<\/a><\/h2>\n                            <\/div>\n                                            <\/div>\n                <\/article>\n            <\/section>\n        \n        <section class=\"kt-sticky-posts\">\n            <div class=\"kt-indent-74\">\n                <div class=\"kt-section-header\">\n                    <h2>Aktuelt<\/h2>\n                    <p><\/p>\n                <\/div>\n                <div class=\"kt-sticky-posts-list\">\n                                            <div tabIndex=\"0\" class=\"kt-post\">\n                            <img decoding=\"async\" src=\"https:\/\/cdn.denkulturelleskolesekken.no\/vestfold\/98d87686-dks-lab.png\" alt=\"\"\/>\n                            <div class=\"kt-post-bg theme-colors\">\n                                <h3><a tabIndex=\"-1\" href=\"https:\/\/www.denkulturelleskolesekken.no\/vestfold\/2026\/03\/02\/sok-om-a-fa-bli-med-pa-dks-lab-i-visuell-kunst\/\">S\u00f8k om \u00e5 f\u00e5 bli med p\u00e5 DKS-Lab i visuell kunst!<\/a><\/h3>\n                                <i class=\"material-icons md-48\">arrow_forward_ios<\/i>\n                            <\/div>\n                        <\/div>\n                                            <div tabIndex=\"0\" class=\"kt-post\">\n                            <img decoding=\"async\" src=\"https:\/\/cdn.denkulturelleskolesekken.no\/vestfold\/70895494-ikke-2.jpeg\" alt=\"\"\/>\n                            <div class=\"kt-post-bg theme-colors\">\n                                <h3><a tabIndex=\"-1\" href=\"https:\/\/www.denkulturelleskolesekken.no\/vestfold\/2026\/02\/12\/den-kulturelle-spiren-et-nytt-kulturtilbud-for-barnehager\/\">Den Kulturelle Spiren: Et nytt kulturtilbud for barnehager<\/a><\/h3>\n                                <i class=\"material-icons md-48\">arrow_forward_ios<\/i>\n                            <\/div>\n                        <\/div>\n                                            <div tabIndex=\"0\" class=\"kt-post\">\n                            <img decoding=\"async\" src=\"https:\/\/cdn.denkulturelleskolesekken.no\/vestfoldogtelemark\/35ceab39-pirater-fra-karibien_mfs-2021_foto-erik-brandsborg-4.jpg\" alt=\"Illustrasjonsfoto\"\/>\n                            <div class=\"kt-post-bg theme-colors\">\n                                <h3><a tabIndex=\"-1\" href=\"https:\/\/www.denkulturelleskolesekken.no\/vestfold\/2024\/08\/07\/2559\/\">Her sender du inn ditt programforslag til DKS Vestfold<\/a><\/h3>\n                                <i class=\"material-icons md-48\">arrow_forward_ios<\/i>\n                            <\/div>\n                        <\/div>\n                                            <div tabIndex=\"0\" class=\"kt-post\">\n                            <img decoding=\"async\" src=\"https:\/\/cdn.denkulturelleskolesekken.no\/vestfold\/c724dcf2-mfm-2022_hore-hjemme_erik-brandsborg-1.jpg.jce4j5fjmdfxyzdjqa0a.q_mmirl3q7.jpg\" alt=\"En sanger p\u00e5 scenen\"\/>\n                            <div class=\"kt-post-bg theme-colors\">\n                                <h3><a tabIndex=\"-1\" href=\"https:\/\/www.denkulturelleskolesekken.no\/vestfold\/2024\/05\/27\/program-for-neste-skolear\/\">Program for skole\u00e5ret 24\/25<\/a><\/h3>\n                                <i class=\"material-icons md-48\">arrow_forward_ios<\/i>\n                            <\/div>\n                        <\/div>\n                                            <div tabIndex=\"0\" class=\"kt-post\">\n                            <img decoding=\"async\" src=\"https:\/\/cdn.denkulturelleskolesekken.no\/vestfold\/0e8df207-dks-teamet.jpeg\" alt=\"Fire damer smiler\"\/>\n                            <div class=\"kt-post-bg theme-colors\">\n                                <h3><a tabIndex=\"-1\" href=\"https:\/\/www.denkulturelleskolesekken.no\/vestfold\/2024\/01\/12\/velkommen-til-dks-vestfold\/\">Velkommen til DKS Vestfold!<\/a><\/h3>\n                                <i class=\"material-icons md-48\">arrow_forward_ios<\/i>\n                            <\/div>\n                        <\/div>\n                                            <div tabIndex=\"0\" class=\"kt-post\">\n                            <img decoding=\"async\" src=\"https:\/\/cdn.denkulturelleskolesekken.no\/vestfoldogtelemark\/fb78cb15-spikk-utskjering.jpg\" alt=\"Ein gut skjer i tre\"\/>\n                            <div class=\"kt-post-bg theme-colors\">\n                                <h3><a tabIndex=\"-1\" href=\"https:\/\/www.denkulturelleskolesekken.no\/vestfold\/2023\/06\/29\/har-gitt-barn-og-unge-150-312-kulturmote\/\">Har gitt barn og unge 150 312 kulturm\u00f8te<\/a><\/h3>\n                                <i class=\"material-icons md-48\">arrow_forward_ios<\/i>\n                            <\/div>\n                        <\/div>\n                                    <\/div>\n                    <a class=\"kt-read-more\"\n                        href=\"https:\/\/www.denkulturelleskolesekken.no\/vestfold\/category\/aktuelt\/\"\n                    >\n                        Se nyheter                    <\/a>\n            <\/div>\n        <\/section>\n        <script type=\"text\/javascript\">\n            \/* Fix object-fit issue on IE, Edge *\/\n            var ieEdgeImageCorrection = function () {\n                var isMobileScreen = jQuery(window).width() <= 768;\n                if (!isMobileScreen) {\n                    jQuery('.kt-sticky-posts-list a .kt-post-image-overlay').remove();\n                } else if (document.documentMode || \/Edge\/.test(window.navigator.userAgent)) {\n                    jQuery('.kt-sticky-posts-list img').each(function () {\n                        var t = jQuery(this),\n                            s = 'url(' + t.attr('src') + ')',\n                            p = t.parent(),\n                            d = jQuery('<div class=\"kt-post-image-overlay\"><\/div>');\n                        p.css('position', 'relative');\n                        p.append(d);\n                        d.css({\n                            'position': 'absolute',\n                            'top': '0',\n                            'left': '0',\n                            'bottom': '48px',\n                            'width': '100%',\n                            'background-size': 'cover',\n                            'background-repeat': 'no-repeat',\n                            'background-position': 'center',\n                            'background-image': s\n                        });\n                        \/\/ t.hide();\n                    });\n                }\n            }\n            window.addEventListener('load', ieEdgeImageCorrection);\n            window.addEventListener('resize', ieEdgeImageCorrection);\n        <\/script>\n        <\/div><\/div><\/div>\n\n\n<p><\/p>\n","protected":false},"excerpt":{"rendered":"","protected":false},"author":6,"featured_media":2498,"parent":0,"menu_order":0,"comment_status":"closed","ping_status":"closed","template":"","meta":{"footnotes":""},"class_list":["post-11","page","type-page","status-publish","has-post-thumbnail","hentry"],"_links":{"self":[{"href":"https:\/\/www.denkulturelleskolesekken.no\/vestfold\/wp-json\/wp\/v2\/pages\/11","targetHints":{"allow":["GET"]}}],"collection":[{"href":"https:\/\/www.denkulturelleskolesekken.no\/vestfold\/wp-json\/wp\/v2\/pages"}],"about":[{"href":"https:\/\/www.denkulturelleskolesekken.no\/vestfold\/wp-json\/wp\/v2\/types\/page"}],"author":[{"embeddable":true,"href":"https:\/\/www.denkulturelleskolesekken.no\/vestfold\/wp-json\/wp\/v2\/users\/6"}],"replies":[{"embeddable":true,"href":"https:\/\/www.denkulturelleskolesekken.no\/vestfold\/wp-json\/wp\/v2\/comments?post=11"}],"version-history":[{"count":83,"href":"https:\/\/www.denkulturelleskolesekken.no\/vestfold\/wp-json\/wp\/v2\/pages\/11\/revisions"}],"predecessor-version":[{"id":2884,"href":"https:\/\/www.denkulturelleskolesekken.no\/vestfold\/wp-json\/wp\/v2\/pages\/11\/revisions\/2884"}],"wp:featuredmedia":[{"embeddable":true,"href":"https:\/\/www.denkulturelleskolesekken.no\/vestfold\/wp-json\/wp\/v2\/media\/2498"}],"wp:attachment":[{"href":"https:\/\/www.denkulturelleskolesekken.no\/vestfold\/wp-json\/wp\/v2\/media?parent=11"}],"curies":[{"name":"wp","href":"https:\/\/api.w.org\/{rel}","templated":true}]}}