{"id":971,"date":"2023-06-14T12:19:39","date_gmt":"2023-06-14T12:19:39","guid":{"rendered":"https:\/\/www.denkulturelleskolesekken.no\/trondheim\/?page_id=971"},"modified":"2023-06-26T07:38:12","modified_gmt":"2023-06-26T07:38:12","slug":"kulturtanken-mandatet-og-organisering","status":"publish","type":"page","link":"https:\/\/www.denkulturelleskolesekken.no\/trondheim\/kulturtanken-mandatet-og-organisering\/","title":{"rendered":"Kulturtanken"},"content":{"rendered":"\n<p>Kulturtanken er en statlig etat som har det nasjonale ansvaret for Den kulturelle skolesekken (DKS). Etaten er underlagt Kultur- og likestillingsdepartementet, som i arbeidet med DKS samarbeider med Kunnskapsdepartementet. <\/p>\n\n\n\n<p>Det er kommunene og fylkeskommunene som har det operative ansvaret for DKS. Kulturtanken forvalter de statlige midlene til DKS-ordninga, og skal bidra til \u00e5 styrke og utvikle DKS i samarbeid med fylkeskommuner og kommuner.<\/p>\n\n\n\n<p>I tillegg til \u00e5 ha det nasjonale ansvaretfor DKS, skal Kulturtanken bidra i arbeidet med barne- og ungdomskultur, og forbedre mulighetene for barn og unges deltakelse i kulturlivet.<\/p>\n\n\n<div id=\"pl-gb971-69d8c2c8e5f49\"  class=\"panel-layout\" ><div id=\"pg-gb971-69d8c2c8e5f49-0\"  class=\"panel-grid panel-no-style\" ><div id=\"pgc-gb971-69d8c2c8e5f49-0-0\"  class=\"panel-grid-cell\" ><div id=\"panel-gb971-69d8c2c8e5f49-0-0-0\" class=\"so-panel widget widget_sow-accordion panel-first-child panel-last-child\" data-index=\"0\" ><div\n\t\t\t\n\t\t\tclass=\"so-widget-sow-accordion so-widget-sow-accordion-default-99be652ed941-971\"\n\t\t\t\n\t\t><div>\n\t<div class=\"sow-accordion\">\n\t\t\t<div class=\"sow-accordion-panel\n\t\t\t\t\"\n\t\t\tdata-anchor-id=\"kulturtankens-mal\">\n\t\t\t\t<div class=\"sow-accordion-panel-header-container\" role=\"heading\" aria-level=\"2\">\n\t\t\t\t\t<div class=\"sow-accordion-panel-header\" tabindex=\"0\" role=\"button\" id=\"accordion-label-kulturtankens-m%c3%a5l\" aria-controls=\"accordion-content-kulturtankens-m%c3%a5l\" aria-expanded=\"false\">\n\t\t\t\t\t\t<div class=\"sow-accordion-title sow-accordion-title-icon-left\">\n\t\t\t\t\t\t\t\t\t\t\t\t\t\tKulturtankens m\u00e5l\t\t\t\t\t\t\t\t\t\t\t\t\t<\/div>\n\t\t\t\t\t\t<div class=\"sow-accordion-open-close-button\">\n\t\t\t\t\t\t\t<div class=\"sow-accordion-open-button\">\n\t\t\t\t\t\t\t\t<span class=\"sow-icon-ionicons\" data-sow-icon=\"&#xf218;\"\n\t\t \n\t\taria-hidden=\"true\"><\/span>\t\t\t\t\t\t\t<\/div>\n\t\t\t\t\t\t\t<div class=\"sow-accordion-close-button\">\n\t\t\t\t\t\t\t\t<span class=\"sow-icon-ionicons\" data-sow-icon=\"&#xf209;\"\n\t\t \n\t\taria-hidden=\"true\"><\/span>\t\t\t\t\t\t\t<\/div>\n\t\t\t\t\t\t<\/div>\n\t\t\t\t\t<\/div>\n\t\t\t\t<\/div>\n\n\t\t\t<div\n\t\t\t\tclass=\"sow-accordion-panel-content\"\n\t\t\t\trole=\"region\"\n\t\t\t\taria-labelledby=\"accordion-label-kulturtankens-m%c3%a5l\"\n\t\t\t\tid=\"accordion-content-kulturtankens-m%c3%a5l\"\n\t\t\t\tstyle=\"display: none;\"\t\t\t>\n\t\t\t\t<div class=\"sow-accordion-panel-border\">\n\t\t\t\t\t<ol>\n<li>Effektiv og god forvaltning og styringsstruktur<\/li>\n<li>H\u00f8y kunstnarisk og formidlingsmessig kvalitet p\u00e5 tilbodet i Den kulturelle skulesekken innan alle kunstretningar, som samspiller med l\u00e6replanane i skulen<\/li>\n<li>Samarbeid med kultur- og utdanningssektor om innhald og kvalitet i Den kulturelle skulesekken<\/li>\n<li>Styrket barne- og ungdomskultur med moglegheit for deltakinga til barn og unge<\/li>\n<\/ol>\n\t\t\t\t<\/div>\n\t\t\t<\/div>\n\t\t<\/div>\n\t\t<\/div>\n<\/div>\n<\/div><\/div><\/div><\/div><\/div>","protected":false},"excerpt":{"rendered":"<p>Kulturtanken er en statlig etat som har det nasjonale ansvaret for Den kulturelle skolesekken (DKS). Etaten er underlagt Kultur- og likestillingsdepartementet, som i arbeidet med DKS samarbeider med Kunnskapsdepartementet. Det er kommunene og fylkeskommunene som har det operative ansvaret for DKS. Kulturtanken forvalter de statlige midlene til DKS-ordninga, og skal bidra til \u00e5 styrke og [&hellip;]<\/p>\n","protected":false},"author":14,"featured_media":0,"parent":0,"menu_order":0,"comment_status":"closed","ping_status":"closed","template":"","meta":{"footnotes":""},"class_list":["post-971","page","type-page","status-publish","hentry"],"_links":{"self":[{"href":"https:\/\/www.denkulturelleskolesekken.no\/trondheim\/wp-json\/wp\/v2\/pages\/971","targetHints":{"allow":["GET"]}}],"collection":[{"href":"https:\/\/www.denkulturelleskolesekken.no\/trondheim\/wp-json\/wp\/v2\/pages"}],"about":[{"href":"https:\/\/www.denkulturelleskolesekken.no\/trondheim\/wp-json\/wp\/v2\/types\/page"}],"author":[{"embeddable":true,"href":"https:\/\/www.denkulturelleskolesekken.no\/trondheim\/wp-json\/wp\/v2\/users\/14"}],"replies":[{"embeddable":true,"href":"https:\/\/www.denkulturelleskolesekken.no\/trondheim\/wp-json\/wp\/v2\/comments?post=971"}],"version-history":[{"count":13,"href":"https:\/\/www.denkulturelleskolesekken.no\/trondheim\/wp-json\/wp\/v2\/pages\/971\/revisions"}],"predecessor-version":[{"id":994,"href":"https:\/\/www.denkulturelleskolesekken.no\/trondheim\/wp-json\/wp\/v2\/pages\/971\/revisions\/994"}],"wp:attachment":[{"href":"https:\/\/www.denkulturelleskolesekken.no\/trondheim\/wp-json\/wp\/v2\/media?parent=971"}],"curies":[{"name":"wp","href":"https:\/\/api.w.org\/{rel}","templated":true}]}}