{"id":934,"date":"2022-08-17T10:43:35","date_gmt":"2022-08-17T10:43:35","guid":{"rendered":"https:\/\/www.denkulturelleskolesekken.no\/trondheim\/?page_id=934"},"modified":"2025-10-13T13:16:32","modified_gmt":"2025-10-13T13:16:32","slug":"den-kulturelle-barnehagesekken","status":"publish","type":"page","link":"https:\/\/www.denkulturelleskolesekken.no\/trondheim\/den-kulturelle-barnehagesekken\/","title":{"rendered":"Den kulturelle barnehagesekken i Trondheim"},"content":{"rendered":"\n<p>Trondheim er en av de f\u00e5 kommunene i landet som har en egen kulturell barnehagesekk med et kulturtilbud spesialtilpasset for barnehagebarn, bl.a. med teaterforestillinger, konserter, og verksteder i musikk, dans og sirkus. Den kulturelle barnehagesekken i Trondheim tilbyr b\u00e5de gratis og rimelige kulturtilbud til barnehager, samt informasjon og faglig utvikling. Alle barnehager i Trondheim kommune inviteres til \u00e5 v\u00e6re med. Den kulturelle barnehagesekken (DKB) i Trondheim er i sin helhet finansiert av Trondheim kommune. <\/p>\n\n\n\n<p>Tilbudet skal ha h\u00f8y kunst- og kulturfaglig kvalitet og skal representere bredde og mangfold. Tilbudene i DKB skal v\u00e6re relevante og aktuelle for barn og unge i dag og formidlingen skal v\u00e6re best mulig tilpasset m\u00e5lgruppen.<\/p>\n\n\n\n<p>Hvert halv\u00e5r sendes det ut et p\u00e5meldingstilbud til alle barnehagene i kommunen. <\/p>\n\n\n\n<p><a href=\"https:\/\/docs.google.com\/document\/d\/1JjRUB0tkxwvHj-0lFYyXGBboMVKhVs3yec2JCYFNR9c\/edit?tab=t.0\">Se programmet<\/a>\u00a0for Den kulturelle barnehagesekken h\u00f8sten 2025.<\/p>\n\n\n\n<figure class=\"wp-block-image size-large is-style-default\"><img loading=\"lazy\" decoding=\"async\" width=\"1024\" height=\"512\" src=\"https:\/\/cdn.denkulturelleskolesekken.no\/trondheim\/188d996d-trio-kroll-og-boll-1-1-e1688124550886-1024x512.jpg\" alt=\"\" class=\"wp-image-1042\"\/><figcaption class=\"wp-element-caption\">Mio,Pio og vennskapsknuten<\/figcaption><\/figure>\n\n\n\n<p><strong>Den kulturelle skole- og barnehagesekken: <\/strong><br>\u00d8yvind Anda, avdelingsleder:&nbsp;<a href=\"mailto:oyvind.anda@ou.trondheim.kommune.no\">oyvind.anda@ou.trondheim.kommune.no<\/a>, tlf: 934 42 916<br>Guri Krog Dodig, produsent og turnelegger:&nbsp;<a href=\"mailto:guri.dodig@ou.trondheim.kommune.no\">guri.dodig@ou.trondheim.kommune.no<\/a>, tlf: 970 72 745<\/p>\n","protected":false},"excerpt":{"rendered":"<p>Trondheim er en av de f\u00e5 kommunene i landet som har en egen kulturell barnehagesekk med et kulturtilbud spesialtilpasset for barnehagebarn, bl.a. med teaterforestillinger, konserter, og verksteder i musikk, dans og sirkus. Den kulturelle barnehagesekken i Trondheim tilbyr b\u00e5de gratis og rimelige kulturtilbud til barnehager, samt informasjon og faglig utvikling. Alle barnehager i Trondheim kommune [&hellip;]<\/p>\n","protected":false},"author":9,"featured_media":0,"parent":0,"menu_order":0,"comment_status":"closed","ping_status":"closed","template":"","meta":{"footnotes":""},"class_list":["post-934","page","type-page","status-publish","hentry"],"_links":{"self":[{"href":"https:\/\/www.denkulturelleskolesekken.no\/trondheim\/wp-json\/wp\/v2\/pages\/934","targetHints":{"allow":["GET"]}}],"collection":[{"href":"https:\/\/www.denkulturelleskolesekken.no\/trondheim\/wp-json\/wp\/v2\/pages"}],"about":[{"href":"https:\/\/www.denkulturelleskolesekken.no\/trondheim\/wp-json\/wp\/v2\/types\/page"}],"author":[{"embeddable":true,"href":"https:\/\/www.denkulturelleskolesekken.no\/trondheim\/wp-json\/wp\/v2\/users\/9"}],"replies":[{"embeddable":true,"href":"https:\/\/www.denkulturelleskolesekken.no\/trondheim\/wp-json\/wp\/v2\/comments?post=934"}],"version-history":[{"count":15,"href":"https:\/\/www.denkulturelleskolesekken.no\/trondheim\/wp-json\/wp\/v2\/pages\/934\/revisions"}],"predecessor-version":[{"id":1456,"href":"https:\/\/www.denkulturelleskolesekken.no\/trondheim\/wp-json\/wp\/v2\/pages\/934\/revisions\/1456"}],"wp:attachment":[{"href":"https:\/\/www.denkulturelleskolesekken.no\/trondheim\/wp-json\/wp\/v2\/media?parent=934"}],"curies":[{"name":"wp","href":"https:\/\/api.w.org\/{rel}","templated":true}]}}