{"id":33,"date":"2019-10-31T13:55:54","date_gmt":"2019-10-31T13:55:54","guid":{"rendered":"https:\/\/viken.kulturtanken.app\/?page_id=33"},"modified":"2023-08-03T11:18:19","modified_gmt":"2023-08-03T11:18:19","slug":"hva-er-dks","status":"publish","type":"page","link":"https:\/\/www.denkulturelleskolesekken.no\/trondheim\/hva-er-dks\/","title":{"rendered":"Hva er Den kulturelle skolesekken?"},"content":{"rendered":"\n<p>Den kulturelle skolesekken (DKS) er en nasjonal ordning som s\u00f8rger for at alle skoleelever i Norge f\u00e5r oppleve profesjonell kunst og kultur i skolen. Gjennom ordningen f\u00e5r elevene mulighet til \u00e5 oppleve, gj\u00f8re seg kjent med og utvikle forst\u00e5else for ulike kunst- og kulturuttrykk. Kulturtilbudet skal v\u00e6re av h\u00f8y kvalitet, og vise hele bredden av de seks kulturuttrykkene: film, kulturarv, litteratur, musikk, scenekunst og visuell kunst. Den kulturelle skolesekken er et samarbeidsprosjekt mellom Kulturdepartementet og Kunnskapsdepartementet. Kulturtanken har, siden 2016, det nasjonale ansvaret for ordninga. <\/p>\n\n\n\n<p>Trondheim kommune er en direktekommune. Det inneb\u00e6rer at kommunen selv har totalansvaret for DKS i sin kommune.  DKS Trondheim er organisert som en del av kulturskolen og har sin egen <a href=\"https:\/\/www.denkulturelleskolesekken.no\/trondheim\/\">nettside<\/a>. <\/p>\n\n\n\n<p>En viktig del av DKS-tilbudet i Trondheim er Den kulturelle barnehagesekken, der vi tilbyr b\u00e5de gratis og rimelige kulturtilbud til barnehager, samt informasjon og faglig utvikling. Alle barnehager i Trondheim kommune inviteres til \u00e5 v\u00e6re med. Tilbudet til barnehagene er et viktig tilskudd til fagomr\u00e5det kunst, kultur og kreativitet i rammeplan for barnehager. <\/p>\n\n\n\n<h2 class=\"wp-block-heading\"><strong>M\u00e5l for Den kulturelle skolesekken<\/strong><\/h2>\n\n\n\n<p>Stortinget har sluttet seg til de nasjonale m\u00e5lene i DKS formulert i Meld. St. 18 (2020\u20132021)\u00a0<em>Oppleve, skape, dele. Kunst og kultur for, med og av barn og unge<\/em> med en tydeliggj\u00f8ring av at DKS fremdeles skal sikre at elever f\u00e5r et profesjonelt kunst- og kulturtilbud, jf. vedtak av 8. juni 2021 i sak 29.<\/p>\n\n\n<div id=\"pl-gb33-69d89074b0f17\"  class=\"panel-layout\" ><div id=\"pg-gb33-69d89074b0f17-0\"  class=\"panel-grid panel-no-style\" ><div id=\"pgc-gb33-69d89074b0f17-0-0\"  class=\"panel-grid-cell\" ><div id=\"panel-gb33-69d89074b0f17-0-0-0\" class=\"so-panel widget widget_sow-accordion panel-first-child panel-last-child\" data-index=\"0\" ><div\n\t\t\t\n\t\t\tclass=\"so-widget-sow-accordion so-widget-sow-accordion-default-99be652ed941-33\"\n\t\t\t\n\t\t><div>\n\t<div class=\"sow-accordion\">\n\t\t\t<div class=\"sow-accordion-panel\n\t\t\t\t\"\n\t\t\tdata-anchor-id=\"den-kulturelle-skolesekken-skal\">\n\t\t\t\t<div class=\"sow-accordion-panel-header-container\" role=\"heading\" aria-level=\"2\">\n\t\t\t\t\t<div class=\"sow-accordion-panel-header\" tabindex=\"0\" role=\"button\" id=\"accordion-label-den-kulturelle-skolesekken-skal\" aria-controls=\"accordion-content-den-kulturelle-skolesekken-skal\" aria-expanded=\"false\">\n\t\t\t\t\t\t<div class=\"sow-accordion-title sow-accordion-title-icon-left\">\n\t\t\t\t\t\t\t\t\t\t\t\t\t\tDen kulturelle skolesekken skal: \t\t\t\t\t\t\t\t\t\t\t\t\t<\/div>\n\t\t\t\t\t\t<div class=\"sow-accordion-open-close-button\">\n\t\t\t\t\t\t\t<div class=\"sow-accordion-open-button\">\n\t\t\t\t\t\t\t\t<span class=\"sow-icon-ionicons\" data-sow-icon=\"&#xf218;\"\n\t\t \n\t\taria-hidden=\"true\"><\/span>\t\t\t\t\t\t\t<\/div>\n\t\t\t\t\t\t\t<div class=\"sow-accordion-close-button\">\n\t\t\t\t\t\t\t\t<span class=\"sow-icon-ionicons\" data-sow-icon=\"&#xf209;\"\n\t\t \n\t\taria-hidden=\"true\"><\/span>\t\t\t\t\t\t\t<\/div>\n\t\t\t\t\t\t<\/div>\n\t\t\t\t\t<\/div>\n\t\t\t\t<\/div>\n\n\t\t\t<div\n\t\t\t\tclass=\"sow-accordion-panel-content\"\n\t\t\t\trole=\"region\"\n\t\t\t\taria-labelledby=\"accordion-label-den-kulturelle-skolesekken-skal\"\n\t\t\t\tid=\"accordion-content-den-kulturelle-skolesekken-skal\"\n\t\t\t\tstyle=\"display: none;\"\t\t\t>\n\t\t\t\t<div class=\"sow-accordion-panel-border\">\n\t\t\t\t\t<ul>\n<li>vere eit gratis tilbod for alle barn og unge i grunnskulen og vidareg\u00e5ande skule og skal tilbydast jamleg<\/li>\n<li>sikre at barn og unge f\u00e5r eit likeverdig og profesjonelt kunst- og kulturtilbod av h\u00f8g kvalitet, uavhengig av kvar dei bur, slik at dei kan gjere seg kjend med og utvikle forst\u00e5ing for eit variert spekter av kulturuttrykk<\/li>\n<li>bidra til danninga og utdanninga til barn og unge, slik dette er formulert i overordna del og l\u00e6replanar i fag<\/li>\n<li>formidle eit kulturtilbod som blir opplevd som relevant, og som representerer eit kulturelt mangfald av tilbod og ut\u00f8varar<\/li>\n<li>vere eit samarbeid mellom kultursektoren og utdanningssektoren p\u00e5 alle niv\u00e5 for \u00e5 sikre god planlegging, forankring og tilrettelegging<\/li>\n<li>bidra til \u00e5 styrkje norsk spr\u00e5k, dei samiske spr\u00e5ka, dei nasjonale minoritetsspr\u00e5ka og norsk teiknspr\u00e5k som grunnleggjande kulturberarar<\/li>\n<li>bidra til \u00e5 formidle kunst- og kulturtilbod til barnehagebarn<\/li>\n<\/ul>\n\t\t\t\t<\/div>\n\t\t\t<\/div>\n\t\t<\/div>\n\t\t<\/div>\n<\/div>\n<\/div><\/div><\/div><\/div><\/div>","protected":false},"excerpt":{"rendered":"<p>Den kulturelle skolesekken (DKS) er en nasjonal ordning som s\u00f8rger for at alle skoleelever i Norge f\u00e5r oppleve profesjonell kunst og kultur i skolen. Gjennom ordningen f\u00e5r elevene mulighet til \u00e5 oppleve, gj\u00f8re seg kjent med og utvikle forst\u00e5else for ulike kunst- og kulturuttrykk. Kulturtilbudet skal v\u00e6re av h\u00f8y kvalitet, og vise hele bredden av [&hellip;]<\/p>\n","protected":false},"author":2,"featured_media":1197,"parent":0,"menu_order":0,"comment_status":"closed","ping_status":"closed","template":"","meta":{"footnotes":""},"class_list":["post-33","page","type-page","status-publish","has-post-thumbnail","hentry"],"_links":{"self":[{"href":"https:\/\/www.denkulturelleskolesekken.no\/trondheim\/wp-json\/wp\/v2\/pages\/33","targetHints":{"allow":["GET"]}}],"collection":[{"href":"https:\/\/www.denkulturelleskolesekken.no\/trondheim\/wp-json\/wp\/v2\/pages"}],"about":[{"href":"https:\/\/www.denkulturelleskolesekken.no\/trondheim\/wp-json\/wp\/v2\/types\/page"}],"author":[{"embeddable":true,"href":"https:\/\/www.denkulturelleskolesekken.no\/trondheim\/wp-json\/wp\/v2\/users\/2"}],"replies":[{"embeddable":true,"href":"https:\/\/www.denkulturelleskolesekken.no\/trondheim\/wp-json\/wp\/v2\/comments?post=33"}],"version-history":[{"count":14,"href":"https:\/\/www.denkulturelleskolesekken.no\/trondheim\/wp-json\/wp\/v2\/pages\/33\/revisions"}],"predecessor-version":[{"id":1214,"href":"https:\/\/www.denkulturelleskolesekken.no\/trondheim\/wp-json\/wp\/v2\/pages\/33\/revisions\/1214"}],"wp:featuredmedia":[{"embeddable":true,"href":"https:\/\/www.denkulturelleskolesekken.no\/trondheim\/wp-json\/wp\/v2\/media\/1197"}],"wp:attachment":[{"href":"https:\/\/www.denkulturelleskolesekken.no\/trondheim\/wp-json\/wp\/v2\/media?parent=33"}],"curies":[{"name":"wp","href":"https:\/\/api.w.org\/{rel}","templated":true}]}}