{"id":25,"date":"2019-10-31T13:51:34","date_gmt":"2019-10-31T13:51:34","guid":{"rendered":"https:\/\/viken.kulturtanken.app\/?page_id=25"},"modified":"2025-08-04T13:44:09","modified_gmt":"2025-08-04T13:44:09","slug":"er-du-kulturkontakt","status":"publish","type":"page","link":"https:\/\/www.denkulturelleskolesekken.no\/trondheim\/er-du-kulturkontakt\/","title":{"rendered":"For kulturkontakter i skolen"},"content":{"rendered":"\n<h1 class=\"wp-block-heading\"><\/h1>\n\n\n\n<p>Alle grunnskolene i Trondheim kommune har hver sin kulturkontakt.<\/p>\n\n\n\n<p>Kulturkontakten er skolens kontaktperson for alle kulturuttrykk og skal v\u00e6re oppdaterte p\u00e5 DKS-hendelser, spre informasjon til l\u00e6rere\/elever og delta p\u00e5 kulturkontaktm\u00f8ter.<\/p>\n\n\n\n<p>Programmet publiseres 1. juni. <\/p>\n\n\n\n<p><a href=\"https:\/\/www.denkulturelleskolesekken.no\/trondheim\/utforsk-produksjoner-i-dks\/\">Her finner du en oversikt over alle produksjonene for gjeldende skole\u00e5r.<\/a><\/p>\n\n\n\n<p>Kulturkontaktm\u00f8ter skole\u00e5ret 2025- 2026:<\/p>\n\n\n\n<ul class=\"wp-block-list\">\n<li>Torsdag 18. september kl.14:00 Kulturkontaktm\u00f8te<\/li>\n\n\n\n<li>Torsdag 2. oktober kl 14:00: Kurs for nye kulturkontakter<\/li>\n\n\n\n<li>Desember: Sted og dato kommer<\/li>\n\n\n\n<li>Januar: Sted og dato kommer<\/li>\n\n\n\n<li>Torsdag 23. April 2026 kl 09:00-15:00 Programslipp<\/li>\n<\/ul>\n\n\n\n<p>Alle kulturkontakter og skoler f\u00e5r to kulturpass hver. Kulturpass for skole\u00e5ret 2025-2026&nbsp;sendes ut via internposten. Passet gir gratis adgang innenfor vanlig \u00e5pningstid for 2 personer til institusjonene vi samarbeider med.<\/p>\n\n\n\n<p>Rutiner for nye programtilbud:  Alle skoler v\/ kulturkontakter f\u00e5r melding n\u00e5r turneen er lagt ut. I tillegg blir det sendt en p\u00e5minnelse en uke f\u00f8r turneen begynner.&nbsp; <\/p>\n\n\n\n<p><\/p>\n\n\n<div id=\"pl-gb25-69d8907a50b0a\"  class=\"panel-layout wp-block-siteorigin-panels-layout-block\" ><div id=\"pg-gb25-69d8907a50b0a-0\"  class=\"panel-grid panel-no-style\" ><div id=\"pgc-gb25-69d8907a50b0a-0-0\"  class=\"panel-grid-cell\" ><div id=\"panel-gb25-69d8907a50b0a-0-0-0\" class=\"so-panel widget widget_sow-accordion panel-first-child panel-last-child\" data-index=\"0\" ><div\n\t\t\t\n\t\t\tclass=\"so-widget-sow-accordion so-widget-sow-accordion-default-5674beebb4fa-25\"\n\t\t\t\n\t\t><div>\n\t<div class=\"sow-accordion\">\n\t\t\t<div class=\"sow-accordion-panel\n\t\t\t\t\"\n\t\t\tdata-anchor-id=\"transport-i-dks\">\n\t\t\t\t<div class=\"sow-accordion-panel-header-container\" role=\"heading\" aria-level=\"2\">\n\t\t\t\t\t<div class=\"sow-accordion-panel-header\" tabindex=\"0\" role=\"button\" id=\"accordion-label-transport-i-dks\" aria-controls=\"accordion-content-transport-i-dks\" aria-expanded=\"false\">\n\t\t\t\t\t\t<div class=\"sow-accordion-title sow-accordion-title-icon-left\">\n\t\t\t\t\t\t\t\t\t\t\t\t\t\tTransport i DKS\t\t\t\t\t\t\t\t\t\t\t\t\t<\/div>\n\t\t\t\t\t\t<div class=\"sow-accordion-open-close-button\">\n\t\t\t\t\t\t\t<div class=\"sow-accordion-open-button\">\n\t\t\t\t\t\t\t\t<span class=\"sow-icon-ionicons\" data-sow-icon=\"&#xf218;\"\n\t\t \n\t\taria-hidden=\"true\"><\/span>\t\t\t\t\t\t\t<\/div>\n\t\t\t\t\t\t\t<div class=\"sow-accordion-close-button\">\n\t\t\t\t\t\t\t\t<span class=\"sow-icon-ionicons\" data-sow-icon=\"&#xf209;\"\n\t\t \n\t\taria-hidden=\"true\"><\/span>\t\t\t\t\t\t\t<\/div>\n\t\t\t\t\t\t<\/div>\n\t\t\t\t\t<\/div>\n\t\t\t\t<\/div>\n\n\t\t\t<div\n\t\t\t\tclass=\"sow-accordion-panel-content\"\n\t\t\t\trole=\"region\"\n\t\t\t\taria-labelledby=\"accordion-label-transport-i-dks\"\n\t\t\t\tid=\"accordion-content-transport-i-dks\"\n\t\t\t\tstyle=\"display: none;\"\t\t\t>\n\t\t\t\t<div class=\"sow-accordion-panel-border\">\n\t\t\t\t\t<p>I forbindelse med bes\u00f8k utenfor skolen i regi av Den Kulturelle skolesekken (DKS), benytter skolene 9t2 og ordner skyss selv s\u00e5 langt det g\u00e5r. I de tilfellene det ikke er mulig \u00e5 benytte 9t2, sender dere en epost til guri.dodig@ou.trondheim.kommune.no s\u00e5 bestiller og betaler DKS\u00a0buss for dere. Vi\u00a0trenger da \u00a0f\u00f8lgende informasjon fra skolen\/ trinnet:<\/p>\n<ul>\n<li>Dato<\/li>\n<li>Avgangstidspunkt<\/li>\n<li>Antall elever og l\u00e6rere (antall reisende per buss)<\/li>\n<li>Kontaktperson med telefonnummer<\/li>\n<\/ul>\n<p><strong>Ingen skal g\u00e5 glipp av DKS hendelser pga vanskeligheter med transport, men n\u00e5r skolene benytter 9t2 s\u00e5 blir det mer penger igjen til kunst- og kulturopplevelser for elevene.<\/strong><\/p>\n<p>Noen DKS produksjoner er utfordrende \u00e5 f\u00e5 gjennomf\u00f8rt med med 9t2 ordningen. Til disse produksjonene forh\u00e5ndsbestiller DKS buss for skolene. For skole\u00e5ret 2025\/26 er dette:<\/p>\n<ul>\n<li>4. trinn p\u00e5 Ringve Museum v\u00e5r 2026<\/li>\n<li>6. trinn p\u00e5 Sverresborg Museum v\u00e5r 2026<\/li>\n<li>9. trinn til Falstadsenteret. Skolen tar selv kontakt og bestiller busstransport med Thorleifs buss: Epost: post@tbuss.no eller Tlf: 72 55 33 94. Det er kommunen som belastes transporten til Falstadsenteret, ikke skolen.<\/li>\n<\/ul>\n\t\t\t\t<\/div>\n\t\t\t<\/div>\n\t\t<\/div>\n\t\t\t<div class=\"sow-accordion-panel\n\t\t\t\t\"\n\t\t\tdata-anchor-id=\"stimuleringsmidler\">\n\t\t\t\t<div class=\"sow-accordion-panel-header-container\" role=\"heading\" aria-level=\"2\">\n\t\t\t\t\t<div class=\"sow-accordion-panel-header\" tabindex=\"0\" role=\"button\" id=\"accordion-label-stimuleringsmidler\" aria-controls=\"accordion-content-stimuleringsmidler\" aria-expanded=\"false\">\n\t\t\t\t\t\t<div class=\"sow-accordion-title sow-accordion-title-icon-left\">\n\t\t\t\t\t\t\t\t\t\t\t\t\t\tStimuleringsmidler\t\t\t\t\t\t\t\t\t\t\t\t\t<\/div>\n\t\t\t\t\t\t<div class=\"sow-accordion-open-close-button\">\n\t\t\t\t\t\t\t<div class=\"sow-accordion-open-button\">\n\t\t\t\t\t\t\t\t<span class=\"sow-icon-ionicons\" data-sow-icon=\"&#xf218;\"\n\t\t \n\t\taria-hidden=\"true\"><\/span>\t\t\t\t\t\t\t<\/div>\n\t\t\t\t\t\t\t<div class=\"sow-accordion-close-button\">\n\t\t\t\t\t\t\t\t<span class=\"sow-icon-ionicons\" data-sow-icon=\"&#xf209;\"\n\t\t \n\t\taria-hidden=\"true\"><\/span>\t\t\t\t\t\t\t<\/div>\n\t\t\t\t\t\t<\/div>\n\t\t\t\t\t<\/div>\n\t\t\t\t<\/div>\n\n\t\t\t<div\n\t\t\t\tclass=\"sow-accordion-panel-content\"\n\t\t\t\trole=\"region\"\n\t\t\t\taria-labelledby=\"accordion-label-stimuleringsmidler\"\n\t\t\t\tid=\"accordion-content-stimuleringsmidler\"\n\t\t\t\tstyle=\"display: none;\"\t\t\t>\n\t\t\t\t<div class=\"sow-accordion-panel-border\">\n\t\t\t\t\t<div id=\"content\">\n<section class=\"page-content\">\n<div class=\"container\">\n<section class=\"article-container\">\n<div class=\"article-section\">\n<p><span style=\"font-weight: 400;\">\u00c5rlig utlyses det stimuleringsmidler til lokal forankring av \u201dDen kulturelle skolesekken\u201d. Midlene skal bidra til \u00e5 utvikle innhold og arbeidsformer av kunstnerisk og kulturell art. Dette skal v\u00e6re forankret i l\u00e6replanen. Elevene skal gis muligheter til \u00e5 v\u00e6re med p\u00e5 \u00e5 skape uttrykk p\u00e5 egne premisser i samspill med andre elever, pedagoger og profesjonelle kulturakt\u00f8rer innenfor alle uttrykksformer. Her finner du b\u00e5de lenke til rapporteringsskjema for skole\u00e5ret 2024-2025 og s\u00f8knadsskjema for skole\u00e5ret 2025\/26. Tildelte midler utbetales i etterkant av mottatt rapport. <\/span><\/p>\n<p><a href=\"https:\/\/docs.google.com\/forms\/d\/e\/1FAIpQLSeYdXP94znQDxZwU0VqFTOmw2F2zOIZR8q7neNsO8GsIpRHTw\/viewform?usp=header\"><strong>S\u00f8knadsskjema for skole\u00e5ret 2025-2026 finner du her<\/strong><\/a><\/p>\n<p><strong>Frist for rapportering for skole\u00e5ret 2024-2025 er 30.09.2025. Benytt link til rapporten:<\/strong><\/p>\n<p><strong><a href=\"https:\/\/docs.google.com\/forms\/d\/e\/1FAIpQLSf3scy7eobEgeHNhuQOEw4hyiK6phXtMXq0JDuVGgbQvv5iRA\/viewform?usp=dialog\">Rapport stimuleringsmidler 2024\/2025<\/a><\/strong><\/p>\n<p>&nbsp;<\/p>\n<p>Overordnet skal stimuleringsmidlene benyttes innenfor de nasjonale m\u00e5lene for Den kulturelle skolesekken. Det inneb\u00e6rer at midlene skal medvirke til at elever f\u00e5r et<br \/>\nprofesjonelt kunst- og kulturtilbud.<\/p>\n<p><span style=\"font-weight: 400;\">S\u00f8knadsbel\u00f8p inntil kr. 20.000,-\u00a0<\/span><\/p>\n<p><span style=\"font-weight: 400;\">Alle skoler kan s\u00f8ke midler, men vi presiserer <\/span><span style=\"font-weight: 400;\">at ikke alle s\u00f8kere automatisk kan regne med \u00e5 f\u00e5 tilsagn om st\u00f8tte.<\/span><\/p>\n<p><span style=\"font-weight: 400;\">Tilskuddsvolumet til s\u00f8kere som f\u00e5r positivt tilsagn vil kunne ligge under oms\u00f8kt bel\u00f8p. Skoler som mottar midler forplikter seg til \u00e5 presentere sine prosjekter for andre etter n\u00e6rmere avtale. Skolen plikter ogs\u00e5 \u00e5 informere de som involveres i prosjektet om at dette er en del av Den kulturelle skolesekken.<\/span><\/p>\n<p><span style=\"font-weight: 400;\">\u00a0<\/span><span style=\"font-weight: 400;\">Krav til s\u00f8knaden:<\/span><\/p>\n<ul>\n<li><span style=\"font-weight: 400;\">Alle punkter i s\u00f8knaden m\u00e5 fylles ut. Spesielt viktig er det at riktig internkontonr. (med prosjektnr.) oppgis. S\u00f8knadsskjema f\u00f8lger utlysningen.<\/span><\/li>\n<li><span style=\"font-weight: 400;\">S\u00f8knaden sendes ved \u00e5 svare p\u00e5 sp\u00f8rsm\u00e5lene nedenfor. Husk \u00e5 fylle ut de obligatoriske feltene, og trykk send.<\/span><\/li>\n<\/ul>\n<\/div>\n<div class=\"article-section\">\n<p><span style=\"font-weight: 400;\">Midlene skal stimulere skolene til \u00e5 sette i gang kunst og kulturprosjekter p\u00e5 eget initiativ og er knyttet til f\u00f8lgende kriterier:<\/span><\/p>\n<ul>\n<li>Prosjektarbeidet skal forankres i l\u00e6replanen<\/li>\n<li>Aktivitet skal prim\u00e6rt skje p\u00e5 egen skole\/arena<\/li>\n<li>Tilskuddet skal g\u00e5 til kulturaktiviteter som kan knyttes til Den kulturelle skolesekken<\/li>\n<li>Skoler som s\u00f8ker midler m\u00e5 bidra med egne midler inn i prosjektet det s\u00f8kes tilskudd til<\/li>\n<li>Samarbeid med profesjonelle kunst- og kulturakt\u00f8rer er en forutsetning<\/li>\n<li>Prosjektet m\u00e5 gjerne involvere kulturskolen, kulturenheten, eller andre kommunale enheter eller frivillige organisasjoner<\/li>\n<li>Stimuleringsmidlene b\u00f8r knyttes b\u00e5de til kunstnerisk\/pedagogisk prosess og et formidlingsopplegg<\/li>\n<li>Stimuleringsmidler skal ikke g\u00e5 til ordin\u00e6re undervisningsform\u00e5l eller innkj\u00f8p av utstyr \/inventar<\/li>\n<\/ul>\n<p><strong>S\u00f8knadsfrist for skole\u00e5ret 2025-26 er 1. oktober 2025. Skolene kan forvente svar p\u00e5 s\u00f8knadene innen 1. desember 2025.\u00a0<\/strong><\/p>\n<p><strong>Fra skole\u00e5ret 2024-2025, utbetales midlene i etterkant av mottatt rapport. Frist for rapportering for skole\u00e5ret 2024-25 er 29.september 2025.\u00a0<\/strong><\/p>\n<\/div>\n<div class=\"article-section\">\n<p><a href=\"https:\/\/docs.google.com\/forms\/d\/e\/1FAIpQLSf3scy7eobEgeHNhuQOEw4hyiK6phXtMXq0JDuVGgbQvv5iRA\/viewform?usp=dialog\">Lenke til rapporteringsskjema for skole\u00e5ret 2024-2025.<\/a><\/p>\n<div class=\"article-section\"><span style=\"font-weight: 400;\">S<\/span><span style=\"font-weight: 400;\">p\u00f8rsm\u00e5l rettes til \u00d8yvind Anda pr. <a href=\"oeyvind.anda@ou.trondheim.kommune.no\">e-post <\/a><\/span><\/div>\n<div class=\"article-section\"><span style=\"font-weight: 400;\">eller\u00a0<\/span><span style=\"font-weight: 400;\">tlf. 93442916<\/span><\/div>\n<\/div>\n<\/section>\n<\/div>\n<\/section>\n<\/div>\n<footer class=\"footer\">\n<div class=\"container\">\n<div class=\"col\"><\/div>\n<\/div>\n<\/footer>\n\t\t\t\t<\/div>\n\t\t\t<\/div>\n\t\t<\/div>\n\t\t\t<div class=\"sow-accordion-panel\n\t\t\t\t\"\n\t\t\tdata-anchor-id=\"elevarrangorer\">\n\t\t\t\t<div class=\"sow-accordion-panel-header-container\" role=\"heading\" aria-level=\"2\">\n\t\t\t\t\t<div class=\"sow-accordion-panel-header\" tabindex=\"0\" role=\"button\" id=\"accordion-label-elevarrang%c3%b8rer\" aria-controls=\"accordion-content-elevarrang%c3%b8rer\" aria-expanded=\"false\">\n\t\t\t\t\t\t<div class=\"sow-accordion-title sow-accordion-title-icon-left\">\n\t\t\t\t\t\t\t\t\t\t\t\t\t\tElevarrang\u00f8rer\t\t\t\t\t\t\t\t\t\t\t\t\t<\/div>\n\t\t\t\t\t\t<div class=\"sow-accordion-open-close-button\">\n\t\t\t\t\t\t\t<div class=\"sow-accordion-open-button\">\n\t\t\t\t\t\t\t\t<span class=\"sow-icon-ionicons\" data-sow-icon=\"&#xf218;\"\n\t\t \n\t\taria-hidden=\"true\"><\/span>\t\t\t\t\t\t\t<\/div>\n\t\t\t\t\t\t\t<div class=\"sow-accordion-close-button\">\n\t\t\t\t\t\t\t\t<span class=\"sow-icon-ionicons\" data-sow-icon=\"&#xf209;\"\n\t\t \n\t\taria-hidden=\"true\"><\/span>\t\t\t\t\t\t\t<\/div>\n\t\t\t\t\t\t<\/div>\n\t\t\t\t\t<\/div>\n\t\t\t\t<\/div>\n\n\t\t\t<div\n\t\t\t\tclass=\"sow-accordion-panel-content\"\n\t\t\t\trole=\"region\"\n\t\t\t\taria-labelledby=\"accordion-label-elevarrang%c3%b8rer\"\n\t\t\t\tid=\"accordion-content-elevarrang%c3%b8rer\"\n\t\t\t\tstyle=\"display: none;\"\t\t\t>\n\t\t\t\t<div class=\"sow-accordion-panel-border\">\n\t\t\t\t\t<p>Mange skoler har grupper med elever som arrang\u00f8rer. Disse elevene kan bl.a. ha ansvaret for \u00e5 hjelpe kulturkontakten med \u00e5 forberede og ta imot produksjonene som kommer p\u00e5 bes\u00f8k til skolene.<\/p>\n<p>Tr\u00f8ndelag fylkeskommune har utviklet et digitalt kurs for elevarrang\u00f8rer. \u00abElevarrang\u00f8rene\u00bb er et brukervennlig og fleksibelt konsept, for \u00e5 kurse elever som skal ta imot ut\u00f8vere fra Den kulturelle skolesekken. Opplegget kan benyttes akkurat n\u00e5r det m\u00e5tte passe, og kan brukes bitvis eller i sin helhet. Kurset er digitalt tilgjengelig for alle skoler i landet. Nysgjerrig?\u00a0<a href=\"https:\/\/www.kulturtanken.no\/ressurs\/kurs-for-elevarrangorer\/\"><strong>Her finner du hele kurset, med filmer og verkt\u00f8yark!<\/strong><\/a><\/p>\n<p>Vi \u00f8nsker fortsatt \u00e5 tilby fysiske kurs, for de som vil ha det. Om skolen ikke har elevarrang\u00f8rer fra f\u00f8r, eller \u00f8nsker \u00e5 l\u00e6re opp nye elever, tilbyr vi et kurs for elevarrang\u00f8rer p\u00e5 deres skole. Kurset varer i ca 60-90 minutter. Skolen velger ut ca 4-6 elever til \u00e5 v\u00e6re elevarrang\u00f8r. Kurset vil ta utgangspunkt i en skolekonsert, men elevene kan ogs\u00e5 brukes som arrang\u00f8rer p\u00e5 andre hendelser. Det er opp til skolen \u00e5 bestemme hvilke oppgaver elevarrang\u00f8rene skal ha.<\/p>\n<p><a href=\"https:\/\/docs.google.com\/document\/d\/1UfT0jB4hIqsdXJtKDMmDR6VyUcfyyA88ml2d7DR2k84\/edit\" target=\"_blank\" rel=\"noopener\">Her finner dere en sjekkliste<\/a>\u00a0som er fin for elevene \u00e5 bruke i forkant av en DKS produksjon\/ skolekonsert.<\/p>\n<p>Om dere \u00f8nsker et kulturarrang\u00f8rkurs, send en epost til <a href=\"mailto:guri.dodig@ou.trondheim.kommune.no\">guri.dodig@ou.trondheim.kommune.no<\/a> s\u00e5 kan vi avtale et tidspunkt som passer for din skole og elevene.<\/p>\n<p>Arrang\u00f8rer vil f\u00e5 kulturvert t-skjorter. Bare send en henvendelse <a href=\"mailto:guri.dodig@ou.trondheim.kommune.no\" data-type=\"URL\">til oss <\/a>med \u00f8nsket st\u00f8rrelse.<\/p>\n\t\t\t\t<\/div>\n\t\t\t<\/div>\n\t\t<\/div>\n\t\t<\/div>\n<\/div>\n<\/div><\/div><\/div><\/div><\/div>\n\n\n<p><\/p>\n","protected":false},"excerpt":{"rendered":"<p>Alle grunnskolene i Trondheim kommune har hver sin kulturkontakt. Kulturkontakten er skolens kontaktperson for alle kulturuttrykk og skal v\u00e6re oppdaterte p\u00e5 DKS-hendelser, spre informasjon til l\u00e6rere\/elever og delta p\u00e5 kulturkontaktm\u00f8ter. Programmet publiseres 1. juni. Her finner du en oversikt over alle produksjonene for gjeldende skole\u00e5r. Kulturkontaktm\u00f8ter skole\u00e5ret 2025- 2026: Alle kulturkontakter og skoler f\u00e5r to [&hellip;]<\/p>\n","protected":false},"author":2,"featured_media":0,"parent":0,"menu_order":0,"comment_status":"closed","ping_status":"closed","template":"","meta":{"footnotes":""},"class_list":["post-25","page","type-page","status-publish","hentry"],"_links":{"self":[{"href":"https:\/\/www.denkulturelleskolesekken.no\/trondheim\/wp-json\/wp\/v2\/pages\/25","targetHints":{"allow":["GET"]}}],"collection":[{"href":"https:\/\/www.denkulturelleskolesekken.no\/trondheim\/wp-json\/wp\/v2\/pages"}],"about":[{"href":"https:\/\/www.denkulturelleskolesekken.no\/trondheim\/wp-json\/wp\/v2\/types\/page"}],"author":[{"embeddable":true,"href":"https:\/\/www.denkulturelleskolesekken.no\/trondheim\/wp-json\/wp\/v2\/users\/2"}],"replies":[{"embeddable":true,"href":"https:\/\/www.denkulturelleskolesekken.no\/trondheim\/wp-json\/wp\/v2\/comments?post=25"}],"version-history":[{"count":74,"href":"https:\/\/www.denkulturelleskolesekken.no\/trondheim\/wp-json\/wp\/v2\/pages\/25\/revisions"}],"predecessor-version":[{"id":1439,"href":"https:\/\/www.denkulturelleskolesekken.no\/trondheim\/wp-json\/wp\/v2\/pages\/25\/revisions\/1439"}],"wp:attachment":[{"href":"https:\/\/www.denkulturelleskolesekken.no\/trondheim\/wp-json\/wp\/v2\/media?parent=25"}],"curies":[{"name":"wp","href":"https:\/\/api.w.org\/{rel}","templated":true}]}}