{"id":1132,"date":"2023-08-01T13:13:19","date_gmt":"2023-08-01T13:13:19","guid":{"rendered":"https:\/\/www.denkulturelleskolesekken.no\/trondheim\/?page_id=1132"},"modified":"2025-09-10T08:03:55","modified_gmt":"2025-09-10T08:03:55","slug":"innmelding-av-programforslag","status":"publish","type":"page","link":"https:\/\/www.denkulturelleskolesekken.no\/trondheim\/innmelding-av-programforslag\/","title":{"rendered":"Innmelding av programforslag"},"content":{"rendered":"\n<p><a href=\"https:\/\/portal.denkulturelleskolesekken.no\/\">Innmeldingsportalen<\/a> for ut\u00f8vere og kulturinstitusjoner i hele landet driftes av Kulturtanken. I Portalen velger man hvilke fylker og\/eller kommuner innmeldingen skal sendes til. <\/p>\n\n\n\n<p>Den kulturelle skole- og barnehagesekken tar imot innmeldinger i f\u00f8lgende periode: Portalen \u00e5pner 1.september for innsendelse av forslag til p\u00e5f\u00f8lgende skole\u00e5r. Innmeldingsfrist er 1. oktober kl. 23.59.&nbsp;Ogs\u00e5 de som har s\u00f8kt f\u00f8r og blitt antatt, m\u00e5 s\u00f8ke igjen \/ reaktivere forslaget.<\/p>\n\n\n\n<p><strong>Viktig!<\/strong> <strong>Ved innmelding av programforslag skal all opphavsrett registreres under punktet &#8220;opphavsrett og vederlagsplikt&#8221;. Dette gjelder uavhengig av om rettighetshaver er ut\u00f8ver eller ikke. <\/strong><\/p>\n\n\n\n<p>I tillegg til informasjonen du finner p\u00e5 denne siden har Kulturtanken utviklet en del ressurser som kan benyttes i forbindelse med utarbeidelsen av en innmelding: <\/p>\n\n\n\n<ul class=\"wp-block-list\">\n<li><a href=\"https:\/\/www.denkulturelleskolesekken.no\/ofte-stilte-sporsmal\/\">Ofte stilte sp\u00f8rsm\u00e5l<\/a><\/li>\n\n\n\n<li><a href=\"https:\/\/www.denkulturelleskolesekken.no\/forside\/om-dks\/utover\/\">Tips og informasjon til ut\u00f8vere<\/a><\/li>\n<\/ul>\n\n\n\n<p class=\"has-large-font-size\" style=\"font-style:normal;font-weight:600\">M\u00e5l og prioriteringer 2026-27<\/p>\n\n\n\n<p><em>Den kulturelle skole- og barnehagesekken i Trondheim (DKS Trondheim) legger vekt p\u00e5 \u00e5 n\u00e5 de nasjonale m\u00e5lene for ordningen, slik de st\u00e5r nedfelt i&nbsp;<em>Meld. St. 18 (2020-2021)&nbsp;<a rel=\"noreferrer noopener\" href=\"https:\/\/www.regjeringen.no\/no\/dokumenter\/meld.-st.-18-20202021\/id2839455\/\" target=\"_blank\">Oppleve, skape, dele \u2013 Kunst og kultur for, med og av barn og unge<\/a>.<\/em><\/em><\/p>\n\n\n\n<p>Den kulturelle skolesekken skal: <\/p>\n\n\n\n<ul class=\"wp-block-list\">\n<li><em>vere eit gratis tilbod for alle barn og unge i grunnskulen og vidareg\u00e5ande skule og skal tilbydast jamleg<\/em><\/li>\n\n\n\n<li><em>sikre at barn og unge f\u00e5r eit likeverdig og profesjonelt kunst- og kulturtilbod av h\u00f8g kvalitet, uavhengig av kvar dei bur, slik at dei kan gjere seg kjend med og utvikle forst\u00e5ing for eit variert<\/em> <em>spekter av kulturuttrykk<\/em><\/li>\n\n\n\n<li><em>bidra til danninga og utdanninga til barn og unge, slik dette er formulert i overordna del og l\u00e6replanar i fag<\/em><\/li>\n\n\n\n<li><em>formidle eit kulturtilbod som blir opplevd som relevant, og som representerer eit kulturelt mangfald av tilbod og ut\u00f8varar<\/em><\/li>\n\n\n\n<li><em>vere eit samarbeid mellom kultursektoren og utdanningssektoren p\u00e5 alle niv\u00e5 for \u00e5 sikre god planlegging, forankring og tilrettelegging<\/em><\/li>\n\n\n\n<li><em>bidra til \u00e5 styrkje norsk spr\u00e5k, dei samiske spr\u00e5ka, dei nasjonale minoritetsspr\u00e5ka og norsk teiknspr\u00e5k som grunnleggjande kulturberarar<\/em><\/li>\n\n\n\n<li><em>bidra til \u00e5 formidle kunst- og kulturtilbod til barnehagebarn<\/em><\/li>\n<\/ul>\n\n\n\n<p>Tilbudet i Den kulturelle skole- og barnehagesekken Trondheim (DKSB) skal ha h\u00f8y kunst- og kulturfaglig kvalitet og skal representere bredde og mangfold. Tilbudene i DKSB skal v\u00e6re relevante og aktuelle for barn og unge i dag og formidlingen skal v\u00e6re  best mulig tilpasset den enkelte m\u00e5lgruppe. <\/p>\n\n\n\n<p>Mye av tilbudet i DKS er ivaretatt av byens kulturinstitusjoner. Dette gjelder i sv\u00e6rt stor grad kulturuttrykkene kulturarv og visuell kunst. Deler av tilbudet innenfor de \u00f8vrige kulturuttrykkene litteratur, film, musikk og scenekunst, er ogs\u00e5 ivaretatt av kulturinstitusjoner, men i noe mindre grad. <\/p>\n\n\n\n<p><strong>Andre kriterier:<\/strong><\/p>\n\n\n\n<ul class=\"wp-block-list\">\n<li>Tilbudet i DKS Trondheim skal ha h\u00f8y kunst- og kulturfaglig kvalitet og skal representere bredde og mangfold. <\/li>\n\n\n\n<li>Tilbudene i DKS skal v\u00e6re relevante og aktuelle for barn og unge i dag og formidlingen skal v\u00e6re  best mulig tilpasset den enkelte m\u00e5lgruppe. <\/li>\n\n\n\n<li>I DKS Trondheim inkluderes  avtalene Trondheim kommune har med museer, festivaler, Trondheim kino og det frie scenekunstmilj\u00f8et. <\/li>\n\n\n\n<li>I l\u00f8pet av 10 \u00e5r i grunnskolen skal alle elever i Trondheimsskolen ha bes\u00f8kt byens viktigste kulturinstitusjoner, samt opplevd kulturuttrykkene musikk, scenekunst, film, kulturarv, visuell kunst og litteratur. Dette for \u00e5 sikre at alle elevene f\u00e5r oppleve et bredt utvalg av kunstuttrykk i l\u00f8pet av 10 \u00e5r p\u00e5 skolen. For \u00e5 sikre dette er kunstuttrykkene i Trondheim DKS delt inn etter trinn. Det inneb\u00e6rer at DKS Trondheim ved programmering 1.-10. trinn som hovedregel ser bort fra programforslag der ikke kunstuttrykkene samsvarer med elevm\u00e5lgrupper etter f\u00f8lgende oppsett:<\/li>\n<\/ul>\n\n\n\n<ol class=\"wp-block-list\">\n<li>trinn: Litteratur<\/li>\n\n\n\n<li>trinn: Scenekunst ( Scenekunstproduksjonene skal egne seg for b\u00e5de 2. og 3.trinn)<\/li>\n\n\n\n<li>trinn: Scenekunst og kulturarv (Vitenskapsmuseet)<\/li>\n\n\n\n<li>trinn: Visuell kunst og Ringve museum (kulturarv og musikk)<\/li>\n\n\n\n<li>trinn: Litteratur og musikk (Trondheim symfoniorkester)<\/li>\n\n\n\n<li>trinn: Kulturarv (Nidarosdomen og Sverresborg museum)<\/li>\n\n\n\n<li>trinn: Film<\/li>\n\n\n\n<li>trinn: Litteratur og visuell kunst<\/li>\n\n\n\n<li>trinn: Kulturarv (Falstad) og film<\/li>\n\n\n\n<li>trinn: Scenekunst (Tr\u00f8ndelag teater) og Rockheim (kulturarv og musikk)<\/li>\n<\/ol>\n\n\n\n<p>Unntak fra denne inndelingen: <\/p>\n\n\n\n<ul class=\"wp-block-list\">\n<li>Programmering av kulturinstitusjoner og festivaler med utvidede tilbud for barn og unge. F.eks. Kosmorama, Minimalen m.fl.<\/li>\n\n\n\n<li>Musikkproduksjoner med m\u00e5lgruppe 1.-10.trinn, 1.-7.trinn eller 8.-10. trinn. Musikkproduksjoner med smalere m\u00e5lgruppe enn dette, vil som hovedregel ikke bli vurdert.<\/li>\n<\/ul>\n\n\n\n<p><strong>Spesifikke kriterier for Den kulturelle barnehagesekken:<\/strong> N\u00e5r det gjelder produksjoner for barnehagen skal ogs\u00e5 disse v\u00e6re spesialtilpasset m\u00e5lgruppen. Produksjonene settes i hovedsak opp ute i barnehagene. Derfor vil i stor grad produksjoner i egnet format bli prioritert, uten at det skal g\u00e5 p\u00e5 bekostning av produksjonens kvalitet og relevans for m\u00e5lgruppen. For perioden 2025-2026 \u00f8nsker vi \u00e5 prioritere produksjoner for m\u00e5lgruppen 0-3 \u00e5r og oppfordrer de som har produksjoner for denne m\u00e5lgruppen spesielt til \u00e5 sende inn programforslag. <\/p>\n\n\n\n<p><strong>Ut\u00f8verne skal v\u00e6re profesjonelle<\/strong>: Alle ut\u00f8vere som engasjeres av DKS Trondheim skal v\u00e6re profesjonelle. Dette skal gjenspeiles i Den enkelte kunstners vedlagte CV, se under &#8220;Forslagsprosessen&#8221;, om krav til dokumentasjon. <\/p>\n\n\n\n<p class=\"has-large-font-size\" style=\"font-style:normal;font-weight:700\">Forslagsprosessen<\/p>\n\n\n\n<p>Den kulturelle skole- og barnehagesekken i Trondheim (DKSB) mottar \u00e5rlig et h\u00f8yt antall innmeldinger av programforslag. Det medf\u00f8rer at det m\u00e5 gj\u00f8res strenge prioriteringer og at ferdigstilte produksjoner som gir lite grunnlag&nbsp;for vurdering, f. eks. fordi de er mangelfullt dokumentert, normalt vil bli nedprioritert.&nbsp;<\/p>\n\n\n<div id=\"pl-gb1132-69d88eb58e260\"  class=\"panel-layout wp-block-siteorigin-panels-layout-block\" ><div id=\"pg-gb1132-69d88eb58e260-0\"  class=\"panel-grid panel-no-style\" ><div id=\"pgc-gb1132-69d88eb58e260-0-0\"  class=\"panel-grid-cell\" ><div id=\"panel-gb1132-69d88eb58e260-0-0-0\" class=\"so-panel widget widget_sow-accordion panel-first-child panel-last-child\" data-index=\"0\" ><div\n\t\t\t\n\t\t\tclass=\"so-widget-sow-accordion so-widget-sow-accordion-default-99be652ed941-1132\"\n\t\t\t\n\t\t><div>\n\t<div class=\"sow-accordion\">\n\t\t\t<div class=\"sow-accordion-panel\n\t\t\t\t\"\n\t\t\tdata-anchor-id=\"beskrivelse-av-produksjonen-og-dokumentasjon\">\n\t\t\t\t<div class=\"sow-accordion-panel-header-container\" role=\"heading\" aria-level=\"2\">\n\t\t\t\t\t<div class=\"sow-accordion-panel-header\" tabindex=\"0\" role=\"button\" id=\"accordion-label-beskrivelse-av-produksjonen-og-dokumentasjon\" aria-controls=\"accordion-content-beskrivelse-av-produksjonen-og-dokumentasjon\" aria-expanded=\"false\">\n\t\t\t\t\t\t<div class=\"sow-accordion-title sow-accordion-title-icon-left\">\n\t\t\t\t\t\t\t\t\t\t\t\t\t\tBeskrivelse av produksjonen og dokumentasjon\t\t\t\t\t\t\t\t\t\t\t\t\t<\/div>\n\t\t\t\t\t\t<div class=\"sow-accordion-open-close-button\">\n\t\t\t\t\t\t\t<div class=\"sow-accordion-open-button\">\n\t\t\t\t\t\t\t\t<span class=\"sow-icon-ionicons\" data-sow-icon=\"&#xf218;\"\n\t\t \n\t\taria-hidden=\"true\"><\/span>\t\t\t\t\t\t\t<\/div>\n\t\t\t\t\t\t\t<div class=\"sow-accordion-close-button\">\n\t\t\t\t\t\t\t\t<span class=\"sow-icon-ionicons\" data-sow-icon=\"&#xf209;\"\n\t\t \n\t\taria-hidden=\"true\"><\/span>\t\t\t\t\t\t\t<\/div>\n\t\t\t\t\t\t<\/div>\n\t\t\t\t\t<\/div>\n\t\t\t\t<\/div>\n\n\t\t\t<div\n\t\t\t\tclass=\"sow-accordion-panel-content\"\n\t\t\t\trole=\"region\"\n\t\t\t\taria-labelledby=\"accordion-label-beskrivelse-av-produksjonen-og-dokumentasjon\"\n\t\t\t\tid=\"accordion-content-beskrivelse-av-produksjonen-og-dokumentasjon\"\n\t\t\t\tstyle=\"display: none;\"\t\t\t>\n\t\t\t\t<div class=\"sow-accordion-panel-border\">\n\t\t\t\t\t<p>Vi anbefaler \u00e5 v\u00e6re konkret. Det er viktig at du gir oss et klart og tydelig bilde av hvordan det ser ut, h\u00f8res ut, hva man gj\u00f8r, osv.<\/p>\n<p>De som vurderer produksjonen skal ha tilstrekkelig informasjon til \u00e5 kunne garantere for\u00a0 kvaliteten.<\/p>\n<ul>\n<li>Hvordan presenterer du ut\u00f8verne?<\/li>\n<li>Hvordan presenterer du det kunstneriske?<\/li>\n<li>Hva kan du si om formidlingen?<\/li>\n<li>Hvordan ivaretas tekniske og praktiske anliggender?<\/li>\n<li>Hvilken erfaring har produksjonen og\/eller de medvirkende med m\u00e5lgruppa?<\/li>\n<li>Er det annet du b\u00f8r si noe om for \u00e5 fremheve kvaliteten?<\/li>\n<\/ul>\n<p>Alle produksjoner b\u00f8r som minimum ha f\u00f8lgende dokumentasjon:<\/p>\n<ul>\n<li>CV for alle involvert<\/li>\n<li>Budsjett<\/li>\n<li>Bilder av ut\u00f8ver(e), fra fremf\u00f8ring eller av produksjonen (til eventuell produksjonsside)<\/li>\n<li>Programforslaget til DKSB Trondheim skal gi fullverdig informasjon om tekniske behov og feltet \u201cInformasjon om \u00f8konomi og pris\u201d m\u00e5 fylles ut for at forslaget skal bli vurdert.<\/li>\n<li>Innenfor scenekunst og musikk skal det i hovedsak legges ved videoopptak av hele produksjonen. Dersom videoopptak ikke er vedlagt, vil det kunne resultere i at vurderingsgrunnlaget er utilstrekkelig.<\/li>\n<li>Ved innmelding av programforslag skal all opphavsrett registreres under punktet &#8220;opphavsrett og vederlagsplikt&#8221;. Dette gjelder uavhengig av om rettighetshaver er ut\u00f8ver eller ikke.<\/li>\n<\/ul>\n<p>I tillegg anbefaler vi \u00e5 legge ved f\u00f8lgende f\u00f8lgende:<\/p>\n<ul>\n<li>Lydopptak f.eks fra fremf\u00f8ringer, musikkinnspilling eller annet, helst som lenke<\/li>\n<li>Videopptak, gjerne med publikum i rett aldersgruppe, helst som lenke.<\/li>\n<li>Forfattere b\u00f8r legge ved sine tekster eller b\u00f8ker<\/li>\n<li>Referanse og\/eller attester<\/li>\n<li>Ev. andre vedlegg som bidrar til \u00e5 fremheve produksjonens kvaliteter<\/li>\n<\/ul>\n<p>&nbsp;<\/p>\n\t\t\t\t<\/div>\n\t\t\t<\/div>\n\t\t<\/div>\n\t\t\t<div class=\"sow-accordion-panel\n\t\t\t\t\"\n\t\t\tdata-anchor-id=\"prosedyre\">\n\t\t\t\t<div class=\"sow-accordion-panel-header-container\" role=\"heading\" aria-level=\"2\">\n\t\t\t\t\t<div class=\"sow-accordion-panel-header\" tabindex=\"0\" role=\"button\" id=\"accordion-label-prosedyre\" aria-controls=\"accordion-content-prosedyre\" aria-expanded=\"false\">\n\t\t\t\t\t\t<div class=\"sow-accordion-title sow-accordion-title-icon-left\">\n\t\t\t\t\t\t\t\t\t\t\t\t\t\tProsedyre\t\t\t\t\t\t\t\t\t\t\t\t\t<\/div>\n\t\t\t\t\t\t<div class=\"sow-accordion-open-close-button\">\n\t\t\t\t\t\t\t<div class=\"sow-accordion-open-button\">\n\t\t\t\t\t\t\t\t<span class=\"sow-icon-ionicons\" data-sow-icon=\"&#xf218;\"\n\t\t \n\t\taria-hidden=\"true\"><\/span>\t\t\t\t\t\t\t<\/div>\n\t\t\t\t\t\t\t<div class=\"sow-accordion-close-button\">\n\t\t\t\t\t\t\t\t<span class=\"sow-icon-ionicons\" data-sow-icon=\"&#xf209;\"\n\t\t \n\t\taria-hidden=\"true\"><\/span>\t\t\t\t\t\t\t<\/div>\n\t\t\t\t\t\t<\/div>\n\t\t\t\t\t<\/div>\n\t\t\t\t<\/div>\n\n\t\t\t<div\n\t\t\t\tclass=\"sow-accordion-panel-content\"\n\t\t\t\trole=\"region\"\n\t\t\t\taria-labelledby=\"accordion-label-prosedyre\"\n\t\t\t\tid=\"accordion-content-prosedyre\"\n\t\t\t\tstyle=\"display: none;\"\t\t\t>\n\t\t\t\t<div class=\"sow-accordion-panel-border\">\n\t\t\t\t\t<h3><strong>Fremdrift<\/strong><\/h3>\n<ul>\n<li>1.oktober &#8211; innmeldingsfrist<\/li>\n<li>Forslagsbehandling &#8211; oktober til desember<\/li>\n<li>Programinnstilling og vedtak &#8211; desember til april<\/li>\n<li>Svar til ut\u00f8ver &#8211; 1.april. (Kan bli endret)<\/li>\n<\/ul>\n<p><strong>Behandling<br \/>\n<\/strong>Frist for \u00e5 sende inn innmeldinger er 1.oktober. Programforslag som er sendt innen denne fristen vurderes av Den kulturelle skole- og barnehagesekken i Trondheim (DKSB) i samr\u00e5d med eksterne og interne fagpersoner med h\u00f8y kompetanse p\u00e5 de relevante kulturuttrykkene.<\/p>\n<p><strong>Vedtak<br \/>\n<\/strong>DKSB Trondheim har en egen styringsgruppe best\u00e5ende av representanter fra kommunedirekt\u00f8rens fagstab, rektor ved kulturskolen, en representant fra det profesjonelle kulturlivet, en representant fra ungdommens bystyre og programansvarlig i DKSB Trondheim. Styringsgruppa oppnevnes av kommunedirekt\u00f8ren. Programmet legges frem for denne styringsgruppa, der programmet vedtas.<\/p>\n<p><strong>Svar til ut\u00f8ver<br \/>\n<\/strong>Alle f\u00e5r svar i DKS-portalen i form av et generelt avslag eller tilslag. I tilfelle avslag gis det ikke en utdypende begrunnelse. Ved tilslag tar DKSB Trondheim kontakt med ut\u00f8ver for \u00e5 opprette dialog om bl.a. omfang og kontrakt.<\/p>\n<p><strong>Klage<br \/>\n<\/strong>Forslagsstiller kan klage p\u00e5 feil eller mangler i saksbehandlingen.<\/p>\n<p>&nbsp;<\/p>\n<p>&nbsp;<\/p>\n\t\t\t\t<\/div>\n\t\t\t<\/div>\n\t\t<\/div>\n\t\t\t<div class=\"sow-accordion-panel\n\t\t\t\t\"\n\t\t\tdata-anchor-id=\"ressurser\">\n\t\t\t\t<div class=\"sow-accordion-panel-header-container\" role=\"heading\" aria-level=\"2\">\n\t\t\t\t\t<div class=\"sow-accordion-panel-header\" tabindex=\"0\" role=\"button\" id=\"accordion-label-ressurser\" aria-controls=\"accordion-content-ressurser\" aria-expanded=\"false\">\n\t\t\t\t\t\t<div class=\"sow-accordion-title sow-accordion-title-icon-left\">\n\t\t\t\t\t\t\t\t\t\t\t\t\t\tRessurser\t\t\t\t\t\t\t\t\t\t\t\t\t<\/div>\n\t\t\t\t\t\t<div class=\"sow-accordion-open-close-button\">\n\t\t\t\t\t\t\t<div class=\"sow-accordion-open-button\">\n\t\t\t\t\t\t\t\t<span class=\"sow-icon-ionicons\" data-sow-icon=\"&#xf218;\"\n\t\t \n\t\taria-hidden=\"true\"><\/span>\t\t\t\t\t\t\t<\/div>\n\t\t\t\t\t\t\t<div class=\"sow-accordion-close-button\">\n\t\t\t\t\t\t\t\t<span class=\"sow-icon-ionicons\" data-sow-icon=\"&#xf209;\"\n\t\t \n\t\taria-hidden=\"true\"><\/span>\t\t\t\t\t\t\t<\/div>\n\t\t\t\t\t\t<\/div>\n\t\t\t\t\t<\/div>\n\t\t\t\t<\/div>\n\n\t\t\t<div\n\t\t\t\tclass=\"sow-accordion-panel-content\"\n\t\t\t\trole=\"region\"\n\t\t\t\taria-labelledby=\"accordion-label-ressurser\"\n\t\t\t\tid=\"accordion-content-ressurser\"\n\t\t\t\tstyle=\"display: none;\"\t\t\t>\n\t\t\t\t<div class=\"sow-accordion-panel-border\">\n\t\t\t\t\t<p>&nbsp;<\/p>\n<ul>\n<li><a href=\"https:\/\/www.denkulturelleskolesekken.no\/ofte-stilte-sporsmal\/\">Ofte stilte sp\u00f8rsm\u00e5l<\/a><\/li>\n<li><a href=\"https:\/\/www.denkulturelleskolesekken.no\/trondheim\/hva-er-dks\/\">M\u00e5l for den kulturelle skolesekken<\/a><\/li>\n<li><a href=\"https:\/\/www.denkulturelleskolesekken.no\/forside\/om-dks\/utover\/\">Tips og informasjon til ut\u00f8vere<\/a><\/li>\n<\/ul>\n\t\t\t\t<\/div>\n\t\t\t<\/div>\n\t\t<\/div>\n\t\t<\/div>\n<\/div>\n<\/div><\/div><\/div><\/div><\/div>\n\n\n<p><\/p>\n","protected":false},"excerpt":{"rendered":"<p>Innmeldingsportalen for ut\u00f8vere og kulturinstitusjoner i hele landet driftes av Kulturtanken. I Portalen velger man hvilke fylker og\/eller kommuner innmeldingen skal sendes til. Den kulturelle skole- og barnehagesekken tar imot innmeldinger i f\u00f8lgende periode: Portalen \u00e5pner 1.september for innsendelse av forslag til p\u00e5f\u00f8lgende skole\u00e5r. Innmeldingsfrist er 1. oktober kl. 23.59.&nbsp;Ogs\u00e5 de som har s\u00f8kt f\u00f8r [&hellip;]<\/p>\n","protected":false},"author":14,"featured_media":0,"parent":0,"menu_order":0,"comment_status":"closed","ping_status":"closed","template":"","meta":{"footnotes":""},"class_list":["post-1132","page","type-page","status-publish","hentry"],"_links":{"self":[{"href":"https:\/\/www.denkulturelleskolesekken.no\/trondheim\/wp-json\/wp\/v2\/pages\/1132","targetHints":{"allow":["GET"]}}],"collection":[{"href":"https:\/\/www.denkulturelleskolesekken.no\/trondheim\/wp-json\/wp\/v2\/pages"}],"about":[{"href":"https:\/\/www.denkulturelleskolesekken.no\/trondheim\/wp-json\/wp\/v2\/types\/page"}],"author":[{"embeddable":true,"href":"https:\/\/www.denkulturelleskolesekken.no\/trondheim\/wp-json\/wp\/v2\/users\/14"}],"replies":[{"embeddable":true,"href":"https:\/\/www.denkulturelleskolesekken.no\/trondheim\/wp-json\/wp\/v2\/comments?post=1132"}],"version-history":[{"count":58,"href":"https:\/\/www.denkulturelleskolesekken.no\/trondheim\/wp-json\/wp\/v2\/pages\/1132\/revisions"}],"predecessor-version":[{"id":1454,"href":"https:\/\/www.denkulturelleskolesekken.no\/trondheim\/wp-json\/wp\/v2\/pages\/1132\/revisions\/1454"}],"wp:attachment":[{"href":"https:\/\/www.denkulturelleskolesekken.no\/trondheim\/wp-json\/wp\/v2\/media?parent=1132"}],"curies":[{"name":"wp","href":"https:\/\/api.w.org\/{rel}","templated":true}]}}