{"id":1048,"date":"2023-07-31T10:35:49","date_gmt":"2023-07-31T10:35:49","guid":{"rendered":"https:\/\/www.denkulturelleskolesekken.no\/trondheim\/?page_id=1048"},"modified":"2023-08-13T18:26:33","modified_gmt":"2023-08-13T18:26:33","slug":"den-kulturelle-skolesekken-i-trondheim","status":"publish","type":"page","link":"https:\/\/www.denkulturelleskolesekken.no\/trondheim\/den-kulturelle-skolesekken-i-trondheim\/","title":{"rendered":"Den kulturelle skolesekken i Trondheim"},"content":{"rendered":"\n<p>Trondheim kommune er en direktekommune. Det inneb\u00e6rer at kommunen selv har totalansvaret for Den kulturelle skolesekken (DKS) i sin kommune. DKS Trondheim er organisert som en del av kulturskolen og har sin egen&nbsp;<a href=\"https:\/\/www.denkulturelleskolesekken.no\/trondheim\/\">nettside<\/a>.<\/p>\n\n\n\n<p>Tilbudet i DKS Trondheim skal ha h\u00f8y kunst- og kulturfaglig kvalitet og skal representere bredde og mangfold. Tilbudene i DKS skal v\u00e6re relevante og aktuelle for barn og unge i dag og formidlingen skal v\u00e6re  best mulig tilpasset den enkelte elevgruppe. I DKS inkluderes  avtalene Trondheim kommune har med museer, festivaler, Trondheim kino og det frie scenekunstmilj\u00f8et. I l\u00f8pet av 10 \u00e5r i grunnskolen skal alle elever i Trondheimsskolen ha bes\u00f8kt byens viktigste kulturinstitusjoner, samt opplevd kulturuttrykkene musikk, scenekunst, film, kulturarv, visuell kunst og litteratur. Pr. idag er uttrykkene i hovedsak fordelt etter trinn. Dette for \u00e5 sikre at alle elevene f\u00e5r oppleve et bredt utvalg av kunstuttrykk i l\u00f8pet av 10 \u00e5r p\u00e5 skolen: <\/p>\n\n\n\n<ol class=\"wp-block-list\"><li>trinn: Litteratur<\/li><li>trinn: Scenekunst<\/li><li>trinn: Senekunst og kulturarv (vitenskapsmuseet)<\/li><li>trinn: Visuell kunst og Ringve museum (kulturarv og musikk)<\/li><li>trinn: Litteratur og musikk (Trondheim symfoniorkester)<\/li><li>trinn: Kulturarv (Nidarosdomen og Sverresborg museum)<\/li><li>trinn: Film<\/li><li>trinn: Litteratur og visuell kunst<\/li><li>trinn: Kulturarv (Falstad) og film<\/li><li>trinn: Scenekunst og Rockheim (kulturarv og musikk)<\/li><\/ol>\n\n\n\n<p>I tillegg til uttrykk pr. trinn, f\u00e5r elevene oppleve andre produksjoner som kan g\u00e5 p\u00e5 tvers av flere \u00e5rstrinn. Det kan v\u00e6re i form av skolekonserter p\u00e5 skolen (musikk) eller bes\u00f8k p\u00e5 festivaler (Kosmorama). <\/p>\n\n\n\n<figure class=\"wp-block-image size-large\"><img loading=\"lazy\" decoding=\"async\" width=\"1024\" height=\"684\" src=\"https:\/\/cdn.denkulturelleskolesekken.no\/trondheim\/50325683-en-liten-beat-wanvik-1024x684.jpg\" alt=\"\" class=\"wp-image-1196\"\/><figcaption>Foto: Kristian Wanvik<\/figcaption><\/figure>\n\n\n\n<p><\/p>\n","protected":false},"excerpt":{"rendered":"<p>Trondheim kommune er en direktekommune. Det inneb\u00e6rer at kommunen selv har totalansvaret for Den kulturelle skolesekken (DKS) i sin kommune. DKS Trondheim er organisert som en del av kulturskolen og har sin egen&nbsp;nettside. Tilbudet i DKS Trondheim skal ha h\u00f8y kunst- og kulturfaglig kvalitet og skal representere bredde og mangfold. Tilbudene i DKS skal v\u00e6re [&hellip;]<\/p>\n","protected":false},"author":14,"featured_media":0,"parent":0,"menu_order":0,"comment_status":"closed","ping_status":"closed","template":"","meta":{"footnotes":""},"class_list":["post-1048","page","type-page","status-publish","hentry"],"_links":{"self":[{"href":"https:\/\/www.denkulturelleskolesekken.no\/trondheim\/wp-json\/wp\/v2\/pages\/1048","targetHints":{"allow":["GET"]}}],"collection":[{"href":"https:\/\/www.denkulturelleskolesekken.no\/trondheim\/wp-json\/wp\/v2\/pages"}],"about":[{"href":"https:\/\/www.denkulturelleskolesekken.no\/trondheim\/wp-json\/wp\/v2\/types\/page"}],"author":[{"embeddable":true,"href":"https:\/\/www.denkulturelleskolesekken.no\/trondheim\/wp-json\/wp\/v2\/users\/14"}],"replies":[{"embeddable":true,"href":"https:\/\/www.denkulturelleskolesekken.no\/trondheim\/wp-json\/wp\/v2\/comments?post=1048"}],"version-history":[{"count":14,"href":"https:\/\/www.denkulturelleskolesekken.no\/trondheim\/wp-json\/wp\/v2\/pages\/1048\/revisions"}],"predecessor-version":[{"id":1256,"href":"https:\/\/www.denkulturelleskolesekken.no\/trondheim\/wp-json\/wp\/v2\/pages\/1048\/revisions\/1256"}],"wp:attachment":[{"href":"https:\/\/www.denkulturelleskolesekken.no\/trondheim\/wp-json\/wp\/v2\/media?parent=1048"}],"curies":[{"name":"wp","href":"https:\/\/api.w.org\/{rel}","templated":true}]}}