{"id":1016,"date":"2023-06-30T09:34:32","date_gmt":"2023-06-30T09:34:32","guid":{"rendered":"https:\/\/www.denkulturelleskolesekken.no\/trondheim\/?page_id=1016"},"modified":"2026-01-28T06:59:05","modified_gmt":"2026-01-28T06:59:05","slug":"er-du-kulturkontakt-i-barnehagen","status":"publish","type":"page","link":"https:\/\/www.denkulturelleskolesekken.no\/trondheim\/er-du-kulturkontakt-i-barnehagen\/","title":{"rendered":"For kulturkontakter i barnehagen"},"content":{"rendered":"\n<p>Den kulturelle barnehagesekken bidrar til fagomr\u00e5det kunst, kultur og kreativitet i rammeplan for barnehager. Barnehagesekken har pr. i dag ingen statlige midler, men har tilskudd fra Trondheim kommune som gj\u00f8r at vi kan tilby b\u00e5de gratis og rimelige kulturtilbud til barnehager, informasjon og faglig utvikling. Alle barnehager i Trondheim kommune inviteres til \u00e5 v\u00e6re med i kulturkontaktordningen, som er et nettverk hvor hver barnehage velger sin kulturkontakt.<\/p>\n\n\n\n<p><strong>Kulturkontaktens oppgaver <\/strong>er \u00e5 ivareta behovet for kommunikasjon mellom kulturlivet, DKS-administrasjonen i kommunen og barnehagens ansatte. I noen tilfeller vil det handle om \u00e5 bestille bes\u00f8k p\u00e5 formidlingsinstitusjoner, i andre tilfeller legge til rette for bes\u00f8k p\u00e5 enheten. Kulturombudet videreformidler ogs\u00e5 tilbud om kurs, fagdager og lignende til ansatte i barnehagen.<\/p>\n\n\n\n<p><strong>Kulturpass:&nbsp;<\/strong>Kulturkontaktene er sv\u00e6rt viktige for ordningen. \u00c5 v\u00e6re kulturkontakt krever noe innsats, men det kan ogs\u00e5 ses p\u00e5 som kompetanseheving. Hver kulturkontakt og barnehage f\u00e5r to \u201dkulturpass\u201d som gir gratis adgang i de fleste av byens museer.&nbsp;<strong>&nbsp;<\/strong><\/p>\n\n\n\n<p>Hvert halv\u00e5r presenteres det nytt program i Den kulturelle barnehagesekken i Trondheim. En beskrivelse av produksjonene, samt lenke til p\u00e5meldingsskjema samles i en brosjyre. Denne brosjyren legges ut som nyhetssak p\u00e5 DKS sin nettside og sendes ut p\u00e5 e-post til alle kulturkontaktene.  Kulturkontaktene melder deretter sin interesse p\u00e5 vegne av barnehagen sin gjennom \u00e5 klikke p\u00e5 p\u00e5meldingslenken og fylle ut p\u00e5meldingsskjema til de\/den \u00f8nskede produksjonen(e). <\/p>\n\n\n\n<p>NB! Det er ikke f\u00f8rstemann til m\u00f8lla-prinsippet som gjelder, men det er viktig \u00e5 melde seg p\u00e5 innen fristen. Fristen annonseres i forbindelse med publisering av brosjyren. <\/p>\n\n\n\n<p><a href=\"https:\/\/docs.google.com\/document\/d\/1_Lw9iicckjC9EfP8KNKkAb1L2zbrUpPCdwslckzU7tg\/edit?tab=t.0\">Her<\/a> finner du den ferskeste brosjyren.<\/p>\n","protected":false},"excerpt":{"rendered":"<p>Den kulturelle barnehagesekken bidrar til fagomr\u00e5det kunst, kultur og kreativitet i rammeplan for barnehager. Barnehagesekken har pr. i dag ingen statlige midler, men har tilskudd fra Trondheim kommune som gj\u00f8r at vi kan tilby b\u00e5de gratis og rimelige kulturtilbud til barnehager, informasjon og faglig utvikling. Alle barnehager i Trondheim kommune inviteres til \u00e5 v\u00e6re med [&hellip;]<\/p>\n","protected":false},"author":14,"featured_media":0,"parent":0,"menu_order":0,"comment_status":"closed","ping_status":"closed","template":"","meta":{"footnotes":""},"class_list":["post-1016","page","type-page","status-publish","hentry"],"_links":{"self":[{"href":"https:\/\/www.denkulturelleskolesekken.no\/trondheim\/wp-json\/wp\/v2\/pages\/1016","targetHints":{"allow":["GET"]}}],"collection":[{"href":"https:\/\/www.denkulturelleskolesekken.no\/trondheim\/wp-json\/wp\/v2\/pages"}],"about":[{"href":"https:\/\/www.denkulturelleskolesekken.no\/trondheim\/wp-json\/wp\/v2\/types\/page"}],"author":[{"embeddable":true,"href":"https:\/\/www.denkulturelleskolesekken.no\/trondheim\/wp-json\/wp\/v2\/users\/14"}],"replies":[{"embeddable":true,"href":"https:\/\/www.denkulturelleskolesekken.no\/trondheim\/wp-json\/wp\/v2\/comments?post=1016"}],"version-history":[{"count":16,"href":"https:\/\/www.denkulturelleskolesekken.no\/trondheim\/wp-json\/wp\/v2\/pages\/1016\/revisions"}],"predecessor-version":[{"id":1462,"href":"https:\/\/www.denkulturelleskolesekken.no\/trondheim\/wp-json\/wp\/v2\/pages\/1016\/revisions\/1462"}],"wp:attachment":[{"href":"https:\/\/www.denkulturelleskolesekken.no\/trondheim\/wp-json\/wp\/v2\/media?parent=1016"}],"curies":[{"name":"wp","href":"https:\/\/api.w.org\/{rel}","templated":true}]}}