{"id":33,"date":"2019-10-31T13:55:54","date_gmt":"2019-10-31T13:55:54","guid":{"rendered":"https:\/\/viken.kulturtanken.app\/?page_id=33"},"modified":"2021-05-28T10:17:25","modified_gmt":"2021-05-28T10:17:25","slug":"hva-er-dks","status":"publish","type":"page","link":"https:\/\/www.denkulturelleskolesekken.no\/trondelag\/hva-er-dks\/","title":{"rendered":"Hva er Den kulturelle skolesekken?"},"content":{"rendered":"\n<p>Den kulturelle skolesekken er en nasjonal ordning som s\u00f8rger for at alle skoleelever i Norge f\u00e5r oppleve profesjonell kunst og kultur hvert \u00e5r. Ordningen er unik i verdenssammenheng.&nbsp;Gjennom ordningen f\u00e5r elevene mulighet til \u00e5 oppleve, gj\u00f8re seg kjent med og utvikle forst\u00e5else for profesjonelle kunst- og kulturuttrykk. Kulturtilbudet skal v\u00e6re av h\u00f8y kvalitet, og vise hele bredden av de seks kulturuttrykkene: film, kulturarv, litteratur, musikk, scenekunst og visuell kunst&nbsp;<\/p>\n\n\n\n<p>Den kulturelle skolesekken blir finansiert av spillemidler etter overskuddet fra&nbsp;Norsk Tipping.&nbsp;<a href=\"https:\/\/www.ks.no\/globalassets\/fagomrader\/lonn-og-tariff\/A-rundskriv-2-2019-ASA-4401-Rammeavtale-om-vilkar-for-oppdragstakere-i-Den-kult-.pdf\">Tr\u00f8ndelag fylkeskommune&nbsp;f\u00f8lger rammeavtalen som er inng\u00e5tt av KS og CREO \u2013 forbundet for kunst og kultur&nbsp;(ASA 4401).&nbsp;<\/a><\/p>\n","protected":false},"excerpt":{"rendered":"<p>Den kulturelle skolesekken er en nasjonal ordning som s\u00f8rger for at alle skoleelever i Norge f\u00e5r oppleve profesjonell kunst og kultur hvert \u00e5r. Ordningen er unik i verdenssammenheng.&nbsp;Gjennom ordningen f\u00e5r elevene mulighet til \u00e5 oppleve, gj\u00f8re seg kjent med og utvikle forst\u00e5else for profesjonelle kunst- og kulturuttrykk. Kulturtilbudet skal v\u00e6re av h\u00f8y kvalitet, og vise [&hellip;]<\/p>\n","protected":false},"author":2,"featured_media":807,"parent":0,"menu_order":0,"comment_status":"closed","ping_status":"closed","template":"","meta":{"footnotes":""},"class_list":["post-33","page","type-page","status-publish","has-post-thumbnail","hentry"],"_links":{"self":[{"href":"https:\/\/www.denkulturelleskolesekken.no\/trondelag\/wp-json\/wp\/v2\/pages\/33","targetHints":{"allow":["GET"]}}],"collection":[{"href":"https:\/\/www.denkulturelleskolesekken.no\/trondelag\/wp-json\/wp\/v2\/pages"}],"about":[{"href":"https:\/\/www.denkulturelleskolesekken.no\/trondelag\/wp-json\/wp\/v2\/types\/page"}],"author":[{"embeddable":true,"href":"https:\/\/www.denkulturelleskolesekken.no\/trondelag\/wp-json\/wp\/v2\/users\/2"}],"replies":[{"embeddable":true,"href":"https:\/\/www.denkulturelleskolesekken.no\/trondelag\/wp-json\/wp\/v2\/comments?post=33"}],"version-history":[{"count":10,"href":"https:\/\/www.denkulturelleskolesekken.no\/trondelag\/wp-json\/wp\/v2\/pages\/33\/revisions"}],"predecessor-version":[{"id":832,"href":"https:\/\/www.denkulturelleskolesekken.no\/trondelag\/wp-json\/wp\/v2\/pages\/33\/revisions\/832"}],"wp:featuredmedia":[{"embeddable":true,"href":"https:\/\/www.denkulturelleskolesekken.no\/trondelag\/wp-json\/wp\/v2\/media\/807"}],"wp:attachment":[{"href":"https:\/\/www.denkulturelleskolesekken.no\/trondelag\/wp-json\/wp\/v2\/media?parent=33"}],"curies":[{"name":"wp","href":"https:\/\/api.w.org\/{rel}","templated":true}]}}