{"id":31,"date":"2019-10-31T13:54:44","date_gmt":"2019-10-31T13:54:44","guid":{"rendered":"https:\/\/viken.kulturtanken.app\/?page_id=31"},"modified":"2025-08-21T08:35:35","modified_gmt":"2025-08-21T08:35:35","slug":"utovere","status":"publish","type":"page","link":"https:\/\/www.denkulturelleskolesekken.no\/trondelag\/utovere\/","title":{"rendered":"For ut\u00f8vere"},"content":{"rendered":"\n<p>Alle innmeldinger til Den kulturelle skolesekken g\u00e5r gjennom\u00a0<strong><a href=\"https:\/\/portal.denkulturelleskolesekken.no\">DKS-portalen<\/a><\/strong>.\u00a0Profesjonelle ut\u00f8vere, institusjoner, produsenter, og formidlere av kunst og kultur kan melde inn forslag til Den kulturelle skolesekken.\u00a0Innmeldingsfristen er <strong>1. oktober<\/strong> for p\u00e5f\u00f8lgende skole\u00e5r og Portalen \u00e5pner for innmeldinger 1. september.\u00a0<strong>G\u00e5 til\u00a0portalen her:\u00a0<a href=\"https:\/\/portal.denkulturelleskolesekken.no\/\">https:\/\/portal.denkulturelleskolesekken.no\/<\/a>.<\/strong><\/p>\n\n\n\n<p><strong>Du finner veiledning til bruk av portalen her: <a rel=\"noreferrer noopener\" href=\"https:\/\/www.denkulturelleskolesekken.no\/portal\" target=\"_blank\">https:\/\/www.denkulturelleskolesekken.no\/portal<\/a>&nbsp;<\/strong><\/p>\n\n\n\n<p><strong>Link til side med brukerst\u00f8tte: <a href=\"https:\/\/www.denkulturelleskolesekken.no\/brukerstotte\/ \">https:\/\/www.denkulturelleskolesekken.no\/brukerstotte\/ <\/a><\/strong><\/p>\n\n\n\n<p>Pass p\u00e5 \u00e5 fylle ut skjemaet n\u00f8ye. Det er avgj\u00f8rende at du\/dere har en god beskrivelse og dokumentasjon av produksjonen.&nbsp;Kulturtanken har samlet en del tips til utforming av DKS-forslag her: <a href=\"https:\/\/www.denkulturelleskolesekken.no\/forside\/om-dks\/utover\/scenekunst\/\">https:\/\/www.denkulturelleskolesekken.no\/forside\/om-dks\/utover\/scenekunst\/<\/a>. Teksten retter seg mot scenekunst, men er relevant for alle kunstuttrykkene, og vi anbefaler sterkt at alle leser den f\u00f8r innmelding av forslag.<\/p>\n\n\n\n<p>Vi tar kun kontakt med de ut\u00f8verne vi \u00f8nsker \u00e5 ta med i kommende \u00e5rs program. Vi har dessverre ikke kapasitet til \u00e5 gi en tilbakemelding til alle som melder inn produksjoner, eller begrunnelse for hvorfor et forslag ikke blir valgt.\u00a0Forslagene som velges ut til DKS Tr\u00f8ndelag sitt program for 2026-2027, vil bli forespurt medio februar 2026. Har du ikke h\u00f8rt noe innen dette tidspunktet, er det innsendte forslaget mest trolig ikke aktuelt denne gangen. Vi gj\u00f8r oppmerksom p\u00e5 at vi f\u00e5r inn sv\u00e6rt mange gode forslag, langt flere enn vi har mulighet til \u00e5 ha p\u00e5 turn\u00e9 et enkelt skole\u00e5r. Et forslag som ikke blir valgt ett skole\u00e5r kan v\u00e6re aktuelt senere.<\/p>\n\n\n\n<p>Ta gjerne kontakt med oss i forkant av innmeldingen hvis du\/dere har sp\u00f8rsm\u00e5l.&nbsp;<a href=\"https:\/\/www.denkulturelleskolesekken.no\/trondelag\/kontakt-oss\/\">Her er en oversikt over de ansvarlige til hvert kunstuttrykk<\/a>.&nbsp;<\/p>\n","protected":false},"excerpt":{"rendered":"<p>Alle innmeldinger til Den kulturelle skolesekken g\u00e5r gjennom\u00a0DKS-portalen.\u00a0Profesjonelle ut\u00f8vere, institusjoner, produsenter, og formidlere av kunst og kultur kan melde inn forslag til Den kulturelle skolesekken.\u00a0Innmeldingsfristen er 1. oktober for p\u00e5f\u00f8lgende skole\u00e5r og Portalen \u00e5pner for innmeldinger 1. september.\u00a0G\u00e5 til\u00a0portalen her:\u00a0https:\/\/portal.denkulturelleskolesekken.no\/. Du finner veiledning til bruk av portalen her: https:\/\/www.denkulturelleskolesekken.no\/portal&nbsp; Link til side med brukerst\u00f8tte: https:\/\/www.denkulturelleskolesekken.no\/brukerstotte\/ [&hellip;]<\/p>\n","protected":false},"author":13,"featured_media":825,"parent":0,"menu_order":0,"comment_status":"closed","ping_status":"closed","template":"","meta":{"footnotes":""},"class_list":["post-31","page","type-page","status-publish","has-post-thumbnail","hentry"],"_links":{"self":[{"href":"https:\/\/www.denkulturelleskolesekken.no\/trondelag\/wp-json\/wp\/v2\/pages\/31","targetHints":{"allow":["GET"]}}],"collection":[{"href":"https:\/\/www.denkulturelleskolesekken.no\/trondelag\/wp-json\/wp\/v2\/pages"}],"about":[{"href":"https:\/\/www.denkulturelleskolesekken.no\/trondelag\/wp-json\/wp\/v2\/types\/page"}],"author":[{"embeddable":true,"href":"https:\/\/www.denkulturelleskolesekken.no\/trondelag\/wp-json\/wp\/v2\/users\/13"}],"replies":[{"embeddable":true,"href":"https:\/\/www.denkulturelleskolesekken.no\/trondelag\/wp-json\/wp\/v2\/comments?post=31"}],"version-history":[{"count":27,"href":"https:\/\/www.denkulturelleskolesekken.no\/trondelag\/wp-json\/wp\/v2\/pages\/31\/revisions"}],"predecessor-version":[{"id":1195,"href":"https:\/\/www.denkulturelleskolesekken.no\/trondelag\/wp-json\/wp\/v2\/pages\/31\/revisions\/1195"}],"wp:featuredmedia":[{"embeddable":true,"href":"https:\/\/www.denkulturelleskolesekken.no\/trondelag\/wp-json\/wp\/v2\/media\/825"}],"wp:attachment":[{"href":"https:\/\/www.denkulturelleskolesekken.no\/trondelag\/wp-json\/wp\/v2\/media?parent=31"}],"curies":[{"name":"wp","href":"https:\/\/api.w.org\/{rel}","templated":true}]}}