{"id":25,"date":"2019-10-31T13:51:34","date_gmt":"2019-10-31T13:51:34","guid":{"rendered":"https:\/\/viken.kulturtanken.app\/?page_id=25"},"modified":"2025-11-13T11:52:23","modified_gmt":"2025-11-13T11:52:23","slug":"kulturkontakter","status":"publish","type":"page","link":"https:\/\/www.denkulturelleskolesekken.no\/trondelag\/kulturkontakter\/","title":{"rendered":"For kulturkontakter"},"content":{"rendered":"\n<p><strong>Kulturkontaktene er v\u00e5re viktigste ambassad\u00f8rer for Den kulturelle skolesekken inn mot sitt nettverk; det v\u00e6re seg skolen, l\u00e6rere, ledelsen, elevene eller kommunen.&nbsp;<\/strong><\/p>\n\n\n\n<p>Kulturkontakten er en utvalgt ansatt eller leder ved hver skole som har hovedansvaret for kontakten mellom skolen, Den kulturelle skolesekken i&nbsp;Tr\u00f8ndelag&nbsp;og kunstnerne\/ut\u00f8verne som kommer p\u00e5 bes\u00f8k. Rollen som kulturkontakt er viktig for \u00e5 kunne skape et godt og inspirerende kunst- og kulturm\u00f8te.&nbsp;<\/p>\n\n\n\n<p>Skolens kulturkontakt har derfor b\u00e5de en spennende og&nbsp;ansvarsfylt&nbsp;oppgave. N\u00e5r det gjelder \u00e5 utnytte DKS-bes\u00f8kene, vil det alltid v\u00e6re snakk om hva man har tid til \u00e5 prioritere i en travel skolehverdag, men en aktiv kulturkontakt kan bidra til \u00e5 skape grunnlaget for de magiske \u00f8yeblikkene mellom elever og kunstnere.&nbsp;<\/p>\n\n\n\n<p>Kulturkontaktens oppgaver&nbsp;er&nbsp;\u00e5:&nbsp;<\/p>\n\n\n\n<ul class=\"wp-block-list\">\n<li>Holde seg orientert om tilbudet fra DKS\u00a0Tr\u00f8ndelag\u00a0\u00a0<\/li>\n\n\n\n<li>Videreformidle og sikre informasjon til klassel\u00e6rere om aktuelle produksjoner.\u00a0<\/li>\n\n\n\n<li>Samarbeide med eventuelle kulturverter\/elevarrang\u00f8rer og fordele ansvarsoppgaver.\u00a0<\/li>\n\n\n\n<li>S\u00f8rge for at alt praktisk er tilrettelagt f\u00f8r bes\u00f8ket.\u00a0<\/li>\n\n\n\n<li>Ta imot kunstnerne og vise dem til lokalene de skal bruke.\u00a0<\/li>\n\n\n\n<li>V\u00e6re en aktiv kontaktperson for DKS\u00a0Tr\u00f8ndelag\u00a0og kunstnerne. Dette inneb\u00e6rer ogs\u00e5 \u00e5 sjekke og oppdatere\u00a0skolens timeplaner,\u00a0elevtall,\u00a0info om arenaer og\u00a0kontaktinformasjon\u00a0p\u00e5 skolens sider i portalen.\u00a0<\/li>\n\n\n\n<li>S\u00f8rge for at buss blir bestilt n\u00e5r dette er aktuelt. Se rutiner for bestilling her\u00a0<\/li>\n\n\n\n<li>S\u00f8rge for at skolen evaluerer bes\u00f8ket via\u00a0digitale skjema som sendes ut av DKS Tr\u00f8ndelag.\u00a0<\/li>\n<\/ul>\n\n\n\n<p>Her er noen enkle tips til deg som&nbsp;kulturkontakt:&nbsp;<\/p>\n\n\n\n<ul class=\"wp-block-list\">\n<li>Bes\u00f8kene fra Den kulturelle skolesekken m\u00e5 legges inn i skolens planer.\u00a0<\/li>\n\n\n\n<li>Elever egner seg ypperlig som kulturverter\/elevarrang\u00f8rer! En del skoler har f\u00e5tt kurs i dette. Er du interessert i \u00e5 f\u00e5 til dette p\u00e5 din skole kan du ta kontakt med oss.\u00a0<\/li>\n\n\n\n<li>Lag gjerne egne presentasjoner for kollegiet og elever, for eksempel i samarbeid med elevr\u00e5det.\u00a0<\/li>\n\n\n\n<li>La informasjonen om kunstnerbes\u00f8k p\u00e5 skolen v\u00e6re lett tilgjengelig p\u00e5 l\u00e6rerrom, oppslagstavler og lignende.\u00a0<\/li>\n\n\n\n<li>Avklar l\u00e6rerens rolle under forestillingen. Er l\u00e6reren publikum p\u00e5 linje med elevene? Hvem griper inn hvis det skulle oppst\u00e5 uro?\u00a0<\/li>\n\n\n\n<li>N\u00e5r dere velger lokale for de enkelte DKS-bes\u00f8kene, husk kravet om universell utforming. Alle skal ha tilgang til lokalet, og det skal v\u00e6re tilrettelagt for alle n\u00e5r det gjelder lys- og lydforhold.\u00a0<\/li>\n\n\n\n<li><a href=\"https:\/\/www.buzzsprout.com\/1731242\" target=\"_blank\" rel=\"noreferrer noopener\">F\u00f8lg gjerne v\u00e5r\u00a0podcast\u00a0DKS \u2013Arena.<\/a>\u00a0Mye fint \u00e5 f\u00e5 med seg her!\u00a0<\/li>\n<\/ul>\n\n\n\n<p>Lykke til med bes\u00f8ket!&nbsp;<\/p>\n\n\n\n<p>N\u00e5r det er buss- eller annen transport til et DKS-arrangement, skal kommunene\/skolene selv bestille buss, og be busselskapet fakturere den aktuelle arrang\u00f8r; enten fylkeskommunen eller kommunen. Det er merket p\u00e5 forsiden hvem som er arrang\u00f8r for de ulike produksjonene.<\/p>\n\n\n\n<p><strong>Fakturaadressen til Tr\u00f8ndelag fylkeskomme er:<\/strong><br>Tr\u00f8ndelag fylkeskommune&nbsp;<br>Sentralt fakturamottak<br>Postboks 2567&nbsp;&nbsp;<br>7735 Steinkjer<\/p>\n\n\n\n<p><strong>Tr\u00f8ndelag fylkeskommune mottar EHF-faktura p\u00e5 org.nr. 817 920 632.<\/strong><\/p>\n\n\n\n<p><strong>NB! <\/strong>Fakturaen m\u00e5 tydelig merkes med navn p\u00e5 produksjon, kj\u00f8restrekning, navn p\u00e5 skole og dato. Fakturaen m\u00e5 ogs\u00e5 merkes med <strong>ressursnummer <\/strong>til kontaktpersonen til turneen (nytt fra 2026). Dette nummeret f\u00e5r dere ved henvendele til kontaktpersonen. <em>Fakturaer som ikke er tilstrekkelig merket kan bli forsinket eller avvist.<\/em><br><\/p>\n","protected":false},"excerpt":{"rendered":"<p>Kulturkontaktene er v\u00e5re viktigste ambassad\u00f8rer for Den kulturelle skolesekken inn mot sitt nettverk; det v\u00e6re seg skolen, l\u00e6rere, ledelsen, elevene eller kommunen.&nbsp; Kulturkontakten er en utvalgt ansatt eller leder ved hver skole som har hovedansvaret for kontakten mellom skolen, Den kulturelle skolesekken i&nbsp;Tr\u00f8ndelag&nbsp;og kunstnerne\/ut\u00f8verne som kommer p\u00e5 bes\u00f8k. Rollen som kulturkontakt er viktig for \u00e5 [&hellip;]<\/p>\n","protected":false},"author":13,"featured_media":795,"parent":0,"menu_order":0,"comment_status":"closed","ping_status":"closed","template":"","meta":{"footnotes":""},"class_list":["post-25","page","type-page","status-publish","has-post-thumbnail","hentry"],"_links":{"self":[{"href":"https:\/\/www.denkulturelleskolesekken.no\/trondelag\/wp-json\/wp\/v2\/pages\/25","targetHints":{"allow":["GET"]}}],"collection":[{"href":"https:\/\/www.denkulturelleskolesekken.no\/trondelag\/wp-json\/wp\/v2\/pages"}],"about":[{"href":"https:\/\/www.denkulturelleskolesekken.no\/trondelag\/wp-json\/wp\/v2\/types\/page"}],"author":[{"embeddable":true,"href":"https:\/\/www.denkulturelleskolesekken.no\/trondelag\/wp-json\/wp\/v2\/users\/13"}],"replies":[{"embeddable":true,"href":"https:\/\/www.denkulturelleskolesekken.no\/trondelag\/wp-json\/wp\/v2\/comments?post=25"}],"version-history":[{"count":18,"href":"https:\/\/www.denkulturelleskolesekken.no\/trondelag\/wp-json\/wp\/v2\/pages\/25\/revisions"}],"predecessor-version":[{"id":1221,"href":"https:\/\/www.denkulturelleskolesekken.no\/trondelag\/wp-json\/wp\/v2\/pages\/25\/revisions\/1221"}],"wp:featuredmedia":[{"embeddable":true,"href":"https:\/\/www.denkulturelleskolesekken.no\/trondelag\/wp-json\/wp\/v2\/media\/795"}],"wp:attachment":[{"href":"https:\/\/www.denkulturelleskolesekken.no\/trondelag\/wp-json\/wp\/v2\/media?parent=25"}],"curies":[{"name":"wp","href":"https:\/\/api.w.org\/{rel}","templated":true}]}}