{"id":125,"date":"2023-05-18T15:59:49","date_gmt":"2023-05-18T15:59:49","guid":{"rendered":"https:\/\/viken.kulturtanken.app\/?page_id=125"},"modified":"2025-11-13T11:43:01","modified_gmt":"2025-11-13T11:43:01","slug":"kommuner","status":"publish","type":"page","link":"https:\/\/www.denkulturelleskolesekken.no\/trondelag\/kommuner\/","title":{"rendered":"For kommuner"},"content":{"rendered":"\n<p><strong>Kommunekontakten er DKS Tr\u00f8ndelag n\u00e6rmeste samarbeidspartner i arbeidet med Den kulturelle skolesekken. Kommunekontakten er et viktig ledd for videreformidling av informasjon mellom DKS Tr\u00f8ndelag og skolene og et meget sentralt ledd i arbeidet med DKS lokalt.&nbsp;<\/strong><\/p>\n\n\n\n<p>Den kulturelle skolesekken er et samarbeid mellom kultur- og skoleavdelingene i kommunen. For \u00e5 sikre medvirkning fra skole \u2013 b\u00e5de elever, l\u00e6rere, skoleledelse og foresatte, er det kommunekontaktens ansvar \u00e5 etablerere gode nettverk, m\u00f8teplasser og rutiner. Kommunekontakten er ansvarlig for \u00e5 administrere, formidle, utvikle og kvalitetssikre DKS-programmet i egen kommune, den lokale kulturelle skolesekken. Kommunekontakten m\u00e5 ha avsatt tilstrekkelig ressurs til \u00e5 ivareta kommunens ansvar og forpliktelser i forhold til avtalen med DKS&nbsp;Tr\u00f8ndelag.&nbsp;&nbsp;<\/p>\n\n\n\n<p>N\u00e5r det er buss- eller annen transport til et DKS-arrangement, skal kommunene\/skolene selv bestille buss, og be busselskapet fakturere den aktuelle arrang\u00f8r; enten fylkeskommunen eller kommunen. Det er merket p\u00e5 forsiden hvem som er arrang\u00f8r for de ulike produksjonene.<\/p>\n\n\n\n<p><strong>Fakturaadressen til Tr\u00f8ndelag fylkeskomme er:<\/strong><br>Tr\u00f8ndelag fylkeskommune\u00a0<br>Sentralt fakturamottak <br>Postboks 2567\u00a0\u00a0<br>7735 Steinkjer<\/p>\n\n\n\n<p>EHF-faktura p\u00e5 org.nr. 817 920 632<\/p>\n\n\n\n<p><strong>NB!<\/strong> Fakturaen m\u00e5 tydelig merkes med navn p\u00e5 produksjon, kj\u00f8restrekning, navn p\u00e5 skole og dato. Fakturaen m\u00e5 ogs\u00e5 merkes med <strong>ressursnummer <\/strong>til kontaktpersonen til turneen. Dette nummeret f\u00e5r dere ved henvendele til kontaktpersonen. <em>Fakturaer som ikke er tilstrekkelig merket kan bli forsinket eller avvist.<\/em><\/p>\n\n\n\n<p><\/p>\n","protected":false},"excerpt":{"rendered":"<p>Kommunekontakten er DKS Tr\u00f8ndelag n\u00e6rmeste samarbeidspartner i arbeidet med Den kulturelle skolesekken. Kommunekontakten er et viktig ledd for videreformidling av informasjon mellom DKS Tr\u00f8ndelag og skolene og et meget sentralt ledd i arbeidet med DKS lokalt.&nbsp; Den kulturelle skolesekken er et samarbeid mellom kultur- og skoleavdelingene i kommunen. For \u00e5 sikre medvirkning fra skole \u2013 [&hellip;]<\/p>\n","protected":false},"author":8,"featured_media":794,"parent":0,"menu_order":0,"comment_status":"closed","ping_status":"closed","template":"","meta":{"footnotes":""},"class_list":["post-125","page","type-page","status-publish","has-post-thumbnail","hentry"],"_links":{"self":[{"href":"https:\/\/www.denkulturelleskolesekken.no\/trondelag\/wp-json\/wp\/v2\/pages\/125","targetHints":{"allow":["GET"]}}],"collection":[{"href":"https:\/\/www.denkulturelleskolesekken.no\/trondelag\/wp-json\/wp\/v2\/pages"}],"about":[{"href":"https:\/\/www.denkulturelleskolesekken.no\/trondelag\/wp-json\/wp\/v2\/types\/page"}],"author":[{"embeddable":true,"href":"https:\/\/www.denkulturelleskolesekken.no\/trondelag\/wp-json\/wp\/v2\/users\/8"}],"replies":[{"embeddable":true,"href":"https:\/\/www.denkulturelleskolesekken.no\/trondelag\/wp-json\/wp\/v2\/comments?post=125"}],"version-history":[{"count":32,"href":"https:\/\/www.denkulturelleskolesekken.no\/trondelag\/wp-json\/wp\/v2\/pages\/125\/revisions"}],"predecessor-version":[{"id":1219,"href":"https:\/\/www.denkulturelleskolesekken.no\/trondelag\/wp-json\/wp\/v2\/pages\/125\/revisions\/1219"}],"wp:featuredmedia":[{"embeddable":true,"href":"https:\/\/www.denkulturelleskolesekken.no\/trondelag\/wp-json\/wp\/v2\/media\/794"}],"wp:attachment":[{"href":"https:\/\/www.denkulturelleskolesekken.no\/trondelag\/wp-json\/wp\/v2\/media?parent=125"}],"curies":[{"name":"wp","href":"https:\/\/api.w.org\/{rel}","templated":true}]}}