{"id":119,"date":"2021-06-01T12:20:02","date_gmt":"2021-06-01T12:20:02","guid":{"rendered":"https:\/\/viken.kulturtanken.app\/?page_id=119"},"modified":"2026-02-27T13:56:36","modified_gmt":"2026-02-27T13:56:36","slug":"kontakt-oss","status":"publish","type":"page","link":"https:\/\/www.denkulturelleskolesekken.no\/trondelag\/kontakt-oss\/","title":{"rendered":"Kontakt oss"},"content":{"rendered":"\n<p>DKS i Tr\u00f8ndelag organiseres av Ung kultur-teamet i Tr\u00f8ndelag fylkeskommune, som ogs\u00e5 jobber med UKM. Vi har kontorer p\u00e5 fylkeshusene i Steinkjer og Trondheim. <\/p>\n\n\n\n<p>NB! Grunnskoler og barnehager i Trondheim kommune organiseres av <a href=\"https:\/\/www.denkulturelleskolesekken.no\/trondheim\/\"><strong>DKS Trondheim<\/strong><\/a>.<\/p>\n\n\n\n<p>Sentralbord: tlf. 74 17 40 00<\/p>\n\n\n<div id=\"pl-gb119-6a04d1f9103a0\"  class=\"panel-layout wp-block-siteorigin-panels-layout-block\" ><div id=\"pg-gb119-6a04d1f9103a0-0\"  class=\"panel-grid panel-no-style\" ><div id=\"pgc-gb119-6a04d1f9103a0-0-0\"  class=\"panel-grid-cell\" ><div id=\"panel-gb119-6a04d1f9103a0-0-0-0\" class=\"so-panel widget widget_sow-editor panel-first-child panel-last-child\" data-index=\"0\" ><div\n\t\t\t\n\t\t\tclass=\"so-widget-sow-editor so-widget-sow-editor-base\"\n\t\t\t\n\t\t>\n<div class=\"siteorigin-widget-tinymce textwidget\">\n\t<h3><img loading=\"lazy\" decoding=\"async\" class=\"wp-image-870 alignleft\" src=\"https:\/\/cdn.denkulturelleskolesekken.no\/trondelag\/5eb9343a-irene.jpg\" alt=\"Portrett av Irene Rosenblom\" width=\"250\" height=\"250\" \/><br \/>\nIrene Rosenblom<\/h3>\n<p><strong>Fagkoordinator for DKS og prosjektleder for SPOR<\/strong><br \/>\nirero@trondelagfylke.no<br \/>\nTlf: 74175064 \/ 46949811<\/p>\n<\/div>\n<\/div><\/div><\/div><div id=\"pgc-gb119-6a04d1f9103a0-0-1\"  class=\"panel-grid-cell\" ><div id=\"panel-gb119-6a04d1f9103a0-0-1-0\" class=\"so-panel widget widget_sow-editor panel-first-child panel-last-child\" data-index=\"1\" ><div\n\t\t\t\n\t\t\tclass=\"so-widget-sow-editor so-widget-sow-editor-base\"\n\t\t\t\n\t\t>\n<div class=\"siteorigin-widget-tinymce textwidget\">\n\t<h3><img loading=\"lazy\" decoding=\"async\" class=\"alignleft wp-image-868\" src=\"https:\/\/cdn.denkulturelleskolesekken.no\/trondelag\/66e70f68-henning.jpg\" alt=\"Portrett av Henning Lystad\" width=\"250\" height=\"250\" \/><br \/>\nHenning Lystad<\/h3>\n<p><strong>Koordinator videreg\u00e5ende skole<\/strong><br \/>\nhenly@trondelagfylke.no<br \/>\nTlf: 74175887 \/ 48289007<\/p>\n<\/div>\n<\/div><\/div><\/div><div id=\"pgc-gb119-6a04d1f9103a0-0-2\"  class=\"panel-grid-cell\" ><div id=\"panel-gb119-6a04d1f9103a0-0-2-0\" class=\"so-panel widget widget_sow-editor panel-first-child panel-last-child\" data-index=\"2\" ><div\n\t\t\t\n\t\t\tclass=\"so-widget-sow-editor so-widget-sow-editor-base\"\n\t\t\t\n\t\t>\n<div class=\"siteorigin-widget-tinymce textwidget\">\n\t<h3><img loading=\"lazy\" decoding=\"async\" class=\"alignleft wp-image-873\" src=\"https:\/\/cdn.denkulturelleskolesekken.no\/trondelag\/b42ca265-marit.jpg\" alt=\"Portrett av Marit Bakken\" width=\"250\" height=\"250\" \/><br \/>\nMarit Bakken<\/h3>\n<p><strong>Film og digitale produksjoner<\/strong><br \/>\nmaribak@trondelagfylke.no<br \/>\nTlf: 74176985 \/ 98630060<\/p>\n<\/div>\n<\/div><\/div><\/div><\/div><div id=\"pg-gb119-6a04d1f9103a0-1\"  class=\"panel-grid panel-no-style\" ><div id=\"pgc-gb119-6a04d1f9103a0-1-0\"  class=\"panel-grid-cell\" ><div id=\"panel-gb119-6a04d1f9103a0-1-0-0\" class=\"so-panel widget widget_sow-editor panel-first-child panel-last-child\" data-index=\"3\" ><div\n\t\t\t\n\t\t\tclass=\"so-widget-sow-editor so-widget-sow-editor-base\"\n\t\t\t\n\t\t>\n<div class=\"siteorigin-widget-tinymce textwidget\">\n\t<h3><img loading=\"lazy\" decoding=\"async\" class=\"size-medium wp-image-1171 alignleft\" src=\"https:\/\/cdn.denkulturelleskolesekken.no\/trondelag\/7a2605bd-knut-finsaas-kleiberg-300x300.png\" alt=\"Portrettfoto av Knut Finsaas-Kleiberg\" width=\"300\" height=\"300\" srcset=\"https:\/\/cdn.denkulturelleskolesekken.no\/trondelag\/7a2605bd-knut-finsaas-kleiberg-300x300.png 300w, https:\/\/cdn.denkulturelleskolesekken.no\/trondelag\/7a2605bd-knut-finsaas-kleiberg-150x150.png 150w, https:\/\/cdn.denkulturelleskolesekken.no\/trondelag\/7a2605bd-knut-finsaas-kleiberg.png 648w\" sizes=\"auto, (max-width: 300px) 100vw, 300px\" \/>Knut Finsaas-Kleiberg<\/h3>\n<p><strong>Turn\u00e9legging grunnskole og videreg\u00e5ende skole<br \/>\n<\/strong>knufin@trondelagfylke.no<br \/>\nTlf. 74177031 \/ 90539466<\/p>\n<\/div>\n<\/div><\/div><\/div><div id=\"pgc-gb119-6a04d1f9103a0-1-1\"  class=\"panel-grid-cell\" ><div id=\"panel-gb119-6a04d1f9103a0-1-1-0\" class=\"so-panel widget widget_sow-editor panel-first-child panel-last-child\" data-index=\"4\" ><div\n\t\t\t\n\t\t\tclass=\"so-widget-sow-editor so-widget-sow-editor-base\"\n\t\t\t\n\t\t>\n<div class=\"siteorigin-widget-tinymce textwidget\">\n\t<h3><img loading=\"lazy\" decoding=\"async\" class=\"size-medium wp-image-1132 alignleft\" src=\"https:\/\/cdn.denkulturelleskolesekken.no\/trondelag\/ea381b75-bjorn-erik-heggli.-seksjon-kunst-og-kultur.1-300x300.png\" alt=\"Portrettbilde av Bj\u00f8rn Erik Heggli\" width=\"300\" height=\"300\" \/>Bj\u00f8rn Erik Heggli<\/h3>\n<p><strong>Musikk grunnskole\/Vrimmel<\/strong><br \/>\nbjoheg@trondelagfylke.no<br \/>\nTlf: 74175046\/ 99281435<\/p>\n<\/div>\n<\/div><\/div><\/div><div id=\"pgc-gb119-6a04d1f9103a0-1-2\"  class=\"panel-grid-cell\" ><div id=\"panel-gb119-6a04d1f9103a0-1-2-0\" class=\"so-panel widget widget_sow-editor panel-first-child panel-last-child\" data-index=\"5\" ><div\n\t\t\t\n\t\t\tclass=\"so-widget-sow-editor so-widget-sow-editor-base\"\n\t\t\t\n\t\t>\n<div class=\"siteorigin-widget-tinymce textwidget\">\n\t<h3><img loading=\"lazy\" decoding=\"async\" class=\"wp-image-1229 alignnone\" src=\"https:\/\/cdn.denkulturelleskolesekken.no\/trondelag\/1cfdedbf-vigdis-300x228.jpg\" alt=\"\" width=\"424\" height=\"322\" srcset=\"https:\/\/cdn.denkulturelleskolesekken.no\/trondelag\/1cfdedbf-vigdis-300x228.jpg 300w, https:\/\/cdn.denkulturelleskolesekken.no\/trondelag\/1cfdedbf-vigdis.jpg 600w\" sizes=\"auto, (max-width: 424px) 100vw, 424px\" \/><br \/>\nVigdis Sjelmo<\/h3>\n<p><strong>Kulturarv<\/strong><br \/>\nvigsj@trondelagfylke.no<br \/>\nTlf: +47 95804633<\/p>\n<\/div>\n<\/div><\/div><\/div><\/div><div id=\"pg-gb119-6a04d1f9103a0-2\"  class=\"panel-grid panel-no-style\" ><div id=\"pgc-gb119-6a04d1f9103a0-2-0\"  class=\"panel-grid-cell\" ><div id=\"panel-gb119-6a04d1f9103a0-2-0-0\" class=\"so-panel widget widget_sow-editor panel-first-child panel-last-child\" data-index=\"6\" ><div\n\t\t\t\n\t\t\tclass=\"so-widget-sow-editor so-widget-sow-editor-base\"\n\t\t\t\n\t\t>\n<div class=\"siteorigin-widget-tinymce textwidget\">\n\t<h3><img loading=\"lazy\" decoding=\"async\" class=\"alignnone wp-image-1214\" src=\"https:\/\/cdn.denkulturelleskolesekken.no\/trondelag\/7d4ca6d3-pia-immerstein-larsen-2025-300x300.jpeg\" alt=\"Portrettfoto av Pia Immerstein Larsen\" width=\"250\" height=\"250\" srcset=\"https:\/\/cdn.denkulturelleskolesekken.no\/trondelag\/7d4ca6d3-pia-immerstein-larsen-2025-300x300.jpeg 300w, https:\/\/cdn.denkulturelleskolesekken.no\/trondelag\/7d4ca6d3-pia-immerstein-larsen-2025-150x150.jpeg 150w, https:\/\/cdn.denkulturelleskolesekken.no\/trondelag\/7d4ca6d3-pia-immerstein-larsen-2025.jpeg 648w\" sizes=\"auto, (max-width: 250px) 100vw, 250px\" \/>Pia Immerstein Larsen<\/h3>\n<p><strong>Scenekunst<\/strong><br \/>\npialar@trondelagfylke.no<br \/>\nTlf: +47 41862433<\/p>\n<\/div>\n<\/div><\/div><\/div><div id=\"pgc-gb119-6a04d1f9103a0-2-1\"  class=\"panel-grid-cell\" ><div id=\"panel-gb119-6a04d1f9103a0-2-1-0\" class=\"so-panel widget widget_sow-editor panel-first-child panel-last-child\" data-index=\"7\" ><div\n\t\t\t\n\t\t\tclass=\"so-widget-sow-editor so-widget-sow-editor-base\"\n\t\t\t\n\t\t>\n<div class=\"siteorigin-widget-tinymce textwidget\">\n\t<h3><img loading=\"lazy\" decoding=\"async\" class=\"alignleft wp-image-874\" src=\"https:\/\/cdn.denkulturelleskolesekken.no\/trondelag\/b42ca265-tor-erik.jpg\" alt=\"Portrett av Tor Erik Munkvold\" width=\"250\" height=\"250\" \/><br \/>\nTor Erik Munkvold<\/h3>\n<p><strong>Turn\u00e9legging litteratur og UKM<\/strong><br \/>\ntormu@trondelagfylke.no<br \/>\nTlf: 74175098 \/ 93454949<\/p>\n<\/div>\n<\/div><\/div><\/div><div id=\"pgc-gb119-6a04d1f9103a0-2-2\"  class=\"panel-grid-cell\" ><div id=\"panel-gb119-6a04d1f9103a0-2-2-0\" class=\"so-panel widget widget_sow-editor panel-first-child panel-last-child\" data-index=\"8\" ><div\n\t\t\t\n\t\t\tclass=\"so-widget-sow-editor so-widget-sow-editor-base\"\n\t\t\t\n\t\t>\n<div class=\"siteorigin-widget-tinymce textwidget\">\n\t<h3><img loading=\"lazy\" decoding=\"async\" class=\"wp-image-877 alignleft\" src=\"https:\/\/cdn.denkulturelleskolesekken.no\/trondelag\/b9bd1e82-aase-kari.jpg\" alt=\"Portrett av Aase Kari Skaugen\" width=\"300\" height=\"300\" \/>Aase Kari Skaugen<\/h3>\n<p><strong>Visuell kunst grunnskole<\/strong><br \/>\naassk@trondelagfylke.no<br \/>\nTlf: 74175036\/ 95906222<\/p>\n<\/div>\n<\/div><\/div><\/div><\/div><div id=\"pg-gb119-6a04d1f9103a0-3\"  class=\"panel-grid panel-no-style\" ><div id=\"pgc-gb119-6a04d1f9103a0-3-0\"  class=\"panel-grid-cell\" ><div id=\"panel-gb119-6a04d1f9103a0-3-0-0\" class=\"so-panel widget widget_sow-editor panel-first-child panel-last-child\" data-index=\"9\" ><div\n\t\t\t\n\t\t\tclass=\"so-widget-sow-editor so-widget-sow-editor-base\"\n\t\t\t\n\t\t>\n<div class=\"siteorigin-widget-tinymce textwidget\">\n\t<h4><img loading=\"lazy\" decoding=\"async\" class=\"alignleft wp-image-867\" src=\"https:\/\/cdn.denkulturelleskolesekken.no\/trondelag\/66e70f68-anna.jpg\" alt=\"Portrett av Anna Josefine Kval\u00f8s\u00e6ter\" width=\"250\" height=\"250\" \/><\/h4>\n<h3>Anna Josefine Kval\u00f8s\u00e6ter<\/h3>\n<p><span style=\"color: #ff0000;\"><strong><em>I permisjon<\/em><\/strong><\/span><\/p>\n<p><strong>Scenekunst og UKM<\/strong><br \/>\nannkv@trondelagfylke.no<br \/>\nTlf: 74175039 \/ 41499458<\/p>\n<\/div>\n<\/div><\/div><\/div><div id=\"pgc-gb119-6a04d1f9103a0-3-1\"  class=\"panel-grid-cell panel-grid-cell-empty panel-grid-cell-mobile-last\" ><\/div><div id=\"pgc-gb119-6a04d1f9103a0-3-2\"  class=\"panel-grid-cell panel-grid-cell-empty\" ><\/div><\/div><\/div>\n\n\n<p><\/p>\n","protected":false},"excerpt":{"rendered":"<p>DKS i Tr\u00f8ndelag organiseres av Ung kultur-teamet i Tr\u00f8ndelag fylkeskommune, som ogs\u00e5 jobber med UKM. Vi har kontorer p\u00e5 fylkeshusene i Steinkjer og Trondheim. NB! Grunnskoler og barnehager i Trondheim kommune organiseres av DKS Trondheim. Sentralbord: tlf. 74 17 40 00<\/p>\n","protected":false},"author":13,"featured_media":1094,"parent":0,"menu_order":0,"comment_status":"closed","ping_status":"closed","template":"","meta":{"footnotes":""},"class_list":["post-119","page","type-page","status-publish","has-post-thumbnail","hentry"],"_links":{"self":[{"href":"https:\/\/www.denkulturelleskolesekken.no\/trondelag\/wp-json\/wp\/v2\/pages\/119","targetHints":{"allow":["GET"]}}],"collection":[{"href":"https:\/\/www.denkulturelleskolesekken.no\/trondelag\/wp-json\/wp\/v2\/pages"}],"about":[{"href":"https:\/\/www.denkulturelleskolesekken.no\/trondelag\/wp-json\/wp\/v2\/types\/page"}],"author":[{"embeddable":true,"href":"https:\/\/www.denkulturelleskolesekken.no\/trondelag\/wp-json\/wp\/v2\/users\/13"}],"replies":[{"embeddable":true,"href":"https:\/\/www.denkulturelleskolesekken.no\/trondelag\/wp-json\/wp\/v2\/comments?post=119"}],"version-history":[{"count":388,"href":"https:\/\/www.denkulturelleskolesekken.no\/trondelag\/wp-json\/wp\/v2\/pages\/119\/revisions"}],"predecessor-version":[{"id":1232,"href":"https:\/\/www.denkulturelleskolesekken.no\/trondelag\/wp-json\/wp\/v2\/pages\/119\/revisions\/1232"}],"wp:featuredmedia":[{"embeddable":true,"href":"https:\/\/www.denkulturelleskolesekken.no\/trondelag\/wp-json\/wp\/v2\/media\/1094"}],"wp:attachment":[{"href":"https:\/\/www.denkulturelleskolesekken.no\/trondelag\/wp-json\/wp\/v2\/media?parent=119"}],"curies":[{"name":"wp","href":"https:\/\/api.w.org\/{rel}","templated":true}]}}