{"id":33,"date":"2019-10-31T13:55:54","date_gmt":"2019-10-31T13:55:54","guid":{"rendered":"https:\/\/viken.kulturtanken.app\/?page_id=33"},"modified":"2023-05-21T11:18:57","modified_gmt":"2023-05-21T11:18:57","slug":"hva-er-dks","status":"publish","type":"page","link":"https:\/\/www.denkulturelleskolesekken.no\/tromso\/hva-er-dks\/","title":{"rendered":"Den kulturelle skolesekken"},"content":{"rendered":"\n<p>Den kulturelle skolesekken (DKS) er en nasjonal ordning som s\u00f8rger for at alle skoleelever i Norge f\u00e5r oppleve profesjonell kunst og kultur hvert \u00e5r. Tilbudene skal v\u00e6re av h\u00f8y kvalitet, og vise hele bredden av de seks kulturuttrykkene: film, kulturarv, litteratur, musikk, scenekunst og visuell kunst.<\/p>\n\n\n\n<p>DKS er et samarbeid mellom Kulturdepartementet og Kunnskapsdepartementet, og alle landets fylkeskommuner og kommuner.&nbsp;<em>Kulturtanken \u2013 Den kulturelle skolesekken Norge&nbsp;<\/em>fikk i 2016 det nasjonale ansvaret for ordningen. DKS er alts\u00e5 et samarbeidsprosjekt mellom kultur- og oppl\u00e6ringssektoren p\u00e5 nasjonalt, regionalt og lokalt niv\u00e5, og omfatter alle skolene i Norge. Fylkeskommunen er ansvarlig for regional koordinering og programmering, men kommunene har ogs\u00e5 mulighet for \u00e5 utvikle egne program lokalt.<\/p>\n\n\n\n<div style=\"height:25px\" aria-hidden=\"true\" class=\"wp-block-spacer\"><\/div>\n\n\n\n<h3 class=\"wp-block-heading\">Den kulturelle skolesekken i Troms\u00f8 <\/h3>\n\n\n\n<p>Troms\u00f8 DKS er en s\u00e5kalt direktekommune, med eget ansvar for koordinering, programmering og utvikling av DKS-tilbudet til grunnskolen i kommunen. Tilbudet til videreg\u00e5ende skoler ivaretas av fylkeskommunen.<\/p>\n\n\n\n<p>Hvert \u00e5r tildeles faste tilbud til alle trinn, i tillegg tilbys flere bestillingstilbud som skolene n\u00e5 kan bestille via DKS-portalen.<\/p>\n\n\n\n<p>Helt fra oppstart i 2001 har Troms\u00f8 DKS lagt vekt p\u00e5 at elever ogs\u00e5 skal f\u00e5 v\u00e6re med \u00e5 skape, i tillegg til \u00e5 oppleve og l\u00e6re. Troms\u00f8 DKS har utviklet en modell hvor fem fagsentre har ansvar for programmering og avvikling av verkstedtilbud til utvalgte klassetrinn, som en del av det \u00e5rlige faste tilbudet i Troms\u00f8 DKS. Disse fem fagsentrene er:<\/p>\n\n\n\n<ul class=\"wp-block-list\"><li>Fagsenter for litteratur, som administreres av Troms\u00f8 bibliotek og byarkiv (tilbud til 2. og 8. trinn)<\/li><li>Fagsenter for scenekunst, som administreres av Kulturskolen (tilbud til 4. trinn)<\/li><li>Fagsenter for musikk, som administreres av Kulturskolen (tilbud til 6.trinn)<\/li><li>Fagsenter for visuell kunst, som administreres av Kulturskolen (tilbud til 7. trinn)<\/li><li>Fagsenter for film, som administreres av TVIBIT (tilbud til 9. trinn)<\/li><\/ul>\n\n\n\n<p>Det \u00f8vrige tilbudet programmeres av DKS-administrasjonen, med fagsentrene som programr\u00e5d innenfor sine fagomr\u00e5der. <strong>Les mer om v\u00e5rt arbeid med programmering og vurdering av innmeldte forslag <a href=\"https:\/\/www.denkulturelleskolesekken.no\/tromso\/er-du-utover\/\" data-type=\"URL\" data-id=\"https:\/\/www.denkulturelleskolesekken.no\/tromso\/er-du-utover\/\">her<\/a><\/strong>. <\/p>\n\n\n\n<p>Kulturarv er senere kommet til som et fagomr\u00e5de nasjonalt. Pr. i dag finnes det ikke et eget fagsenter for kulturarv i Troms\u00f8-modellen. Men DKS Troms\u00f8 har utviklet et samarbeid med flere kulturarvsinstitusjoner som Norges arktiske universitetsmuseum, Perspektivet museum og Nordnorsk vitensenter, som likevel bidrar til at kulturarv er godt representert i Troms\u00f8 kommunes samlede DKS-program.<\/p>\n\n\n\n<p><\/p>\n","protected":false},"excerpt":{"rendered":"<p>Den kulturelle skolesekken (DKS) er en nasjonal ordning som s\u00f8rger for at alle skoleelever i Norge f\u00e5r oppleve profesjonell kunst og kultur hvert \u00e5r. Tilbudene skal v\u00e6re av h\u00f8y kvalitet, og vise hele bredden av de seks kulturuttrykkene: film, kulturarv, litteratur, musikk, scenekunst og visuell kunst. DKS er et samarbeid mellom Kulturdepartementet og Kunnskapsdepartementet, og [&hellip;]<\/p>\n","protected":false},"author":10,"featured_media":0,"parent":0,"menu_order":0,"comment_status":"closed","ping_status":"closed","template":"","meta":{"footnotes":""},"class_list":["post-33","page","type-page","status-publish","hentry"],"_links":{"self":[{"href":"https:\/\/www.denkulturelleskolesekken.no\/tromso\/wp-json\/wp\/v2\/pages\/33","targetHints":{"allow":["GET"]}}],"collection":[{"href":"https:\/\/www.denkulturelleskolesekken.no\/tromso\/wp-json\/wp\/v2\/pages"}],"about":[{"href":"https:\/\/www.denkulturelleskolesekken.no\/tromso\/wp-json\/wp\/v2\/types\/page"}],"author":[{"embeddable":true,"href":"https:\/\/www.denkulturelleskolesekken.no\/tromso\/wp-json\/wp\/v2\/users\/10"}],"replies":[{"embeddable":true,"href":"https:\/\/www.denkulturelleskolesekken.no\/tromso\/wp-json\/wp\/v2\/comments?post=33"}],"version-history":[{"count":30,"href":"https:\/\/www.denkulturelleskolesekken.no\/tromso\/wp-json\/wp\/v2\/pages\/33\/revisions"}],"predecessor-version":[{"id":1112,"href":"https:\/\/www.denkulturelleskolesekken.no\/tromso\/wp-json\/wp\/v2\/pages\/33\/revisions\/1112"}],"wp:attachment":[{"href":"https:\/\/www.denkulturelleskolesekken.no\/tromso\/wp-json\/wp\/v2\/media?parent=33"}],"curies":[{"name":"wp","href":"https:\/\/api.w.org\/{rel}","templated":true}]}}