{"id":31,"date":"2019-10-31T13:54:44","date_gmt":"2019-10-31T13:54:44","guid":{"rendered":"https:\/\/viken.kulturtanken.app\/?page_id=31"},"modified":"2025-11-21T09:57:49","modified_gmt":"2025-11-21T09:57:49","slug":"er-du-utover","status":"publish","type":"page","link":"https:\/\/www.denkulturelleskolesekken.no\/tromso\/er-du-utover\/","title":{"rendered":"Ut\u00f8ver"},"content":{"rendered":"\n<p>Profesjonelle ut\u00f8vere, produsenter og formidlere av kunst og kultur kan melde inn forslag til DKS Troms\u00f8 via <a href=\"https:\/\/portal.denkulturelleskolesekken.no\/\" data-type=\"URL\" data-id=\"https:\/\/portal.denkulturelleskolesekken.no\/\">DKS-portalen<\/a>. Et programforslag kan v\u00e6re en ny id\u00e9 eller en ferdig produsert produksjon som allerede er vist i DKS eller et annet sted.<\/p>\n\n\n\n<p><strong>Innmeldingsfrist er 1. oktober for p\u00e5f\u00f8lgende skole\u00e5r. <\/strong>Fristen gjelder b\u00e5de nye programforslag og reaktivering av tidligere innsendte forslag.<\/p>\n\n\n\n<p>DKS Troms\u00f8 programmerer kun tilbud til grunnskolen i Troms\u00f8 kommune. Forslag til produksjoner for videreg\u00e5ende skole i Troms\u00f8, sendes til Troms fylkeskommune.<\/p>\n\n\n\n<p>Vi f\u00e5r \u00e5rlig inn mange forslag og oppfordrer derfor forslagsstillere til \u00e5 v\u00e6re korte og konkrete, om mulig. God dokumentasjon er viktig for vurderingen (cv, foto, lyd, film, budsjett, referanser etc.).<\/p>\n\n\n\n<p><\/p>\n\n\n\n<h3 class=\"wp-block-heading\"><strong>Vurdering av forslag<\/strong><\/h3>\n\n\n\n<p>Vurdering av forslag skjer i flere faser:<\/p>\n\n\n\n<ul class=\"wp-block-list\">\n<li>Formalkontroll <\/li>\n\n\n\n<li>Kvalitetsvurdering<\/li>\n\n\n\n<li>Sluttvurdering\/helhetsvurdering<\/li>\n<\/ul>\n\n\n\n<p>I kvalitetsvurderingen gis det en vurdering av:<\/p>\n\n\n\n<ul class=\"wp-block-list\">\n<li>Kunstnerisk kvalitet<\/li>\n\n\n\n<li>Formidlingskvalitet<\/li>\n\n\n\n<li>Egnethet for m\u00e5lgruppa<\/li>\n\n\n\n<li>Relevans<\/li>\n<\/ul>\n\n\n\n<p>I sluttvurderingen vurderes helheten i programmet opp mot b\u00e5de nasjonale og lokale m\u00e5l og f\u00f8ringer. Det legges spesielt vekt p\u00e5 mangfold og representativitet, b\u00e5de med tanke p\u00e5 kunstnerisk innhold, m\u00e5lgruppe og ut\u00f8vere.<\/p>\n\n\n\n<p>Vi \u00f8nsker \u00e5 tilby elevene i Troms\u00f8 en god miks av etablerte og nye produksjoner innen de ulike uttrykkene. Vi legger vekt p\u00e5 lokal forankring, men \u00f8nsker ogs\u00e5 \u00e5 tilby tilreisende produksjoner av h\u00f8y kvalitet. Forslag med samisk eller kvensk innhold oppfordres innmeldt til oss.<\/p>\n\n\n\n<p>Vi programmerer \u00e5rlig b\u00e5de faste tilbud og bestillingstilbud for alle m\u00e5lgrupper. <\/p>\n\n\n\n<p>Vi programmerer b\u00e5de skoleproduksjoner, hvor ut\u00f8vere kommer til skolene, og stasjon\u00e6re bes\u00f8k, hvor elevene f\u00e5r oppleve et tilbud p\u00e5 en profesjonell kunst- og kulturarena utenfor skolen. <\/p>\n\n\n\n<p>Aktuelle ut\u00f8vere og kulturinstitusjoner vil bli kontaktet. Programmet skal v\u00e6re klart i l\u00f8pet av mars. Da skal ogs\u00e5 status for alle forslag v\u00e6re satt i portalen. Erfaringsmessig f\u00e5r vi inn flere gode forslag enn vi kan tilby, noe som gj\u00f8r at vi ogs\u00e5 m\u00e5 gi avslag p\u00e5 produksjoner vi gjerne skulle hatt i v\u00e5rt program.<\/p>\n\n\n\n<div style=\"height:30px\" aria-hidden=\"true\" class=\"wp-block-spacer\"><\/div>\n\n\n\n<h3 class=\"wp-block-heading\"><strong>Honorar og RDO<\/strong><\/h3>\n\n\n\n<p>Troms\u00f8 DKS f\u00f8lger <a href=\"https:\/\/creokultur.no\/wp-content\/uploads\/2022\/06\/22_01451-1-ASA-4401-Rammeavtale-om-vilkar-for-oppdragstakere-i-Den-kulturelle-skolesekken-i-f-1485616_5_0.pdf\" data-type=\"URL\" data-id=\"https:\/\/creokultur.no\/wp-content\/uploads\/2022\/06\/22_01451-1-ASA-4401-Rammeavtale-om-vilkar-for-oppdragstakere-i-Den-kulturelle-skolesekken-i-f-1485616_5_0.pdf\">rammeavtalen<\/a> som er fremforhandlet av KS og Creo. Scenekunstproduksjoner som er del av Scenekunstbrukets repertoar honoreres etter gjeldende satser. For kulturinstitusjoner gj\u00f8res egne avtaler.<\/p>\n\n\n\n<p>Troms\u00f8 DKS f\u00f8lger <a href=\"https:\/\/www.sticos.no\/fagstoff\/satser\/statens-reiseregulativ\" data-type=\"URL\" data-id=\"https:\/\/www.sticos.no\/fagstoff\/satser\/statens-reiseregulativ\">statens satser<\/a> for RDO (reise, diett og opphold). <\/p>\n\n\n\n<div style=\"height:30px\" aria-hidden=\"true\" class=\"wp-block-spacer\"><\/div>\n\n\n\n<h3 class=\"wp-block-heading\">Opphavsrett og vederlagsplikt  <\/h3>\n\n\n\n<p>Ut\u00f8ver skal legge til informasjon om opphavsrett og vederlagsplikt, og eventuelt verksliste, i det innmeldte forslaget i DKS portalen.&nbsp;Dersom oppdragstaker benytter andre kunstneres \u00e5ndsverk i sin produksjon, plikter han\/hun \u00e5 innhente opphavsmannens tillatelse til \u00e5 benytte kunstnerens \u00e5ndsverk i sin produksjon.&nbsp;<\/p>\n\n\n\n<p>Opphavsrettsvederlag for bruk av \u00e5ndsverk dekkes av oppdragsgiver etter n\u00e6rmere avtale. For kunstomr\u00e5der hvor det finnes nasjonale avtaler skal vederlaget fastsettes i samsvar med den gjeldende nasjonale avtale.&nbsp;<\/p>\n\n\n\n<p>Kulturtanken har i 2023 inng\u00e5tt pilotavtaler med b\u00e5de <a href=\"https:\/\/www.kulturtanken.no\/aktuelt\/2023\/ny-rettighetsavtale-mellom-tono-og-kulturtanken\/\" data-type=\"URL\" data-id=\"https:\/\/www.kulturtanken.no\/aktuelt\/2023\/ny-rettighetsavtale-mellom-tono-og-kulturtanken\/\">TONO<\/a>, <a href=\"https:\/\/www.kulturtanken.no\/aktuelt\/2023\/ny-pilotavtale-om-bruk-av-visuell-kunst-i-dks\/\" data-type=\"URL\" data-id=\"https:\/\/www.kulturtanken.no\/aktuelt\/2023\/ny-pilotavtale-om-bruk-av-visuell-kunst-i-dks\/\">BONO<\/a> og <a href=\"https:\/\/www.kulturtanken.no\/aktuelt\/2023\/ny-avtale-om-bruk-av-opphavsrettslig-beskyttet-litteratur-i-dks\/\" data-type=\"URL\" data-id=\"https:\/\/www.kulturtanken.no\/aktuelt\/2023\/ny-avtale-om-bruk-av-opphavsrettslig-beskyttet-litteratur-i-dks\/\">Kopinor<\/a>, for utbetaling av vederlag knyttet til musikk, visuell kunst og litteratur.<\/p>\n\n\n\n<div style=\"height:30px\" aria-hidden=\"true\" class=\"wp-block-spacer\"><\/div>\n\n\n\n<h3 class=\"wp-block-heading\"><strong>Fakturering<\/strong><\/h3>\n\n\n\n<p>S\u00e5 snart oppdraget er gjennomf\u00f8rt, og n\u00f8dvendig utgiftsdekning er godkjent av oppdragsgiver, skal oppdragstaker sende faktura til oppdragsgiver. Faktura skal spesifiseres med honorar og eventuelt avtalt utgiftsdekning.<\/p>\n\n\n\n<p>Fakturaen skal inneholde: firmanavn, organisasjonsnummer og fakturanummer, samt navn p\u00e5 produksjon og rekvisisjonsnummer (som oppdragsgiver f\u00e5r fra opptakstaker f\u00f8r fakturering).&nbsp;<\/p>\n\n\n\n<p>Faktura skal spesifiseres med honorar og evt. annen avtalt utgiftsdekning (diett, utlegg etc.), p\u00e5 separate produktlinjer. Det skal legges ved kvitteringer for eventuelle utlegg.<\/p>\n\n\n\n<p>Faktura sendes elektronisk i EHF-format via organisasjonsnummer 940 101 808 til: <a href=\"mailto:fakturasenteret@tromso.kommune.no\">fakturasenteret@tromso.kommune.no<\/a>, innen 30 dager etter avsluttet turn\u00e9.<\/p>\n\n\n\n<p>Betaling finner sted til konto som angitt p\u00e5 faktura, og med forfall tidligst 21 dager etter fakturadato.<\/p>\n\n\n\n<div style=\"height:0px\" aria-hidden=\"true\" class=\"wp-block-spacer\"><\/div>\n\n\n\n<h3 class=\"wp-block-heading\"><strong>Tilbakemelding<\/strong><\/h3>\n\n\n\n<p>Etter at en turn\u00e9 er avsluttet f\u00e5r ut\u00f8vere tilsendt et tilbakemeldingsskjema via DKS-portalen. Vi \u00f8nsker at alle ut\u00f8vere som har v\u00e6rt p\u00e5 turne for DKS Troms\u00f8 tar seg tid til \u00e5 svare p\u00e5 sp\u00f8rsm\u00e5lene, da det kan v\u00e6re til stor nytte for oss. <\/p>\n\n\n\n<div style=\"height:10px\" aria-hidden=\"true\" class=\"wp-block-spacer\"><\/div>\n\n\n\n<p><strong>Les mer om \u00e5 v\u00e6re ut\u00f8ver i DKS&nbsp;<a rel=\"noreferrer noopener\" href=\"https:\/\/www.denkulturelleskolesekken.no\/forside\/om-dks\/utover\/\" target=\"_blank\">her<\/a>.<\/strong><\/p>\n","protected":false},"excerpt":{"rendered":"<p>Profesjonelle ut\u00f8vere, produsenter og formidlere av kunst og kultur kan melde inn forslag til DKS Troms\u00f8 via DKS-portalen. Et programforslag kan v\u00e6re en ny id\u00e9 eller en ferdig produsert produksjon som allerede er vist i DKS eller et annet sted. Innmeldingsfrist er 1. oktober for p\u00e5f\u00f8lgende skole\u00e5r. Fristen gjelder b\u00e5de nye programforslag og reaktivering av [&hellip;]<\/p>\n","protected":false},"author":4,"featured_media":0,"parent":0,"menu_order":0,"comment_status":"closed","ping_status":"closed","template":"","meta":{"footnotes":""},"class_list":["post-31","page","type-page","status-publish","hentry"],"_links":{"self":[{"href":"https:\/\/www.denkulturelleskolesekken.no\/tromso\/wp-json\/wp\/v2\/pages\/31","targetHints":{"allow":["GET"]}}],"collection":[{"href":"https:\/\/www.denkulturelleskolesekken.no\/tromso\/wp-json\/wp\/v2\/pages"}],"about":[{"href":"https:\/\/www.denkulturelleskolesekken.no\/tromso\/wp-json\/wp\/v2\/types\/page"}],"author":[{"embeddable":true,"href":"https:\/\/www.denkulturelleskolesekken.no\/tromso\/wp-json\/wp\/v2\/users\/4"}],"replies":[{"embeddable":true,"href":"https:\/\/www.denkulturelleskolesekken.no\/tromso\/wp-json\/wp\/v2\/comments?post=31"}],"version-history":[{"count":40,"href":"https:\/\/www.denkulturelleskolesekken.no\/tromso\/wp-json\/wp\/v2\/pages\/31\/revisions"}],"predecessor-version":[{"id":1179,"href":"https:\/\/www.denkulturelleskolesekken.no\/tromso\/wp-json\/wp\/v2\/pages\/31\/revisions\/1179"}],"wp:attachment":[{"href":"https:\/\/www.denkulturelleskolesekken.no\/tromso\/wp-json\/wp\/v2\/media?parent=31"}],"curies":[{"name":"wp","href":"https:\/\/api.w.org\/{rel}","templated":true}]}}