{"id":25,"date":"2019-10-31T13:51:34","date_gmt":"2019-10-31T13:51:34","guid":{"rendered":"https:\/\/viken.kulturtanken.app\/?page_id=25"},"modified":"2025-01-23T12:40:54","modified_gmt":"2025-01-23T12:40:54","slug":"er-du-kulturkontakt","status":"publish","type":"page","link":"https:\/\/www.denkulturelleskolesekken.no\/tromso\/er-du-kulturkontakt\/","title":{"rendered":"Kulturkontakt"},"content":{"rendered":"\n<p>Kulturkontakten har en sv\u00e6rt viktig rolle som ambassad\u00f8r og bindeledd mellom DKS og skolen. Kulturkontakten er en av de ansatte p\u00e5 skolen. Som regel er det en l\u00e6rer, en skoleleder eller en annen ansatt i administrasjonen. Det viktigste er at kulturkontakten har engasjement og tid til \u00e5 gjennomf\u00f8re oppgaven.<\/p>\n\n\n\n<p>Kulturkontaktens hovedoppgaver:<\/p>\n\n\n\n<ul class=\"wp-block-list\">\n<li>Holde seg orientert om tilbud fra Troms\u00f8 DKS<\/li>\n\n\n\n<li>Videreformidle informasjon fra DKS til l\u00e6rere og skoleledelse<\/li>\n\n\n\n<li>Bidra til at DKS-tilbudene legges inn i skolens planer<\/li>\n\n\n\n<li>Oppdatere informasjon om skolen i skoleportalen<\/li>\n\n\n\n<li>Administrere bestillinger i skoleportalen<\/li>\n\n\n\n<li>Svare p\u00e5- og videresende tilbakemeldingsskjema<\/li>\n\n\n\n<li>Delta p\u00e5 programslipp og m\u00f8ter, og bidra med \u00e5 dele erfaringer<\/li>\n<\/ul>\n\n\n\n<p>Mange av DKS-tilbudene i Troms\u00f8 kommune gjennomf\u00f8res utenfor skolen, p\u00e5 kunst- og kulturarenaer som Verdensteateret, Troms\u00f8 museum, Kulturhuset, R\u00e5dstua, TVIBIT med mere. Men som i andre kommuner og fylker har vi ogs\u00e5 skoleproduksjoner, hvor ut\u00f8verne kommer til skolen.<\/p>\n\n\n\n<p>Kulturkontaktens oppgaver ved skoleproduksjoner (gjerne i samarbeid med elever):&nbsp;<\/p>\n\n\n\n<ul class=\"wp-block-list\">\n<li>V\u00e6re kontaktperson og vertskap for ut\u00f8vere som kommer til skolen<\/li>\n\n\n\n<li>Ha, eller delegere, ansvar for gjennomf\u00f8ring (praktisk og teknisk)<\/li>\n<\/ul>\n\n\n\n<p>DKS Troms\u00f8 inviterer \u00e5rlig alle kommunens kulturkontakter p\u00e5 programslipp, i tillegg til \u00e5 arrangere m\u00f8ter og workshops ved behov.<\/p>\n\n\n\n<p>For \u00e5 sikre god informasjonsflyt er det viktig at hver skole har en kulturkontakt og at skolene gir beskjed dersom de f\u00e5r ny kulturkontakt. Ved endring av kulturkontakt eller kontaktinformasjon til eksisterende kulturkontakt, send e-post til siv.bardsen@tromso.kommune.no. <\/p>\n\n\n\n<p><\/p>\n\n\n\n<div style=\"height:36px\" aria-hidden=\"true\" class=\"wp-block-spacer\"><\/div>\n\n\n\n<h3 class=\"wp-block-heading\">Bestille tilbud i portalen <\/h3>\n\n\n\n<p>For \u00e5 bestille et bestillingstilbud m\u00e5 du v\u00e6re lagt til som kulturkontakt i skoleportalen. <\/p>\n\n\n\n<p>Alle kulturkontakter i Troms\u00f8 kommune skal ha en egen bruker i portalen. Kulturkontaktene har det overordnede ansvaret for \u00e5 bestille tilbud\/administrere bestillinger p\u00e5 en skole. Men en kulturkontakt har ogs\u00e5 mulighet til \u00e5 legge til en skoleansatt som bruker i skoleportalen, dersom de \u00f8nsker \u00e5 gi flere p\u00e5 skolen tilgang til \u00e5 bestille.<\/p>\n\n\n\n<p>Slik bestiller du:<\/p>\n\n\n\n<ul class=\"wp-block-list\">\n<li>Logg inn i skoleportalen \u00a0\u00a0\u00a0\u00a0<\/li>\n\n\n\n<li>Klikk p\u00e5 hamburgermenyen \u00f8verst til venstre, og klikk deretter p\u00e5 \u00abP\u00e5meldinger\u00bb<\/li>\n\n\n\n<li>Klikk p\u00e5 \u00abBestill\u00bb (den midterste fanen)<\/li>\n<\/ul>\n\n\n\n<figure class=\"wp-block-image size-full\"><img loading=\"lazy\" decoding=\"async\" width=\"690\" height=\"377\" src=\"https:\/\/cdn.denkulturelleskolesekken.no\/tromso\/338b9f73-bilde2.png\" alt=\"\" class=\"wp-image-1044\" srcset=\"https:\/\/cdn.denkulturelleskolesekken.no\/tromso\/338b9f73-bilde2.png 690w, https:\/\/cdn.denkulturelleskolesekken.no\/tromso\/338b9f73-bilde2-300x164.png 300w\" sizes=\"auto, (max-width: 690px) 100vw, 690px\" \/><\/figure>\n\n\n\n<ul class=\"wp-block-list\">\n<li>Velg et tilbud<\/li>\n\n\n\n<li>Velg trinn\/klasser (elevtall hentes opp automatisk, men dere kan legge til antall l\u00e6rere manuelt)<\/li>\n\n\n\n<li>Velg tidspunkt<\/li>\n\n\n\n<li>Under feltet Kontaktperson navn\/mobil\/e-post, er det fint om dere setter inn kontaktinfo til l\u00e6rer som skal v\u00e6re kontaktperson<\/li>\n\n\n\n<li>Annen info dere mener er viktig, enten om gruppen som kommer eller annet, kan dere skrive inn i fritekstfeltene. <\/li>\n\n\n\n<li>N\u00e5r dere har sendt bestilling f\u00e5r dere en automatisk e-post om at bestillingen er <em>registrert. <\/em>Men f\u00f8r bestillingen blir til en tildeling som legger seg i kulturkalenderen m\u00e5 vi <em>godkjenne bestillingen<\/em><\/li>\n\n\n\n<li>Dere kan f\u00f8lge med p\u00e5 status for bestillinger under fanen \u00abDine p\u00e5meldinger\u00bb<\/li>\n\n\n\n<li>N\u00e5r en bestilling er godkjent f\u00e5r den status som tildelt, og legger seg i kulturkalenderen (sammen med de faste tilbudene)<\/li>\n<\/ul>\n\n\n\n<div style=\"height:22px\" aria-hidden=\"true\" class=\"wp-block-spacer\"><\/div>\n\n\n\n<h3 class=\"wp-block-heading\">Ressurser<\/h3>\n\n\n\n<p><a href=\"https:\/\/www.kulturtanken.no\/ressurs\/handbok-fra-kulturkontakter-dks-viken\/\">H\u00e5ndbok for kulturkontakter &#8211; Kulturtanken<\/a><\/p>\n\n\n\n<p><a href=\"https:\/\/www.kulturtanken.no\/aktuelt\/2020\/kulturkontakt-en-essensiell-rolle\/\">Kulturkontakt \u2013 en essensiell rolle &#8211; Kulturtanken<\/a><\/p>\n\n\n\n<p><a href=\"https:\/\/www.denkulturelleskolesekken.no\/dks-portalen\/kulturkontakt\/\">Kulturkontakt &#8211; Den kulturelle skolesekken | Den kulturelle skolesekken<\/a><\/p>\n","protected":false},"excerpt":{"rendered":"<p>Kulturkontakten har en sv\u00e6rt viktig rolle som ambassad\u00f8r og bindeledd mellom DKS og skolen. Kulturkontakten er en av de ansatte p\u00e5 skolen. Som regel er det en l\u00e6rer, en skoleleder eller en annen ansatt i administrasjonen. Det viktigste er at kulturkontakten har engasjement og tid til \u00e5 gjennomf\u00f8re oppgaven. Kulturkontaktens hovedoppgaver: Mange av DKS-tilbudene i [&hellip;]<\/p>\n","protected":false},"author":4,"featured_media":0,"parent":0,"menu_order":0,"comment_status":"closed","ping_status":"closed","template":"","meta":{"footnotes":""},"class_list":["post-25","page","type-page","status-publish","hentry"],"_links":{"self":[{"href":"https:\/\/www.denkulturelleskolesekken.no\/tromso\/wp-json\/wp\/v2\/pages\/25","targetHints":{"allow":["GET"]}}],"collection":[{"href":"https:\/\/www.denkulturelleskolesekken.no\/tromso\/wp-json\/wp\/v2\/pages"}],"about":[{"href":"https:\/\/www.denkulturelleskolesekken.no\/tromso\/wp-json\/wp\/v2\/types\/page"}],"author":[{"embeddable":true,"href":"https:\/\/www.denkulturelleskolesekken.no\/tromso\/wp-json\/wp\/v2\/users\/4"}],"replies":[{"embeddable":true,"href":"https:\/\/www.denkulturelleskolesekken.no\/tromso\/wp-json\/wp\/v2\/comments?post=25"}],"version-history":[{"count":23,"href":"https:\/\/www.denkulturelleskolesekken.no\/tromso\/wp-json\/wp\/v2\/pages\/25\/revisions"}],"predecessor-version":[{"id":1156,"href":"https:\/\/www.denkulturelleskolesekken.no\/tromso\/wp-json\/wp\/v2\/pages\/25\/revisions\/1156"}],"wp:attachment":[{"href":"https:\/\/www.denkulturelleskolesekken.no\/tromso\/wp-json\/wp\/v2\/media?parent=25"}],"curies":[{"name":"wp","href":"https:\/\/api.w.org\/{rel}","templated":true}]}}