{"id":119,"date":"2019-12-10T12:20:02","date_gmt":"2019-12-10T12:20:02","guid":{"rendered":"https:\/\/viken.kulturtanken.app\/?page_id=119"},"modified":"2025-09-03T12:20:06","modified_gmt":"2025-09-03T12:20:06","slug":"kontakt-oss","status":"publish","type":"page","link":"https:\/\/www.denkulturelleskolesekken.no\/tromso\/kontakt-oss\/","title":{"rendered":"Kontakt oss"},"content":{"rendered":"\n<div style=\"height:50px\" aria-hidden=\"true\" class=\"wp-block-spacer\"><\/div>\n\n\n\n<h3 class=\"wp-block-heading\"><\/h3>\n\n\n\n<div style=\"height:18px\" aria-hidden=\"true\" class=\"wp-block-spacer\"><\/div>\n\n\n\n<p class=\"has-medium-font-size\"><strong>H\u00e5kon Holmgren Gabrielsen (leder)<\/strong><\/p>\n\n\n\n<p>E-post: <a href=\"mailto:Hakon.Holmgren.Gabrielsen@tromso.kommune.no\">Hakon.Holmgren.Gabrielsen@tromso.kommune.no<\/a><\/p>\n\n\n\n<p>Telefon: 91860057<\/p>\n\n\n\n<p><\/p>\n\n\n\n<p class=\"has-large-font-size\"> <\/p>\n\n\n\n<h3 class=\"wp-block-heading has-medium-font-size\"><strong><strong>Siv B\u00e5rdsen (produsent)<\/strong> <\/strong><\/h3>\n\n\n\n<p>E-post: <a href=\"mailto:Siv.Bardsen@tromso.kommune.no\">Siv.Bardsen@tromso.kommune.no<\/a><\/p>\n\n\n\n<p>Telefon: 41406733<\/p>\n\n\n\n<div style=\"height:37px\" aria-hidden=\"true\" class=\"wp-block-spacer\"><\/div>\n\n\n\n<p>Bes\u00f8ksadresse: Troms\u00f8 R\u00e5dhus, R\u00e5dhusgata 2, 9299 Troms\u00f8<\/p>\n","protected":false},"excerpt":{"rendered":"<p>H\u00e5kon Holmgren Gabrielsen (leder) E-post: Hakon.Holmgren.Gabrielsen@tromso.kommune.no Telefon: 91860057 Siv B\u00e5rdsen (produsent) E-post: Siv.Bardsen@tromso.kommune.no Telefon: 41406733 Bes\u00f8ksadresse: Troms\u00f8 R\u00e5dhus, R\u00e5dhusgata 2, 9299 Troms\u00f8<\/p>\n","protected":false},"author":10,"featured_media":0,"parent":0,"menu_order":0,"comment_status":"closed","ping_status":"closed","template":"","meta":{"footnotes":""},"class_list":["post-119","page","type-page","status-publish","hentry"],"_links":{"self":[{"href":"https:\/\/www.denkulturelleskolesekken.no\/tromso\/wp-json\/wp\/v2\/pages\/119","targetHints":{"allow":["GET"]}}],"collection":[{"href":"https:\/\/www.denkulturelleskolesekken.no\/tromso\/wp-json\/wp\/v2\/pages"}],"about":[{"href":"https:\/\/www.denkulturelleskolesekken.no\/tromso\/wp-json\/wp\/v2\/types\/page"}],"author":[{"embeddable":true,"href":"https:\/\/www.denkulturelleskolesekken.no\/tromso\/wp-json\/wp\/v2\/users\/10"}],"replies":[{"embeddable":true,"href":"https:\/\/www.denkulturelleskolesekken.no\/tromso\/wp-json\/wp\/v2\/comments?post=119"}],"version-history":[{"count":349,"href":"https:\/\/www.denkulturelleskolesekken.no\/tromso\/wp-json\/wp\/v2\/pages\/119\/revisions"}],"predecessor-version":[{"id":1174,"href":"https:\/\/www.denkulturelleskolesekken.no\/tromso\/wp-json\/wp\/v2\/pages\/119\/revisions\/1174"}],"wp:attachment":[{"href":"https:\/\/www.denkulturelleskolesekken.no\/tromso\/wp-json\/wp\/v2\/media?parent=119"}],"curies":[{"name":"wp","href":"https:\/\/api.w.org\/{rel}","templated":true}]}}