{"id":916,"date":"2020-04-30T10:22:34","date_gmt":"2020-04-30T10:22:34","guid":{"rendered":"https:\/\/wordpress.kulturtanken.app\/vestfoldogtelemark\/?page_id=916"},"modified":"2024-01-05T14:18:25","modified_gmt":"2024-01-05T14:18:25","slug":"arrangement-utenfor-skolen-vgs","status":"publish","type":"page","link":"https:\/\/www.denkulturelleskolesekken.no\/telemark\/arrangement-utenfor-skolen-vgs\/","title":{"rendered":"Arrangement utenfor skolen (vgs.)"},"content":{"rendered":"\n<h3 class=\"wp-block-heading\">Vi benytter ofte kulturhus eller andre lokaler utenfor skolen\u00a0til arrangementene v\u00e5re. <\/h3>\n\n\n\n<h2 class=\"wp-block-heading\">Huskeliste ved arrangement utenfor skolen:<\/h2>\n\n\n\n<ul class=\"wp-block-list\"><li>S\u00f8rg for at elevene er ved arrangementsstedet 15 min. f\u00f8r forestilling. Det tar tid \u00e5 telle opp og plassere elevene.<br><\/li><li>Ta kontakt med vertskapet p\u00e5 huset og avtal innslipp og plassering i rom\/sal. V\u00e6r behjelpelig med \u00e5 f\u00e5 alle p\u00e5 plass, man skal alltid fylle opp amfier og seter forfra. Elevene sitte s\u00e5 n\u00e6rme scenen som mulig.<br><\/li><li>Skolen m\u00e5 ha kontroll p\u00e5 elevene, slik at de ikke forstyrrer under forestillingen. L\u00e6rere b\u00f8r sitte blant elevene.\u00a0Husk at det er forskjell p\u00e5 begeistring og respons p\u00e5 det som skjer p\u00e5 scenen og ting som har fokus et annet sted enn p\u00e5 scenen.<br><\/li><li>Det er skolens ansvar \u00e5 se til at elevene rydder etter seg.<\/li><\/ul>\n","protected":false},"excerpt":{"rendered":"<p>Vi benytter ofte kulturhus eller andre lokaler utenfor skolen\u00a0til arrangementene v\u00e5re. Huskeliste ved arrangement utenfor skolen: S\u00f8rg for at elevene er ved arrangementsstedet 15 min. f\u00f8r forestilling. Det tar tid \u00e5 telle opp og plassere elevene. Ta kontakt med vertskapet p\u00e5 huset og avtal innslipp og plassering i rom\/sal. V\u00e6r behjelpelig med \u00e5 f\u00e5 alle [&hellip;]<\/p>\n","protected":false},"author":11,"featured_media":0,"parent":0,"menu_order":0,"comment_status":"closed","ping_status":"closed","template":"","meta":{"footnotes":""},"class_list":["post-916","page","type-page","status-publish","hentry"],"_links":{"self":[{"href":"https:\/\/www.denkulturelleskolesekken.no\/telemark\/wp-json\/wp\/v2\/pages\/916","targetHints":{"allow":["GET"]}}],"collection":[{"href":"https:\/\/www.denkulturelleskolesekken.no\/telemark\/wp-json\/wp\/v2\/pages"}],"about":[{"href":"https:\/\/www.denkulturelleskolesekken.no\/telemark\/wp-json\/wp\/v2\/types\/page"}],"author":[{"embeddable":true,"href":"https:\/\/www.denkulturelleskolesekken.no\/telemark\/wp-json\/wp\/v2\/users\/11"}],"replies":[{"embeddable":true,"href":"https:\/\/www.denkulturelleskolesekken.no\/telemark\/wp-json\/wp\/v2\/comments?post=916"}],"version-history":[{"count":12,"href":"https:\/\/www.denkulturelleskolesekken.no\/telemark\/wp-json\/wp\/v2\/pages\/916\/revisions"}],"predecessor-version":[{"id":2568,"href":"https:\/\/www.denkulturelleskolesekken.no\/telemark\/wp-json\/wp\/v2\/pages\/916\/revisions\/2568"}],"wp:attachment":[{"href":"https:\/\/www.denkulturelleskolesekken.no\/telemark\/wp-json\/wp\/v2\/media?parent=916"}],"curies":[{"name":"wp","href":"https:\/\/api.w.org\/{rel}","templated":true}]}}