{"id":849,"date":"2020-04-30T08:16:19","date_gmt":"2020-04-30T08:16:19","guid":{"rendered":"https:\/\/wordpress.kulturtanken.app\/vestfoldogtelemark\/?page_id=849"},"modified":"2024-07-12T11:17:37","modified_gmt":"2024-07-12T11:17:37","slug":"evaluering","status":"publish","type":"page","link":"https:\/\/www.denkulturelleskolesekken.no\/telemark\/er-du-kulturkontakt\/evaluering\/","title":{"rendered":"Evaluering av arrangementer"},"content":{"rendered":"\n<h3 class=\"has-black-color has-text-color wp-block-heading\">Vi \u00f8nsker at kulturkontakter, l\u00e6rere, elever og barnehager evaluerer og gir oss tilbakemelding.<\/h3>\n\n\n\n<p class=\"has-medium-font-size\">Etter hvert kulturarrangement blir det sendt ut en brukerunders\u00f8kelse p\u00e5 e-post til kulturkontaktene i skoler og barnehager. <\/p>\n\n\n\n<p class=\"has-medium-font-size\">Kulturkontakten kan videresende lenka til sp\u00f8rreskjemaet til l\u00e6rere og andre som var til stede under arrangementet. <\/p>\n\n\n\n<p class=\"has-medium-font-size\">Det er en enkel unders\u00f8kelse som det ikke tar lang tid \u00e5 besvare. N\u00e5r du svarer, husk at svarene du gir skal kunne publiseres offentlig. <\/p>\n\n\n\n<p class=\"has-medium-font-size\">Tilbakemeldinger fra dere er viktige for fornyelse og utvikling b\u00e5de for oss i fylkeskommunen, men ogs\u00e5 for ut\u00f8verne. <\/p>\n","protected":false},"excerpt":{"rendered":"<p>Vi \u00f8nsker at kulturkontakter, l\u00e6rere, elever og barnehager evaluerer og gir oss tilbakemelding. Etter hvert kulturarrangement blir det sendt ut en brukerunders\u00f8kelse p\u00e5 e-post til kulturkontaktene i skoler og barnehager. Kulturkontakten kan videresende lenka til sp\u00f8rreskjemaet til l\u00e6rere og andre som var til stede under arrangementet. Det er en enkel unders\u00f8kelse som det ikke tar [&hellip;]<\/p>\n","protected":false},"author":11,"featured_media":0,"parent":25,"menu_order":3,"comment_status":"closed","ping_status":"closed","template":"","meta":{"footnotes":""},"class_list":["post-849","page","type-page","status-publish","hentry"],"_links":{"self":[{"href":"https:\/\/www.denkulturelleskolesekken.no\/telemark\/wp-json\/wp\/v2\/pages\/849","targetHints":{"allow":["GET"]}}],"collection":[{"href":"https:\/\/www.denkulturelleskolesekken.no\/telemark\/wp-json\/wp\/v2\/pages"}],"about":[{"href":"https:\/\/www.denkulturelleskolesekken.no\/telemark\/wp-json\/wp\/v2\/types\/page"}],"author":[{"embeddable":true,"href":"https:\/\/www.denkulturelleskolesekken.no\/telemark\/wp-json\/wp\/v2\/users\/11"}],"replies":[{"embeddable":true,"href":"https:\/\/www.denkulturelleskolesekken.no\/telemark\/wp-json\/wp\/v2\/comments?post=849"}],"version-history":[{"count":17,"href":"https:\/\/www.denkulturelleskolesekken.no\/telemark\/wp-json\/wp\/v2\/pages\/849\/revisions"}],"predecessor-version":[{"id":2831,"href":"https:\/\/www.denkulturelleskolesekken.no\/telemark\/wp-json\/wp\/v2\/pages\/849\/revisions\/2831"}],"up":[{"embeddable":true,"href":"https:\/\/www.denkulturelleskolesekken.no\/telemark\/wp-json\/wp\/v2\/pages\/25"}],"wp:attachment":[{"href":"https:\/\/www.denkulturelleskolesekken.no\/telemark\/wp-json\/wp\/v2\/media?parent=849"}],"curies":[{"name":"wp","href":"https:\/\/api.w.org\/{rel}","templated":true}]}}