{"id":796,"date":"2020-04-30T06:33:13","date_gmt":"2020-04-30T06:33:13","guid":{"rendered":"https:\/\/wordpress.kulturtanken.app\/vestfoldogtelemark\/?page_id=796"},"modified":"2024-07-12T11:27:34","modified_gmt":"2024-07-12T11:27:34","slug":"ressursgrupper-vgs-telemark","status":"publish","type":"page","link":"https:\/\/www.denkulturelleskolesekken.no\/telemark\/for-unge-arrangorer\/ressursgrupper-vgs-telemark\/","title":{"rendered":"Ressursgrupper i videreg\u00e5ende"},"content":{"rendered":"\n<h3 class=\"wp-block-heading\">Vi har som m\u00e5l om at det opprettes ressursgrupper for l\u00e6rere og elever p\u00e5 de videreg\u00e5ende skolene i Telemark.<\/h3>\n\n\n\n<p><\/p>\n\n\n\n<p class=\"has-medium-font-size\">\u00d8nsket er at elever og l\u00e6rere f\u00e5r en bedre forst\u00e5else for Den kulturelle skolesekken (DKS) og opplever relevans til skolens l\u00e6rerplaner gjennom kunst og kulturprogrammet som DKS Telemark tilbyr.<\/p>\n\n\n\n<p class=\"has-medium-font-size\">Det h\u00e5per vi ressursgruppene skal bidra til. Gruppene skal forankres i skolens hverdag, det utformes et mandat og skolene vil f\u00e5 tett oppf\u00f8lging. Gruppene b\u00f8r ideelt sett v\u00e6re sammensatt av kulturkontakt, l\u00e6rer og elever. Gruppen vil involveres i programutvelgelse, promotering internt p\u00e5 skolen og evaluering av tilbudet.<br><\/p>\n\n\n\n<p>Du kan lese mer om arbeidet med ressursgruppe og elevmedvirkning i artikkelen <a href=\"https:\/\/www.denkulturelleskolesekken.no\/vestfoldogtelemark\/2021\/06\/10\/1617\/\">Elevmedvirkning \u2013 ressursgrupper i DKS <\/a>.<\/p>\n","protected":false},"excerpt":{"rendered":"<p>Vi har som m\u00e5l om at det opprettes ressursgrupper for l\u00e6rere og elever p\u00e5 de videreg\u00e5ende skolene i Telemark. \u00d8nsket er at elever og l\u00e6rere f\u00e5r en bedre forst\u00e5else for Den kulturelle skolesekken (DKS) og opplever relevans til skolens l\u00e6rerplaner gjennom kunst og kulturprogrammet som DKS Telemark tilbyr. Det h\u00e5per vi ressursgruppene skal bidra til. [&hellip;]<\/p>\n","protected":false},"author":11,"featured_media":0,"parent":758,"menu_order":1,"comment_status":"closed","ping_status":"closed","template":"","meta":{"footnotes":""},"class_list":["post-796","page","type-page","status-publish","hentry"],"_links":{"self":[{"href":"https:\/\/www.denkulturelleskolesekken.no\/telemark\/wp-json\/wp\/v2\/pages\/796","targetHints":{"allow":["GET"]}}],"collection":[{"href":"https:\/\/www.denkulturelleskolesekken.no\/telemark\/wp-json\/wp\/v2\/pages"}],"about":[{"href":"https:\/\/www.denkulturelleskolesekken.no\/telemark\/wp-json\/wp\/v2\/types\/page"}],"author":[{"embeddable":true,"href":"https:\/\/www.denkulturelleskolesekken.no\/telemark\/wp-json\/wp\/v2\/users\/11"}],"replies":[{"embeddable":true,"href":"https:\/\/www.denkulturelleskolesekken.no\/telemark\/wp-json\/wp\/v2\/comments?post=796"}],"version-history":[{"count":15,"href":"https:\/\/www.denkulturelleskolesekken.no\/telemark\/wp-json\/wp\/v2\/pages\/796\/revisions"}],"predecessor-version":[{"id":2838,"href":"https:\/\/www.denkulturelleskolesekken.no\/telemark\/wp-json\/wp\/v2\/pages\/796\/revisions\/2838"}],"up":[{"embeddable":true,"href":"https:\/\/www.denkulturelleskolesekken.no\/telemark\/wp-json\/wp\/v2\/pages\/758"}],"wp:attachment":[{"href":"https:\/\/www.denkulturelleskolesekken.no\/telemark\/wp-json\/wp\/v2\/media?parent=796"}],"curies":[{"name":"wp","href":"https:\/\/api.w.org\/{rel}","templated":true}]}}