{"id":771,"date":"2020-04-29T12:32:00","date_gmt":"2020-04-29T12:32:00","guid":{"rendered":"https:\/\/wordpress.kulturtanken.app\/vestfoldogtelemark\/?page_id=771"},"modified":"2024-07-12T12:21:24","modified_gmt":"2024-07-12T12:21:24","slug":"skal-dere-pa-kulturhus-eller-annet-lokale-utenfor-skolen","status":"publish","type":"page","link":"https:\/\/www.denkulturelleskolesekken.no\/telemark\/for-kommuner-grunnskoler\/skal-dere-pa-kulturhus-eller-annet-lokale-utenfor-skolen\/","title":{"rendered":"Arrangement utenfor skolen"},"content":{"rendered":"\n<h3 class=\"wp-block-heading\">Noen arrangementer blir lagt utenfor skolen, og det blir litt \u00e5 forberede for kulturkontakten. <\/h3>\n\n\n\n<p class=\"has-medium-font-size\">Noen ganger f\u00e5r elevene oppleve Den kulturelle skolesekken andre steder enn p\u00e5 egen skole. Det kan v\u00e6re et bes\u00f8k til en kulturinstitusjon eller en annen skole.&nbsp;<\/p>\n\n\n\n<p class=\"has-medium-font-size\"><strong>Huskeliste ved arrangementer utenfor skolen:<\/strong><\/p>\n\n\n\n<p class=\"has-white-background-color has-background has-medium-font-size\">\u2022 Dersom elevene m\u00e5 ha buss, skal skoler\/kommunekontakten ved skolen bestille bussen selv. Les mer om \u00e5 bestille buss og fakturering <a href=\"https:\/\/wordpress.kulturtanken.app\/vestfoldogtelemark\/for-kommuner-grunnskoler\/bussing-av-elever\/\">p\u00e5 siden Bussing av elever<\/a>.<br><br>\u2022 S\u00f8rg for at elevene kommer til spillestedet minimum 15 min. f\u00f8r forestilling. Husk at det tar tid \u00e5 telle opp og plassere elevene.<br><br>\u2022 Ta kontakt med vertskapet p\u00e5 huset og avtal innslipp og plassering i rom\/sal. V\u00e6r behjelpelig med \u00e5 f\u00e5 alle p\u00e5 plass, man skal alltid fylle opp setene fremst i amfiet f\u00f8rst. Elevene skal sitte s\u00e5 n\u00e6rme scenen som mulig.<br><br>\u2022 Skolen m\u00e5 ha kontroll p\u00e5 elevene og ikke la de forstyrre under forestillingen. L\u00e6rere b\u00f8r sitte blant elevene.\u00a0Husk at det er forskjell p\u00e5 begeistring og respons p\u00e5 det som skjer p\u00e5 scenen, og forstyrrelser som tar fokus fra scenen.<br><br>\u2022 Det er skolens ansvar \u00e5 se til at elevene rydder etter seg.<\/p>\n","protected":false},"excerpt":{"rendered":"<p>Noen arrangementer blir lagt utenfor skolen, og det blir litt \u00e5 forberede for kulturkontakten. Noen ganger f\u00e5r elevene oppleve Den kulturelle skolesekken andre steder enn p\u00e5 egen skole. Det kan v\u00e6re et bes\u00f8k til en kulturinstitusjon eller en annen skole.&nbsp; Huskeliste ved arrangementer utenfor skolen: \u2022 Dersom elevene m\u00e5 ha buss, skal skoler\/kommunekontakten ved skolen [&hellip;]<\/p>\n","protected":false},"author":11,"featured_media":951,"parent":752,"menu_order":4,"comment_status":"closed","ping_status":"closed","template":"","meta":{"footnotes":""},"class_list":["post-771","page","type-page","status-publish","has-post-thumbnail","hentry"],"_links":{"self":[{"href":"https:\/\/www.denkulturelleskolesekken.no\/telemark\/wp-json\/wp\/v2\/pages\/771","targetHints":{"allow":["GET"]}}],"collection":[{"href":"https:\/\/www.denkulturelleskolesekken.no\/telemark\/wp-json\/wp\/v2\/pages"}],"about":[{"href":"https:\/\/www.denkulturelleskolesekken.no\/telemark\/wp-json\/wp\/v2\/types\/page"}],"author":[{"embeddable":true,"href":"https:\/\/www.denkulturelleskolesekken.no\/telemark\/wp-json\/wp\/v2\/users\/11"}],"replies":[{"embeddable":true,"href":"https:\/\/www.denkulturelleskolesekken.no\/telemark\/wp-json\/wp\/v2\/comments?post=771"}],"version-history":[{"count":17,"href":"https:\/\/www.denkulturelleskolesekken.no\/telemark\/wp-json\/wp\/v2\/pages\/771\/revisions"}],"predecessor-version":[{"id":2851,"href":"https:\/\/www.denkulturelleskolesekken.no\/telemark\/wp-json\/wp\/v2\/pages\/771\/revisions\/2851"}],"up":[{"embeddable":true,"href":"https:\/\/www.denkulturelleskolesekken.no\/telemark\/wp-json\/wp\/v2\/pages\/752"}],"wp:featuredmedia":[{"embeddable":true,"href":"https:\/\/www.denkulturelleskolesekken.no\/telemark\/wp-json\/wp\/v2\/media\/951"}],"wp:attachment":[{"href":"https:\/\/www.denkulturelleskolesekken.no\/telemark\/wp-json\/wp\/v2\/media?parent=771"}],"curies":[{"name":"wp","href":"https:\/\/api.w.org\/{rel}","templated":true}]}}