{"id":764,"date":"2020-04-29T12:27:57","date_gmt":"2020-04-29T12:27:57","guid":{"rendered":"https:\/\/wordpress.kulturtanken.app\/vestfoldogtelemark\/?page_id=764"},"modified":"2025-07-02T07:16:50","modified_gmt":"2025-07-02T07:16:50","slug":"honorarsatser-i-dks","status":"publish","type":"page","link":"https:\/\/www.denkulturelleskolesekken.no\/telemark\/for-kommuner-grunnskoler\/honorarsatser-i-dks\/","title":{"rendered":"Honorarsatser"},"content":{"rendered":"\n<h3 class=\"wp-block-heading\">Vi f\u00f8lger rammeavtalene mellom KS og Creo.<\/h3>\n\n\n\n<p class=\"has-medium-font-size\">Kunstnere som utf\u00f8rer arbeid i Den kulturelle skolesekken skal betales i tr\u00e5d med bransjestandard, og rettighetshaveres interesser skal ivaretas i henhold til \u00c5ndsverkloven. <\/p>\n\n\n\n<p>Kunstnere som skal fakturere for utf\u00f8rt arbeid i DKS, skal ha betalt i tr\u00e5d med rammeavtalen mellom KS og Creo.<\/p>\n\n\n\n<p><a href=\"https:\/\/creokultur.no\/nyheter\/creo-og-ks-enige-om-revidert-asa-4401\/\">Her er den nye rammeavtalen for oppdragstakere i Den kulturelle skolesekken<\/a><\/p>\n\n\n\n<p class=\"has-medium-font-size\"><\/p>\n\n\n\n<p><\/p>\n","protected":false},"excerpt":{"rendered":"<p>Vi f\u00f8lger rammeavtalene mellom KS og Creo. Kunstnere som utf\u00f8rer arbeid i Den kulturelle skolesekken skal betales i tr\u00e5d med bransjestandard, og rettighetshaveres interesser skal ivaretas i henhold til \u00c5ndsverkloven. Kunstnere som skal fakturere for utf\u00f8rt arbeid i DKS, skal ha betalt i tr\u00e5d med rammeavtalen mellom KS og Creo. Her er den nye rammeavtalen [&hellip;]<\/p>\n","protected":false},"author":11,"featured_media":0,"parent":752,"menu_order":2,"comment_status":"closed","ping_status":"closed","template":"","meta":{"footnotes":""},"class_list":["post-764","page","type-page","status-publish","hentry"],"_links":{"self":[{"href":"https:\/\/www.denkulturelleskolesekken.no\/telemark\/wp-json\/wp\/v2\/pages\/764","targetHints":{"allow":["GET"]}}],"collection":[{"href":"https:\/\/www.denkulturelleskolesekken.no\/telemark\/wp-json\/wp\/v2\/pages"}],"about":[{"href":"https:\/\/www.denkulturelleskolesekken.no\/telemark\/wp-json\/wp\/v2\/types\/page"}],"author":[{"embeddable":true,"href":"https:\/\/www.denkulturelleskolesekken.no\/telemark\/wp-json\/wp\/v2\/users\/11"}],"replies":[{"embeddable":true,"href":"https:\/\/www.denkulturelleskolesekken.no\/telemark\/wp-json\/wp\/v2\/comments?post=764"}],"version-history":[{"count":20,"href":"https:\/\/www.denkulturelleskolesekken.no\/telemark\/wp-json\/wp\/v2\/pages\/764\/revisions"}],"predecessor-version":[{"id":3118,"href":"https:\/\/www.denkulturelleskolesekken.no\/telemark\/wp-json\/wp\/v2\/pages\/764\/revisions\/3118"}],"up":[{"embeddable":true,"href":"https:\/\/www.denkulturelleskolesekken.no\/telemark\/wp-json\/wp\/v2\/pages\/752"}],"wp:attachment":[{"href":"https:\/\/www.denkulturelleskolesekken.no\/telemark\/wp-json\/wp\/v2\/media?parent=764"}],"curies":[{"name":"wp","href":"https:\/\/api.w.org\/{rel}","templated":true}]}}