{"id":758,"date":"2020-04-29T12:21:45","date_gmt":"2020-04-29T12:21:45","guid":{"rendered":"https:\/\/wordpress.kulturtanken.app\/vestfoldogtelemark\/?page_id=758"},"modified":"2024-07-12T11:20:11","modified_gmt":"2024-07-12T11:20:11","slug":"for-unge-arrangorer","status":"publish","type":"page","link":"https:\/\/www.denkulturelleskolesekken.no\/telemark\/for-unge-arrangorer\/","title":{"rendered":"For elever"},"content":{"rendered":"\n<h3 class=\"has-black-color has-text-color wp-block-heading\">Elevmedvirkning er en prioritert oppgave i Den kulturelle skolesekken i Telemark.<\/h3>\n\n\n\n<p class=\"has-medium-font-size\">Den kulturelle skolesekken i Telemark har som m\u00e5l at elevene skal inkluderes som en sentral akt\u00f8r. De skal f\u00e5 mulighet til medvirkning gjennom dialog, deltakelse og innflytelse. <\/p>\n\n\n\n<p class=\"has-medium-font-size\">Vi jobber etter ulike modeller, men vi h\u00e5per \u00e5 finne en felles form etter hvert. <\/p>\n\n\n\n<p class=\"has-medium-font-size\">Ved \u00e5 f\u00f8lge lenkene under, kan du lese mer om medvirkning. <\/p>\n\n\n\n<ul class=\"has-medium-font-size wp-block-list\"><li>Kulturverter\/unge arrang\u00f8rer<\/li><li><a rel=\"noreferrer noopener\" href=\"https:\/\/www.denkulturelleskolesekken.no\/vestfoldogtelemark\/for-unge-arrangorer\/evaluering\/\" target=\"_blank\">Evaluering av kulturtilbud fra Den kulturelle skolesekken<\/a><\/li><li><a rel=\"noreferrer noopener\" href=\"https:\/\/www.denkulturelleskolesekken.no\/vestfoldogtelemark\/for-unge-arrangorer\/ressursgrupper-vgs-telemark\/\" target=\"_blank\">Ressursgrupper (Telemark)<\/a><\/li><\/ul>\n\n\n\n<p class=\"has-medium-font-size\"> <\/p>\n\n\n\n<p class=\"has-medium-font-size\"><br><br><\/p>\n","protected":false},"excerpt":{"rendered":"<p>Elevmedvirkning er en prioritert oppgave i Den kulturelle skolesekken i Telemark. Den kulturelle skolesekken i Telemark har som m\u00e5l at elevene skal inkluderes som en sentral akt\u00f8r. De skal f\u00e5 mulighet til medvirkning gjennom dialog, deltakelse og innflytelse. Vi jobber etter ulike modeller, men vi h\u00e5per \u00e5 finne en felles form etter hvert. Ved \u00e5 [&hellip;]<\/p>\n","protected":false},"author":11,"featured_media":0,"parent":0,"menu_order":0,"comment_status":"closed","ping_status":"closed","template":"custom-full-width.php","meta":{"footnotes":""},"class_list":["post-758","page","type-page","status-publish","hentry"],"_links":{"self":[{"href":"https:\/\/www.denkulturelleskolesekken.no\/telemark\/wp-json\/wp\/v2\/pages\/758","targetHints":{"allow":["GET"]}}],"collection":[{"href":"https:\/\/www.denkulturelleskolesekken.no\/telemark\/wp-json\/wp\/v2\/pages"}],"about":[{"href":"https:\/\/www.denkulturelleskolesekken.no\/telemark\/wp-json\/wp\/v2\/types\/page"}],"author":[{"embeddable":true,"href":"https:\/\/www.denkulturelleskolesekken.no\/telemark\/wp-json\/wp\/v2\/users\/11"}],"replies":[{"embeddable":true,"href":"https:\/\/www.denkulturelleskolesekken.no\/telemark\/wp-json\/wp\/v2\/comments?post=758"}],"version-history":[{"count":28,"href":"https:\/\/www.denkulturelleskolesekken.no\/telemark\/wp-json\/wp\/v2\/pages\/758\/revisions"}],"predecessor-version":[{"id":2835,"href":"https:\/\/www.denkulturelleskolesekken.no\/telemark\/wp-json\/wp\/v2\/pages\/758\/revisions\/2835"}],"wp:attachment":[{"href":"https:\/\/www.denkulturelleskolesekken.no\/telemark\/wp-json\/wp\/v2\/media?parent=758"}],"curies":[{"name":"wp","href":"https:\/\/api.w.org\/{rel}","templated":true}]}}