{"id":752,"date":"2020-04-29T12:18:36","date_gmt":"2020-04-29T12:18:36","guid":{"rendered":"https:\/\/wordpress.kulturtanken.app\/vestfoldogtelemark\/?page_id=752"},"modified":"2024-07-12T11:56:53","modified_gmt":"2024-07-12T11:56:53","slug":"for-kommuner-grunnskoler","status":"publish","type":"page","link":"https:\/\/www.denkulturelleskolesekken.no\/telemark\/for-kommuner-grunnskoler\/","title":{"rendered":"For grunnskolen\/kommuner"},"content":{"rendered":"\n<h3 class=\"has-black-color has-text-color wp-block-heading\">Den kulturelle skolesekken er en nasjonal ordning som s\u00f8rger for at alle skoleelever i Norge f\u00e5r oppleve profesjonell kunst og kultur hvert \u00e5r.<\/h3>\n\n\n\n<p class=\"has-medium-font-size\">Gjennom ordningen f\u00e5r elevene mulighet til \u00e5 oppleve, gj\u00f8re seg kjent med og utvikle forst\u00e5else for profesjonelle kunst- og kulturuttrykk. <\/p>\n\n\n\n<p class=\"has-medium-font-size\">Kulturtilbudet skal v\u00e6re av h\u00f8y kvalitet, og vise hele bredden av de seks kulturuttrykkene film, kulturarv, litteratur, musikk, scenekunst og visuell kunst.<\/p>\n\n\n\n<h3 class=\"has-black-color has-text-color has-medium-font-size wp-block-heading\">Alle skoler skal ha kulturkontakt<\/h3>\n\n\n\n<p class=\"has-medium-font-size\">Kulturkontakten er bindeleddet mellom skolen og Den kulturelle skolesekken i fylkeskommune og kommune. <a href=\"https:\/\/wordpress.kulturtanken.app\/telemark\/kulturkontakten-rolle\/\">Les mer om kulturkontaktens oppgaver her. <\/a><\/p>\n\n\n\n<h3 class=\"wp-block-heading\">Alle skal ha kommunekontakt<\/h3>\n\n\n\n<p class=\"has-medium-font-size\">Kommunene har en kommunekontakt\/kommunekoordinator som administrerer Den kulturelle skolesekken for hver enkelt kommune. <\/p>\n\n\n\n<p class=\"has-medium-font-size\">Kommunekontaktene samarbeider tett med fylkeskommunen blant annet om \u00e5 velge programmet for Den kulturelle skolesekken. <\/p>\n\n\n\n<p class=\"has-medium-font-size\">Lurer du p\u00e5 hvem som er kommunekontakt i din kommune? Her er en <a href=\"https:\/\/wordpress.kulturtanken.app\/telemark\/wp-admin\/post.php?post=773&amp;action=edit\">oversikt over alle kommunekontakter i Telemark finner du her.<\/a><\/p>\n\n\n\n<h3 class=\"wp-block-heading\">Kontaktpersoner for Den kulturelle skolesekken i grunnskolen<\/h3>\n\n\n\n<p class=\"has-medium-font-size\">Olav Tveitan, r\u00e5dgiver, tlf. 95722148, <a href=\"mailto:olav.tveitan@telemarkfylke.no\">olav.tveitan@telemarkfylke.no<\/a><\/p>\n","protected":false},"excerpt":{"rendered":"<p>Den kulturelle skolesekken er en nasjonal ordning som s\u00f8rger for at alle skoleelever i Norge f\u00e5r oppleve profesjonell kunst og kultur hvert \u00e5r. Gjennom ordningen f\u00e5r elevene mulighet til \u00e5 oppleve, gj\u00f8re seg kjent med og utvikle forst\u00e5else for profesjonelle kunst- og kulturuttrykk. Kulturtilbudet skal v\u00e6re av h\u00f8y kvalitet, og vise hele bredden av de [&hellip;]<\/p>\n","protected":false},"author":11,"featured_media":2454,"parent":0,"menu_order":0,"comment_status":"closed","ping_status":"closed","template":"","meta":{"footnotes":""},"class_list":["post-752","page","type-page","status-publish","has-post-thumbnail","hentry"],"_links":{"self":[{"href":"https:\/\/www.denkulturelleskolesekken.no\/telemark\/wp-json\/wp\/v2\/pages\/752","targetHints":{"allow":["GET"]}}],"collection":[{"href":"https:\/\/www.denkulturelleskolesekken.no\/telemark\/wp-json\/wp\/v2\/pages"}],"about":[{"href":"https:\/\/www.denkulturelleskolesekken.no\/telemark\/wp-json\/wp\/v2\/types\/page"}],"author":[{"embeddable":true,"href":"https:\/\/www.denkulturelleskolesekken.no\/telemark\/wp-json\/wp\/v2\/users\/11"}],"replies":[{"embeddable":true,"href":"https:\/\/www.denkulturelleskolesekken.no\/telemark\/wp-json\/wp\/v2\/comments?post=752"}],"version-history":[{"count":32,"href":"https:\/\/www.denkulturelleskolesekken.no\/telemark\/wp-json\/wp\/v2\/pages\/752\/revisions"}],"predecessor-version":[{"id":2843,"href":"https:\/\/www.denkulturelleskolesekken.no\/telemark\/wp-json\/wp\/v2\/pages\/752\/revisions\/2843"}],"wp:featuredmedia":[{"embeddable":true,"href":"https:\/\/www.denkulturelleskolesekken.no\/telemark\/wp-json\/wp\/v2\/media\/2454"}],"wp:attachment":[{"href":"https:\/\/www.denkulturelleskolesekken.no\/telemark\/wp-json\/wp\/v2\/media?parent=752"}],"curies":[{"name":"wp","href":"https:\/\/api.w.org\/{rel}","templated":true}]}}