{"id":2883,"date":"2024-08-30T08:33:04","date_gmt":"2024-08-30T08:33:04","guid":{"rendered":"https:\/\/www.denkulturelleskolesekken.no\/telemark\/?page_id=2883"},"modified":"2025-10-13T12:18:30","modified_gmt":"2025-10-13T12:18:30","slug":"prioriteringer-for-ulike-malgrupper","status":"publish","type":"page","link":"https:\/\/www.denkulturelleskolesekken.no\/telemark\/prioriteringer-for-ulike-malgrupper\/","title":{"rendered":"Prioriteringer for ulike m\u00e5lgrupper"},"content":{"rendered":"\n<h3 class=\"wp-block-heading\">Den kulturelle skolesekken i Telemark har laget en plan for hvordan vi kommer til \u00e5 prioritere for skole\u00e5ret 2026-2027.<\/h3>\n\n\n\n<hr class=\"wp-block-separator has-text-color has-pale-cyan-blue-color has-css-opacity has-pale-cyan-blue-background-color has-background is-style-default\"\/>\n\n\n\n<h3 class=\"wp-block-heading has-medium-font-size\" style=\"font-style:normal;font-weight:400\">Barnehage<\/h3>\n\n\n\n<p>Gjennom kulturtilbudet til 3-5-\u00e5ringene trener barnehagebarna p\u00e5 \u00e5 v\u00e6re publikum. Produksjonene skal stimulere evnen til \u00e5 se, lytte, undres og stille sp\u00f8rsm\u00e5l i fellesskap. Performative uttrykk og produksjoner som kan gi opplevelser av \u00abmagi\u00bb blir prioritert. &nbsp;<br>&nbsp;Ved et tilbud p\u00e5 to uttrykk per \u00e5r, alternerer musikk og scenekunst annethvert \u00e5r. Det andre uttrykket er litteratur og visuell kunst, gjerne i kombinasjon. &nbsp;<\/p>\n\n\n\n<h3 class=\"wp-block-heading has-medium-font-size\" style=\"font-style:normal;font-weight:400\">Sm\u00e5trinn<\/h3>\n\n\n\n<p>I kulturtilbudet for sm\u00e5trinnet blir produksjoner i formater som eleven kan oppleve p\u00e5 egen skole prioritert. Programmet skal stimulere elevenes evne til \u00e5 se, lytte og undre seg.&nbsp; Det er et m\u00e5l at programmet skal best\u00e5 av opplevelser som inspirerer og begeistrer, og som gir erfaringer med ulike m\u00e5ter \u00e5 v\u00e6re publikum p\u00e5.&nbsp; &nbsp;<br>&nbsp;<br>I l\u00f8pet av sm\u00e5trinnet skal elevene ha opplevd scenekunst, musikk, visuell kunst og litteratur. Fylket deles i to distrikter, der det ene distriktet f\u00e5r musikk og det ande f\u00e5r scenekunst, med bytte av program \u00e5ret etter. Det er et m\u00e5l at tilbudet innenfor visuell kunst og litteratur inneholder leken formidling, gjerne knyttet til fantasi og historier. M\u00f8ter med litteratur som kan bidra til leselyst blir prioritert.&nbsp;<\/p>\n\n\n\n<h3 class=\"wp-block-heading\" style=\"font-style:normal;font-weight:400\">Mellomtrinn<\/h3>\n\n\n\n<p>Kulturtilbudet for mellomtrinnet formidler produksjoner innen musikk og scenekunst annethvert \u00e5r. Formidling av film p\u00e5 egen skole og produksjoner der elevene kan utvikle sine praktisk-estetiske ferdigheter prioriteres for mellomtrinnet.\u00a0\u00a0Litteraturproduksjoner som kan bidra til leselyst er topp.- <\/p>\n\n\n\n<h3 class=\"wp-block-heading\" style=\"font-style:normal;font-weight:400\">Ungdomstrinnet<\/h3>\n\n\n\n<p>Musikk og scenekunst alternerer annethvert \u00e5r. M\u00f8ter med litteratur som kan bidra til leselyst blir prioritert.\u00a0Vi ser ogs\u00e5 etter verksteder innen visuell kunst\/film til ungdomstrinnet. <br>\u00a0<br>Fremover \u00f8nsker DKS-Telemark \u00e5 utvikle en program-portef\u00f8lje som bidrar til at elevene p\u00e5 ungdomstrinnet opplever kulturinstitusjoner, attraksjoner eller tematisk innhold med s\u00e6rlig regional tilknytning.\u00a0<\/p>\n\n\n\n<h3 class=\"wp-block-heading\" style=\"font-style:normal;font-weight:400\">Videreg\u00e5ende skole<\/h3>\n\n\n\n<p>Programmet for videreg\u00e5ende skole skal ha tematisk relevans, b\u00e5de faglig og tilpasset elevenes egen livsfase. Tematisk relevans og opplevelsesdimensjonen tillegges st\u00f8rre vekt enn variasjon i kunstuttrykkene, men siden spesielt kulturarv og litteratur ofte er foretrukket vil det v\u00e6re viktig \u00e5 supplere med scenekunst, musikk, film og visuell.&nbsp;<\/p>\n\n\n\n<p>I vurdering av programforslag for videreg\u00e5ende blir det vektlagt god dialog med fylkets kulturinstitusjoner og kulturhus. Elever i videreg\u00e5ende b\u00f8r oppleve kunst og kulturopplevelser utenfor skolen, p\u00e5 profesjonelle scener\/arenaer og helst sammen med et voksent publikum.&nbsp;&nbsp;Det skal v\u00e6re en variasjon i programmet der noen opplevelser har en tydelig relevans for yrkesfagene, mens andre rettes inn mot studiespesialisering. Programmet skal ogs\u00e5 legge til rette for gode fellesskapsopplevelser, for eksempel ved skolestart eller som avslutning p\u00e5 skole\u00e5ret, i tillegg vil danseverksteder ha prioritet for idrettsfag. Innenfor litteratur er det \u00f8nskelig med faglig relevante foredrag, gjerne i klasseromsformat. I visuell kunst og kulturarv blir det lagt vekt p\u00e5 at elevene skal utvikle praktiske ferdigheter. Innenfor film prioriterer vi filmer med aktuelle og tydelige tema, gjerne&nbsp;dokumentarer, og der formidlingen fortrinnsvis kan foreg\u00e5 i skolens egne lokaler.&nbsp;&nbsp;<\/p>\n\n\n\n<p>DKS-programmet for videreg\u00e5ende er i stor grad utviklet i tett dialog med nettverket av kulturkoordinatorer og ressursgrupper med elever. Programmeringen f\u00f8lger et forutsigbart \u00e5rshjul hvor alle f\u00e5r anledning til \u00e5 delta p\u00e5 utvalgte fagarenaer, nettverkssamlinger og gi innspill p\u00e5 \u00f8nsker og prioriteringer av tema\/satsninger.&nbsp;<\/p>\n","protected":false},"excerpt":{"rendered":"<p>Den kulturelle skolesekken i Telemark har laget en plan for hvordan vi kommer til \u00e5 prioritere for skole\u00e5ret 2026-2027. Barnehage Gjennom kulturtilbudet til 3-5-\u00e5ringene trener barnehagebarna p\u00e5 \u00e5 v\u00e6re publikum. Produksjonene skal stimulere evnen til \u00e5 se, lytte, undres og stille sp\u00f8rsm\u00e5l i fellesskap. Performative uttrykk og produksjoner som kan gi opplevelser av \u00abmagi\u00bb blir [&hellip;]<\/p>\n","protected":false},"author":21,"featured_media":0,"parent":0,"menu_order":0,"comment_status":"closed","ping_status":"closed","template":"","meta":{"footnotes":""},"class_list":["post-2883","page","type-page","status-publish","hentry"],"_links":{"self":[{"href":"https:\/\/www.denkulturelleskolesekken.no\/telemark\/wp-json\/wp\/v2\/pages\/2883","targetHints":{"allow":["GET"]}}],"collection":[{"href":"https:\/\/www.denkulturelleskolesekken.no\/telemark\/wp-json\/wp\/v2\/pages"}],"about":[{"href":"https:\/\/www.denkulturelleskolesekken.no\/telemark\/wp-json\/wp\/v2\/types\/page"}],"author":[{"embeddable":true,"href":"https:\/\/www.denkulturelleskolesekken.no\/telemark\/wp-json\/wp\/v2\/users\/21"}],"replies":[{"embeddable":true,"href":"https:\/\/www.denkulturelleskolesekken.no\/telemark\/wp-json\/wp\/v2\/comments?post=2883"}],"version-history":[{"count":7,"href":"https:\/\/www.denkulturelleskolesekken.no\/telemark\/wp-json\/wp\/v2\/pages\/2883\/revisions"}],"predecessor-version":[{"id":3238,"href":"https:\/\/www.denkulturelleskolesekken.no\/telemark\/wp-json\/wp\/v2\/pages\/2883\/revisions\/3238"}],"wp:attachment":[{"href":"https:\/\/www.denkulturelleskolesekken.no\/telemark\/wp-json\/wp\/v2\/media?parent=2883"}],"curies":[{"name":"wp","href":"https:\/\/api.w.org\/{rel}","templated":true}]}}