{"id":2790,"date":"2024-06-20T12:09:12","date_gmt":"2024-06-20T12:09:12","guid":{"rendered":"https:\/\/www.denkulturelleskolesekken.no\/telemark\/?page_id=2790"},"modified":"2024-07-12T12:27:19","modified_gmt":"2024-07-12T12:27:19","slug":"tilrettelagt-tilbud","status":"publish","type":"page","link":"https:\/\/www.denkulturelleskolesekken.no\/telemark\/tilrettelagt-tilbud\/","title":{"rendered":"Tilrettelagt tilbud"},"content":{"rendered":"\n<p class=\"has-medium-font-size\">Elever som av ulike grunner ikke kan delta i de ordin\u00e6re DKS-opplevelsene, kan f\u00e5 eget program.&nbsp;Dette programmet blir utarbeidet av en ressursgruppe som har spesialkompetanse p\u00e5 elever med ulike funksjonsvariasjoner. &nbsp;<\/p>\n\n\n\n<p class=\"has-medium-font-size\">Vi gir tilbud til barn fra 1. trinn i grunnskolen til 3. trinn i videreg\u00e5ende skole, og i alt er det sju grunnskoler og seks videreg\u00e5ende skoler i Telemark som f\u00e5r tilrettelagt program. \u00d8nsket er at elever med tilrettelagt-behov skal f\u00e5 et like godt tilbud som de andre elevene, og det mener vi de f\u00e5r hvis produksjonene er godt tilpasset.&nbsp;<\/p>\n\n\n\n<p class=\"has-medium-font-size\">Non-verbal kommunikasjon, sanselig og taktile opplevelser sl\u00e5r godt an hos elever som trenger tilrettelagt opplegg. Musikk er ogs\u00e5 fint, men med tilpasset lyd- og lysniv\u00e5.&nbsp;<\/p>\n\n\n\n<p class=\"has-medium-font-size\"><strong><em>Har din skole elever som ikke kan ta del i ordin\u00e6rt program? Ta gjerne kontakt med oss.<\/em> &nbsp;<\/strong><\/p>\n","protected":false},"excerpt":{"rendered":"<p>Elever som av ulike grunner ikke kan delta i de ordin\u00e6re DKS-opplevelsene, kan f\u00e5 eget program.&nbsp;Dette programmet blir utarbeidet av en ressursgruppe som har spesialkompetanse p\u00e5 elever med ulike funksjonsvariasjoner. &nbsp; Vi gir tilbud til barn fra 1. trinn i grunnskolen til 3. trinn i videreg\u00e5ende skole, og i alt er det sju grunnskoler og [&hellip;]<\/p>\n","protected":false},"author":21,"featured_media":0,"parent":0,"menu_order":0,"comment_status":"closed","ping_status":"closed","template":"","meta":{"footnotes":""},"class_list":["post-2790","page","type-page","status-publish","hentry"],"_links":{"self":[{"href":"https:\/\/www.denkulturelleskolesekken.no\/telemark\/wp-json\/wp\/v2\/pages\/2790","targetHints":{"allow":["GET"]}}],"collection":[{"href":"https:\/\/www.denkulturelleskolesekken.no\/telemark\/wp-json\/wp\/v2\/pages"}],"about":[{"href":"https:\/\/www.denkulturelleskolesekken.no\/telemark\/wp-json\/wp\/v2\/types\/page"}],"author":[{"embeddable":true,"href":"https:\/\/www.denkulturelleskolesekken.no\/telemark\/wp-json\/wp\/v2\/users\/21"}],"replies":[{"embeddable":true,"href":"https:\/\/www.denkulturelleskolesekken.no\/telemark\/wp-json\/wp\/v2\/comments?post=2790"}],"version-history":[{"count":4,"href":"https:\/\/www.denkulturelleskolesekken.no\/telemark\/wp-json\/wp\/v2\/pages\/2790\/revisions"}],"predecessor-version":[{"id":2854,"href":"https:\/\/www.denkulturelleskolesekken.no\/telemark\/wp-json\/wp\/v2\/pages\/2790\/revisions\/2854"}],"wp:attachment":[{"href":"https:\/\/www.denkulturelleskolesekken.no\/telemark\/wp-json\/wp\/v2\/media?parent=2790"}],"curies":[{"name":"wp","href":"https:\/\/api.w.org\/{rel}","templated":true}]}}