{"id":2774,"date":"2024-06-03T13:42:58","date_gmt":"2024-06-03T13:42:58","guid":{"rendered":"https:\/\/www.denkulturelleskolesekken.no\/telemark\/?page_id=2774"},"modified":"2024-06-03T13:42:59","modified_gmt":"2024-06-03T13:42:59","slug":"programmet-for-grunnskulen-2024-2025","status":"publish","type":"page","link":"https:\/\/www.denkulturelleskolesekken.no\/telemark\/programmet-for-grunnskulen-2024-2025\/","title":{"rendered":"Programmet for grunnskulen 2024\/2025"},"content":{"rendered":"\n<p><strong>Vil du finne ut kva som kjem til din skule? S\u00f8k p\u00e5 produksjonane p\u00e5 <a href=\"https:\/\/www.denkulturelleskolesekken.no\/telemark\/\">dks.no<\/a><\/strong><\/p>\n\n\n\n<p><strong>Konsert<\/strong><br>Elle Maija<br>H\u00e5tt sa&#8217;ru<br>\u00c5 male et skrik<br>Stepp Suprise<br>Tumult<\/p>\n\n\n\n<p><strong>Scenekunst<\/strong><br>Agentane og det sjukt farlege oppdraget<br>Wow<br>V\u00e5g! <br>De uovervinnelige<br><br>F<strong>ilm<\/strong><br>Sau<\/p>\n\n\n\n<p><strong>Visuell kunst<\/strong><br>Lyslek<br>Papirmakeri<br>Gaven<br>Kroki<\/p>\n\n\n\n<p><strong>Litteratur<\/strong><br>Uppsa<br>Hjarte i alle fargar<br>H\u00e5ndball eller helvete<br>Helter fra dyreriket<br>Game on<\/p>\n\n\n\n<p><strong>Kulturarv<\/strong><br>Fortida gjennom foto<br>Eventyrlig rettsak<\/p>\n","protected":false},"excerpt":{"rendered":"<p>Vil du finne ut kva som kjem til din skule? S\u00f8k p\u00e5 produksjonane p\u00e5 dks.no KonsertElle MaijaH\u00e5tt sa&#8217;ru\u00c5 male et skrikStepp SupriseTumult ScenekunstAgentane og det sjukt farlege oppdragetWowV\u00e5g! De uovervinnelige FilmSau Visuell kunstLyslekPapirmakeriGavenKroki LitteraturUppsaHjarte i alle fargarH\u00e5ndball eller helveteHelter fra dyreriketGame on KulturarvFortida gjennom fotoEventyrlig rettsak<\/p>\n","protected":false},"author":21,"featured_media":0,"parent":0,"menu_order":0,"comment_status":"closed","ping_status":"closed","template":"","meta":{"footnotes":""},"class_list":["post-2774","page","type-page","status-publish","hentry"],"_links":{"self":[{"href":"https:\/\/www.denkulturelleskolesekken.no\/telemark\/wp-json\/wp\/v2\/pages\/2774","targetHints":{"allow":["GET"]}}],"collection":[{"href":"https:\/\/www.denkulturelleskolesekken.no\/telemark\/wp-json\/wp\/v2\/pages"}],"about":[{"href":"https:\/\/www.denkulturelleskolesekken.no\/telemark\/wp-json\/wp\/v2\/types\/page"}],"author":[{"embeddable":true,"href":"https:\/\/www.denkulturelleskolesekken.no\/telemark\/wp-json\/wp\/v2\/users\/21"}],"replies":[{"embeddable":true,"href":"https:\/\/www.denkulturelleskolesekken.no\/telemark\/wp-json\/wp\/v2\/comments?post=2774"}],"version-history":[{"count":1,"href":"https:\/\/www.denkulturelleskolesekken.no\/telemark\/wp-json\/wp\/v2\/pages\/2774\/revisions"}],"predecessor-version":[{"id":2776,"href":"https:\/\/www.denkulturelleskolesekken.no\/telemark\/wp-json\/wp\/v2\/pages\/2774\/revisions\/2776"}],"wp:attachment":[{"href":"https:\/\/www.denkulturelleskolesekken.no\/telemark\/wp-json\/wp\/v2\/media?parent=2774"}],"curies":[{"name":"wp","href":"https:\/\/api.w.org\/{rel}","templated":true}]}}