{"id":2760,"date":"2024-06-03T11:01:29","date_gmt":"2024-06-03T11:01:29","guid":{"rendered":"https:\/\/www.denkulturelleskolesekken.no\/telemark\/?page_id=2760"},"modified":"2024-06-03T13:43:22","modified_gmt":"2024-06-03T13:43:22","slug":"program-2024-2025-for-vidaregaande-skule","status":"publish","type":"page","link":"https:\/\/www.denkulturelleskolesekken.no\/telemark\/program-2024-2025-for-vidaregaande-skule\/","title":{"rendered":"Program 2024-2025 for vidareg\u00e5ande skule"},"content":{"rendered":"\n<p><strong>Vil du finne ut kva som kjem til din skule? S\u00f8k p\u00e5 produksjonane p\u00e5 <a href=\"https:\/\/www.denkulturelleskolesekken.no\/telemark\/\">dks.no<\/a><\/strong><\/p>\n\n\n\n<p><strong>Film<\/strong><br>And the king said: what a fantastic machine<br>Dropouts<br>Ola \u2013 en helt vanlig uvanlig fyr<\/p>\n\n\n\n<p><strong>Kulturarv og visuell kunst<\/strong><br>Brynestein fr\u00e5 Eidsborg<br>Det kunne v\u00e6rt deg<br>Folkedans i gymtimen<br>Seksualitet og livskvalitet<br>Smi mens jernet er varmt<br>Kunstens kraft<br>S\u00f8lvring<\/p>\n\n\n\n<p><strong>Scenekunst\/teater<\/strong><br>Den politiske kannest\u00f8per, Teater Ibsen<br>Korte \u00e5r, lange dager<br>The Crowd<\/p>\n\n\n\n<p><strong>Litteratur<\/strong><br>G\u00e5ten: Et dukkehjem<br>Kvinner i kamp \u2013 Marta Breen<br>PinkWaterCorp\u2122 \u2013 Slam poesi<br>Skuddsikker vest \u2013 et m\u00f8te vid Yahya Hassans poesi<br>\u00c5pen kloakk<\/p>\n\n\n\n<p><strong>Konsert\/musikk<\/strong><br>Reskjemheia<\/p>\n","protected":false},"excerpt":{"rendered":"<p>Vil du finne ut kva som kjem til din skule? S\u00f8k p\u00e5 produksjonane p\u00e5 dks.no FilmAnd the king said: what a fantastic machineDropoutsOla \u2013 en helt vanlig uvanlig fyr Kulturarv og visuell kunstBrynestein fr\u00e5 EidsborgDet kunne v\u00e6rt degFolkedans i gymtimenSeksualitet og livskvalitetSmi mens jernet er varmtKunstens kraftS\u00f8lvring Scenekunst\/teaterDen politiske kannest\u00f8per, Teater IbsenKorte \u00e5r, lange dagerThe [&hellip;]<\/p>\n","protected":false},"author":21,"featured_media":0,"parent":0,"menu_order":0,"comment_status":"closed","ping_status":"closed","template":"","meta":{"footnotes":""},"class_list":["post-2760","page","type-page","status-publish","hentry"],"_links":{"self":[{"href":"https:\/\/www.denkulturelleskolesekken.no\/telemark\/wp-json\/wp\/v2\/pages\/2760","targetHints":{"allow":["GET"]}}],"collection":[{"href":"https:\/\/www.denkulturelleskolesekken.no\/telemark\/wp-json\/wp\/v2\/pages"}],"about":[{"href":"https:\/\/www.denkulturelleskolesekken.no\/telemark\/wp-json\/wp\/v2\/types\/page"}],"author":[{"embeddable":true,"href":"https:\/\/www.denkulturelleskolesekken.no\/telemark\/wp-json\/wp\/v2\/users\/21"}],"replies":[{"embeddable":true,"href":"https:\/\/www.denkulturelleskolesekken.no\/telemark\/wp-json\/wp\/v2\/comments?post=2760"}],"version-history":[{"count":2,"href":"https:\/\/www.denkulturelleskolesekken.no\/telemark\/wp-json\/wp\/v2\/pages\/2760\/revisions"}],"predecessor-version":[{"id":2775,"href":"https:\/\/www.denkulturelleskolesekken.no\/telemark\/wp-json\/wp\/v2\/pages\/2760\/revisions\/2775"}],"wp:attachment":[{"href":"https:\/\/www.denkulturelleskolesekken.no\/telemark\/wp-json\/wp\/v2\/media?parent=2760"}],"curies":[{"name":"wp","href":"https:\/\/api.w.org\/{rel}","templated":true}]}}