{"id":2505,"date":"2024-01-03T14:35:58","date_gmt":"2024-01-03T14:35:58","guid":{"rendered":"https:\/\/wordpress.kulturtanken.app\/telemark\/?page_id=2505"},"modified":"2024-07-12T11:18:49","modified_gmt":"2024-07-12T11:18:49","slug":"kulturkontakten-rolle","status":"publish","type":"page","link":"https:\/\/www.denkulturelleskolesekken.no\/telemark\/kulturkontakten-rolle\/","title":{"rendered":"Kulturkontakten"},"content":{"rendered":"\n<h3 class=\"wp-block-heading\">Kulturkontakten er tilrettelegger og  bindeledd mellom skole, ut\u00f8vere og Den kulturelle skolesekken (DKS). <\/h3>\n\n\n\n<p class=\"has-medium-font-size\">Du skal legge til rette for at\u202felever, l\u00e6rere og ledelse f\u00e5r eierskap til Den kulturelle skolesekken, slik at alle f\u00e5r gode kulturopplevelser.<\/p>\n\n\n\n<p class=\"has-medium-font-size\">For \u00e5 lykkes som kulturkontakt er det en fordel at du ser verdien av elevenes deltagelse i gode kunst- og kulturopplevelser. Kulturkontakten m\u00e5 jobbe selvstendig og s\u00f8rge for god informasjonsflyt p\u00e5 skolen, slik at l\u00e6rerne er forberedt. Gode forberedelser fra l\u00e6rerne er en forutsetning for at elevene skal f\u00e5 en god opplevelse av DKS-bes\u00f8ket.<\/p>\n\n\n\n<p class=\"has-medium-font-size\">Kulturkontakten er gjerne l\u00e6rer, skoleleder eller skolebibliotekar. Det er fint \u00e5 trekke inn elever som st\u00f8ttespillere i arbeidet. <a href=\"https:\/\/wordpress.kulturtanken.app\/telemark\/for-unge-arrangorer\/kulturverter-vestfold\/\">I ungdomsskolen \u00f8nsker vi at noen elever er faste kulturverter. <\/a><\/p>\n\n\n\n<h3 class=\"wp-block-heading\">Kulturkontaktens viktigste oppgaver er \u00e5<\/h3>\n\n\n\n<ul class=\"has-medium-font-size wp-block-list\"><li>bli kjent med og kunne bruke DKS-portalen (dks.no) <\/li><li>bli kjent med skolens DKS-program<\/li><li>informere elever og l\u00e6rere i forkant av hvert DKS-arrangement&nbsp;<\/li><li>s\u00f8rge for n\u00f8dvendige, praktiske forberedelser til hvert DKS-arrangement\u202f&nbsp;<\/li><li>opprette kontakt med ut\u00f8verne i forkant av arrangementene\u202f\u202f&nbsp;&nbsp;<\/li><li>v\u00e6re ansvarlig vertskap under hvert DKS-arrangement&nbsp;<\/li><li>evaluere bes\u00f8ket i DKS-portalen<\/li><\/ul>\n\n\n\n<h3 class=\"wp-block-heading\">Veileder for kulturkontakten<\/h3>\n\n\n\n<p class=\"has-medium-font-size\">Kulturtanken har en veileder for kulturkontakter. Veilederen er en god starthjelp for nye kulturkontakter, og til hjelp for erfarne kulturkontakter, l\u00e6rere eller rektorer. Her finner du blant annet forslag til fordeling av ansvar og arbeidsoppgaver mellom rektor, kulturkontakt, l\u00e6rer og elever<br><a href=\"http:\/\/kulturtanken.no\/veileder-for-kulturkontakten\/?fbclid=IwAR1kqOM4vMjRPXlNIKQ-cSnFds31BR-ndVAZv-GevMZNS1c71W3cS2aiMDU\">All informasjon om veilederen finner du p\u00e5 nettsiden til Kulturtanken<\/a>. <br>Du kan bla gjennom veilederen p\u00e5 nettsiden, eller du kan laste den ned og <a href=\"http:\/\/866c7821-kulturkontakt-veileder-1.pdf (denkulturelleskolesekken.no)\">skrive ut veilederen her<\/a> (pdf).<\/p>\n\n\n\n<h3 class=\"wp-block-heading\">Ta kontakt!<\/h3>\n\n\n\n<p class=\"has-medium-font-size\">Organiseringen av Den kulturelle skolesekken er ulik i grunnskole og videreg\u00e5ende skole. <\/p>\n\n\n\n<p class=\"has-medium-font-size\">Hvis du har sp\u00f8rsm\u00e5l om <strong>grunnskolens program<\/strong>, kan du ta kontakt med kommunekontakten eller <a href=\"https:\/\/wordpress.kulturtanken.app\/telemark\/kontakt-oss\/\">planleggerne i fylkeskommunen<\/a>. <\/p>\n\n\n\n<p class=\"has-medium-font-size\">Har du sp\u00f8rsm\u00e5l om programmet i de <strong>videreg\u00e5ende skolene<\/strong>, m\u00e5 ta kontakt med <a href=\"https:\/\/wordpress.kulturtanken.app\/telemark\/kontakt-oss\/\">planleggerne i fylkeskommunen<\/a>. De har god kunnskap om DKS-tilbudet, og kan hjelpe deg.<\/p>\n\n\n\n<p><\/p>\n","protected":false},"excerpt":{"rendered":"<p>Kulturkontakten er tilrettelegger og bindeledd mellom skole, ut\u00f8vere og Den kulturelle skolesekken (DKS). Du skal legge til rette for at\u202felever, l\u00e6rere og ledelse f\u00e5r eierskap til Den kulturelle skolesekken, slik at alle f\u00e5r gode kulturopplevelser. For \u00e5 lykkes som kulturkontakt er det en fordel at du ser verdien av elevenes deltagelse i gode kunst- og [&hellip;]<\/p>\n","protected":false},"author":21,"featured_media":0,"parent":0,"menu_order":0,"comment_status":"closed","ping_status":"closed","template":"","meta":{"footnotes":""},"class_list":["post-2505","page","type-page","status-publish","hentry"],"_links":{"self":[{"href":"https:\/\/www.denkulturelleskolesekken.no\/telemark\/wp-json\/wp\/v2\/pages\/2505","targetHints":{"allow":["GET"]}}],"collection":[{"href":"https:\/\/www.denkulturelleskolesekken.no\/telemark\/wp-json\/wp\/v2\/pages"}],"about":[{"href":"https:\/\/www.denkulturelleskolesekken.no\/telemark\/wp-json\/wp\/v2\/types\/page"}],"author":[{"embeddable":true,"href":"https:\/\/www.denkulturelleskolesekken.no\/telemark\/wp-json\/wp\/v2\/users\/21"}],"replies":[{"embeddable":true,"href":"https:\/\/www.denkulturelleskolesekken.no\/telemark\/wp-json\/wp\/v2\/comments?post=2505"}],"version-history":[{"count":6,"href":"https:\/\/www.denkulturelleskolesekken.no\/telemark\/wp-json\/wp\/v2\/pages\/2505\/revisions"}],"predecessor-version":[{"id":2833,"href":"https:\/\/www.denkulturelleskolesekken.no\/telemark\/wp-json\/wp\/v2\/pages\/2505\/revisions\/2833"}],"wp:attachment":[{"href":"https:\/\/www.denkulturelleskolesekken.no\/telemark\/wp-json\/wp\/v2\/media?parent=2505"}],"curies":[{"name":"wp","href":"https:\/\/api.w.org\/{rel}","templated":true}]}}