{"id":2309,"date":"2023-05-24T11:33:53","date_gmt":"2023-05-24T11:33:53","guid":{"rendered":"https:\/\/www.denkulturelleskolesekken.no\/vestfoldogtelemark\/?page_id=2309"},"modified":"2024-07-12T11:38:03","modified_gmt":"2024-07-12T11:38:03","slug":"for-barnehager","status":"publish","type":"page","link":"https:\/\/www.denkulturelleskolesekken.no\/telemark\/for-barnehager\/","title":{"rendered":"For barnehagar"},"content":{"rendered":"\n<h3 class=\"wp-block-heading\">Telemark fylkeskommune gir kulturtilbod for barnehagar. M\u00e5let er at barnehagebarn skal oppleve profesjonell kunst og kultur i eigen barnehage.<\/h3>\n\n\n\n<p class=\"has-medium-font-size\">Varierte kulturopplevingar opnar nye horisontar og inspirerer til kreativitet og l\u00e6ring. Felles opplevingar gir felles referansar, og styrker inkludering, fellesskap og samhald. Ved \u00e5 spreie tilbodet ut til heile fylket, bidreg ordninga til \u00e5 jamne ut b\u00e5de sosio\u00f8konomiske og geografiske forskjellar.<\/p>\n\n\n\n<p class=\"has-medium-font-size\">Kulturtilbod for barnehagar har lenge vore eit prioritert tiltak i Telemark fylkeskommune og m\u00e5let er at alle barn f\u00e5r kulturelle opplevingar av h\u00f8g kunstnarisk kvalitet i trygge omgivnader (sin eigen barnehage).<\/p>\n\n\n\n<p class=\"has-medium-font-size\">I 2023 vart det vist meir enn 400 framsyningar for eit samla publikumstal p\u00e5 rundt 14 000 barn i aldersgruppa 3-6 \u00e5r i Vestfold og Telemark. Om lag halvparten av desse framsyningane fann stad i Telemark. 112 barnehagar (70 prosent) tok del i ordninga, og dei fleste fekk to kulturopplevingar.<\/p>\n\n\n\n<p class=\"has-medium-font-size\">Kulturtilbodet for barnehagar vert finansiert med fylkeskommunens eigne midlar, i p\u00e5vente av ei nasjonal ordning.<\/p>\n\n\n\n<p class=\"has-medium-font-size\">Telemark har hatt barnehagekonsertar sidan 1990-talet, men ordninga er gradvis utvida og omfattar n\u00e5 fleire kunstuttrykk som scenekunst, litteratur og visuell kunst.&nbsp;<\/p>\n\n\n\n<p class=\"has-medium-font-size\">For meir info om ordninga, ta kontakt med R\u00f8nnaug Flatin, <a href=\"mailto:ronnaug.flatin@telemarkfylke.no\">ronnaug.flatin@telemarkfylke.no<\/a><\/p>\n\n\n\n<p><\/p>\n\n\n\n<p><\/p>\n","protected":false},"excerpt":{"rendered":"<p>Telemark fylkeskommune gir kulturtilbod for barnehagar. M\u00e5let er at barnehagebarn skal oppleve profesjonell kunst og kultur i eigen barnehage. Varierte kulturopplevingar opnar nye horisontar og inspirerer til kreativitet og l\u00e6ring. Felles opplevingar gir felles referansar, og styrker inkludering, fellesskap og samhald. Ved \u00e5 spreie tilbodet ut til heile fylket, bidreg ordninga til \u00e5 jamne ut [&hellip;]<\/p>\n","protected":false},"author":21,"featured_media":2278,"parent":0,"menu_order":0,"comment_status":"closed","ping_status":"closed","template":"","meta":{"footnotes":""},"class_list":["post-2309","page","type-page","status-publish","has-post-thumbnail","hentry"],"_links":{"self":[{"href":"https:\/\/www.denkulturelleskolesekken.no\/telemark\/wp-json\/wp\/v2\/pages\/2309","targetHints":{"allow":["GET"]}}],"collection":[{"href":"https:\/\/www.denkulturelleskolesekken.no\/telemark\/wp-json\/wp\/v2\/pages"}],"about":[{"href":"https:\/\/www.denkulturelleskolesekken.no\/telemark\/wp-json\/wp\/v2\/types\/page"}],"author":[{"embeddable":true,"href":"https:\/\/www.denkulturelleskolesekken.no\/telemark\/wp-json\/wp\/v2\/users\/21"}],"replies":[{"embeddable":true,"href":"https:\/\/www.denkulturelleskolesekken.no\/telemark\/wp-json\/wp\/v2\/comments?post=2309"}],"version-history":[{"count":7,"href":"https:\/\/www.denkulturelleskolesekken.no\/telemark\/wp-json\/wp\/v2\/pages\/2309\/revisions"}],"predecessor-version":[{"id":2840,"href":"https:\/\/www.denkulturelleskolesekken.no\/telemark\/wp-json\/wp\/v2\/pages\/2309\/revisions\/2840"}],"wp:featuredmedia":[{"embeddable":true,"href":"https:\/\/www.denkulturelleskolesekken.no\/telemark\/wp-json\/wp\/v2\/media\/2278"}],"wp:attachment":[{"href":"https:\/\/www.denkulturelleskolesekken.no\/telemark\/wp-json\/wp\/v2\/media?parent=2309"}],"curies":[{"name":"wp","href":"https:\/\/api.w.org\/{rel}","templated":true}]}}