{"id":23,"date":"2019-10-31T13:50:15","date_gmt":"2019-10-31T13:50:15","guid":{"rendered":"https:\/\/viken.kulturtanken.app\/?page_id=23"},"modified":"2024-07-12T11:19:18","modified_gmt":"2024-07-12T11:19:18","slug":"dks-i-skolen","status":"publish","type":"page","link":"https:\/\/www.denkulturelleskolesekken.no\/telemark\/dks-i-skolen\/","title":{"rendered":"Om Den kulturelle skolesekken"},"content":{"rendered":"\n<h3 class=\"wp-block-heading\"><strong>Den nasjonale ordningen Den kulturelle skolesekken (DKS), s\u00f8rger for at alle skoleelever i Norge f\u00e5r oppleve profesjonell kunst og kultur hvert \u00e5r.<\/strong><\/h3>\n\n\n\n<figure class=\"wp-block-image size-full\"><img loading=\"lazy\" decoding=\"async\" width=\"1000\" height=\"667\" src=\"https:\/\/cdn.denkulturelleskolesekken.no\/vestfoldogtelemark\/2020\/04\/5b00d27c-mfm2014-177_cmichal-tomaszewicz.jpg\" alt=\"MFM 2014_foto Michal Tomaszewicz\" class=\"wp-image-940\"\/><figcaption><em>Alle skal med! Den kulturelle skolesekken skal s\u00f8rge for at alle f\u00e5r oppleve kultur. Foto: Michal Tomaszewicz<\/em><\/figcaption><\/figure>\n\n\n\n<p class=\"has-medium-font-size\">Hvert \u00e5r f\u00e5r alle skoleelever i grunnskole og videreg\u00e5ende skole i Norge oppleve, gj\u00f8re seg kjent med og utvikle forst\u00e5else for profesjonelle kunst- og kulturuttrykk. <\/p>\n\n\n\n<p class=\"has-medium-font-size\">Det er et krav at tilbudene fra Den kulturelle skolesekken skal ha h\u00f8y kvalitet, og best\u00e5 av kulturuttrykkene film, kulturarv, litteratur, musikk, scenekunst og visuell kunst. <\/p>\n\n\n\n<p class=\"has-medium-font-size\">Les mer om ordningen <a rel=\"noreferrer noopener\" href=\"https:\/\/www.denkulturelleskolesekken.no\/forside\/om-dks\/\" target=\"_blank\">p\u00e5 hovedsiden til Den kulturelle skolesekken.<\/a><\/p>\n\n\n\n<hr class=\"wp-block-separator has-text-color has-background has-white-background-color has-white-color\"\/>\n\n\n\n<h2 class=\"wp-block-heading\">Den kulturelle skolesekken i Telemark<\/h2>\n\n\n\n<p class=\"has-medium-font-size\">I Den kulturelle skolesekken Telemark er vi s\u00e6rlig opptatt av medvirkning fra elever og ansatte p\u00e5 skolene. Vi legger til rette for at b\u00e5de voksne og ungdommer f\u00e5r muligheten til \u00e5 delta i planlegging, programmering og gjennomf\u00f8ring av arrangementene p\u00e5 sin skole. Vi tror det gir st\u00f8rre eierskap til kunst- og kulturopplevelsene som gjennomf\u00f8res i l\u00f8pet av et skole\u00e5r.<\/p>\n\n\n\n<p class=\"has-medium-font-size\">Gode arenaer for medvirkning er<a rel=\"noreferrer noopener\" href=\"https:\/\/wordpress.kulturtanken.app\/vestfoldogtelemark\/for-unge-arrangorer\/kulturverter-vestfold\/\" data-type=\"URL\" data-id=\"https:\/\/wordpress.kulturtanken.app\/vestfoldogtelemark\/for-unge-arrangorer\/kulturverter-vestfold\/\" target=\"_blank\"> kulturvertordningen og unge arrang\u00f8rer<\/a>.<\/p>\n\n\n\n<p class=\"has-medium-font-size\">I Telemark har vi ogs\u00e5 kulturtilbud til barnehager, DKS barnehage. Vi tilbyr ordningen i alle kommuner og drifter den med egne midler. <\/p>\n\n\n\n<hr class=\"wp-block-separator has-text-color has-background has-white-background-color has-white-color is-style-default\"\/>\n\n\n\n<hr class=\"wp-block-separator has-text-color has-background has-white-background-color has-white-color\"\/>\n\n\n\n<div class=\"wp-block-buttons is-content-justification-space-between is-layout-flex wp-container-core-buttons-is-layout-3d213aab wp-block-buttons-is-layout-flex\">\n<div class=\"wp-block-button is-style-outline is-style-outline--1\"><a class=\"wp-block-button__link has-pale-cyan-blue-background-color has-background\" href=\"https:\/\/wordpress.kulturtanken.app\/telemark\/kontakt-oss\/\">Kontakt oss<\/a><\/div>\n\n\n\n<div class=\"wp-block-button has-custom-width wp-block-button__width-25 is-style-outline is-style-outline--2\"><a class=\"wp-block-button__link has-light-green-cyan-background-color has-background\" href=\"https:\/\/www.denkulturelleskolesekken.no\/utforsk-produksjoner-i-dks\/#\/eyJicmFuY2hPZmZpY2VJZHMiOls0NjFdLCJ2aWV3IjoibGlzdCJ9\">Program<\/a><\/div>\n\n\n\n<div class=\"wp-block-button is-style-outline is-style-outline--3\"><a class=\"wp-block-button__link has-cyan-bluish-gray-background-color has-background\" href=\"https:\/\/wordpress.kulturtanken.app\/telemark\/arshjul-for-skolearet-2020-21\/\">\u00c5rshjul<\/a><\/div>\n<\/div>\n\n\n\n<hr class=\"wp-block-separator has-text-color has-background has-white-background-color has-white-color is-style-default\"\/>\n\n\n\n<hr class=\"wp-block-separator has-text-color has-background has-white-background-color has-white-color is-style-default\"\/>\n\n\n\n<hr class=\"wp-block-separator has-text-color has-background has-white-background-color has-white-color is-style-default\"\/>\n","protected":false},"excerpt":{"rendered":"<p>Den nasjonale ordningen Den kulturelle skolesekken (DKS), s\u00f8rger for at alle skoleelever i Norge f\u00e5r oppleve profesjonell kunst og kultur hvert \u00e5r. Hvert \u00e5r f\u00e5r alle skoleelever i grunnskole og videreg\u00e5ende skole i Norge oppleve, gj\u00f8re seg kjent med og utvikle forst\u00e5else for profesjonelle kunst- og kulturuttrykk. Det er et krav at tilbudene fra Den [&hellip;]<\/p>\n","protected":false},"author":2,"featured_media":0,"parent":0,"menu_order":0,"comment_status":"closed","ping_status":"closed","template":"","meta":{"footnotes":""},"class_list":["post-23","page","type-page","status-publish","hentry"],"_links":{"self":[{"href":"https:\/\/www.denkulturelleskolesekken.no\/telemark\/wp-json\/wp\/v2\/pages\/23","targetHints":{"allow":["GET"]}}],"collection":[{"href":"https:\/\/www.denkulturelleskolesekken.no\/telemark\/wp-json\/wp\/v2\/pages"}],"about":[{"href":"https:\/\/www.denkulturelleskolesekken.no\/telemark\/wp-json\/wp\/v2\/types\/page"}],"author":[{"embeddable":true,"href":"https:\/\/www.denkulturelleskolesekken.no\/telemark\/wp-json\/wp\/v2\/users\/2"}],"replies":[{"embeddable":true,"href":"https:\/\/www.denkulturelleskolesekken.no\/telemark\/wp-json\/wp\/v2\/comments?post=23"}],"version-history":[{"count":23,"href":"https:\/\/www.denkulturelleskolesekken.no\/telemark\/wp-json\/wp\/v2\/pages\/23\/revisions"}],"predecessor-version":[{"id":2834,"href":"https:\/\/www.denkulturelleskolesekken.no\/telemark\/wp-json\/wp\/v2\/pages\/23\/revisions\/2834"}],"wp:attachment":[{"href":"https:\/\/www.denkulturelleskolesekken.no\/telemark\/wp-json\/wp\/v2\/media?parent=23"}],"curies":[{"name":"wp","href":"https:\/\/api.w.org\/{rel}","templated":true}]}}