{"id":1990,"date":"2022-07-14T09:41:54","date_gmt":"2022-07-14T09:41:54","guid":{"rendered":"https:\/\/www.denkulturelleskolesekken.no\/vestfoldogtelemark\/?page_id=1990"},"modified":"2024-07-12T13:12:22","modified_gmt":"2024-07-12T13:12:22","slug":"moteplasser-prosjekter","status":"publish","type":"page","link":"https:\/\/www.denkulturelleskolesekken.no\/telemark\/moteplasser-prosjekter\/","title":{"rendered":"M\u00f8teplasser"},"content":{"rendered":"\n<h2 class=\"wp-block-heading\">Kulturtorget 2024<\/h2>\n\n\n\n<h3 class=\"has-black-color has-text-color wp-block-heading\">Vi arrangerer igjen Kulturtorget i B\u00f8! Det skjer i l\u00f8pet av h\u00f8sten 2024. <br>Mer info kommer.<\/h3>\n\n\n\n<p><\/p>\n\n\n\n<h2 class=\"wp-block-heading\">Visningsarenaer<\/h2>\n\n\n\n<p class=\"has-medium-font-size\">Det blir arrangert mange fine og viktige arenaer og m\u00f8teplasser der produksjoner for Den kulturelle skolesekken blir vist. <a href=\"https:\/\/www.kulturtanken.no\/kalender\/\">F\u00f8lg med p\u00e5 kalenderen hos Kulturtanken<\/a><\/p>\n\n\n\n<p class=\"has-medium-font-size\"><strong>Marked for musikk <\/strong>er Norges st\u00f8rste visningsarena for konserter rettet mot barn og unge. Dette er en viktig m\u00f8teplass for bransjen og en plass der kompetanse og erfaring deles. I l\u00f8pet av tre dager kan arrang\u00f8rer, produsenter, festivaler, biblioteker og Den kulturelle skolsekken se, evaluere og finne konserter tilpasset sine unge publikummere.<br>For mer informasjon, program og informasjon om p\u00e5melding bes\u00f8k nettsiden <a href=\"https:\/\/www.markedformusikk.no\/\">Marked for Musikk<\/a>. <br>Marked for musikk er vanligvis i Larvik, men i \u00e5r arrangeres markedet i Bod\u00f8.<\/p>\n\n\n\n<div class=\"wp-block-columns is-layout-flex wp-container-core-columns-is-layout-9d6595d7 wp-block-columns-is-layout-flex\">\n<div class=\"wp-block-column is-layout-flow wp-block-column-is-layout-flow\">\n<figure class=\"wp-block-image size-full is-style-default\"><img loading=\"lazy\" decoding=\"async\" width=\"1024\" height=\"683\" src=\"https:\/\/cdn.denkulturelleskolesekken.no\/vestfoldogtelemark\/257f9f49-marked-for-musikk-21okt2020_foto-erik-brandsborg-36-1-1024x683-1.jpg\" alt=\"Daniel R\u00f8ssing Trio fra konserten En hyllest til Chuck Berry. Marked for musikk 2020. En spiller piano, en spiller trommer og en spiller bass.\" class=\"wp-image-1622\"\/><figcaption><em>Daniel R\u00f8ssing Trio s En hyllest til Chuck Berry.  <\/em> <\/figcaption><\/figure>\n<\/div>\n\n\n\n<div class=\"wp-block-column is-layout-flow wp-block-column-is-layout-flow\">\n<figure class=\"wp-block-image size-large is-style-default\"><img loading=\"lazy\" decoding=\"async\" width=\"1024\" height=\"683\" src=\"https:\/\/cdn.denkulturelleskolesekken.no\/vestfoldogtelemark\/35ceab39-pirater-fra-karibien_mfs-2021_foto-erik-brandsborg-4-1024x683.jpg\" alt=\"Illustrasjonsfoto\" class=\"wp-image-1994\" srcset=\"https:\/\/cdn.denkulturelleskolesekken.no\/vestfoldogtelemark\/35ceab39-pirater-fra-karibien_mfs-2021_foto-erik-brandsborg-4-1024x683.jpg 1024w, https:\/\/cdn.denkulturelleskolesekken.no\/vestfoldogtelemark\/35ceab39-pirater-fra-karibien_mfs-2021_foto-erik-brandsborg-4-300x200.jpg 300w, https:\/\/cdn.denkulturelleskolesekken.no\/vestfoldogtelemark\/35ceab39-pirater-fra-karibien_mfs-2021_foto-erik-brandsborg-4-768x512.jpg 768w, https:\/\/cdn.denkulturelleskolesekken.no\/vestfoldogtelemark\/35ceab39-pirater-fra-karibien_mfs-2021_foto-erik-brandsborg-4-272x182.jpg 272w, https:\/\/cdn.denkulturelleskolesekken.no\/vestfoldogtelemark\/35ceab39-pirater-fra-karibien_mfs-2021_foto-erik-brandsborg-4.jpg 1500w\" sizes=\"auto, (max-width: 1024px) 100vw, 1024px\" \/><figcaption><em>Markedet for scenekunst, 24. august 2021. Foto: Erik Brandsborg, kulturtanken.<\/em><\/figcaption><\/figure>\n<\/div>\n<\/div>\n\n\n\n<h2 class=\"wp-block-heading\"><\/h2>\n\n\n\n<p class=\"has-medium-font-size\"><strong>Markedet for Scenekunst<\/strong> i Sandefjord er en nasjonal visningsarena for presentasjon, kj\u00f8p og salg av profesjonell scenekunst for barn og unge. Markedet presenterer et bredt scenekunsttilbud og er en m\u00f8teplass for faglig utvikling og kompetanse\u00f8kning for b\u00e5de arrang\u00f8rer og ut\u00f8vere. For mer informasjon, bes\u00f8k nettsiden <a href=\"https:\/\/www.markedet.org\/\">Markedet for Scenekunst &#8211; Forside<\/a>.<\/p>\n\n\n\n<div class=\"wp-block-image\"><figure class=\"alignleft size-large is-resized\"><img loading=\"lazy\" decoding=\"async\" src=\"https:\/\/cdn.denkulturelleskolesekken.no\/vestfoldogtelemark\/35ceab39-pirater-fra-karibien_mfs-2021_foto-erik-brandsborg-4-1024x683.jpg\" alt=\"Fem personer med sorte bukser og hvite skjorter. Danner er formasjon som ser ut som et kors. Alle holder hendene i v\u00e6ret, spriker med fingrene og stirrer ut i luften med store \u00f8yne. \" class=\"wp-image-1994\" width=\"804\" height=\"536\" srcset=\"https:\/\/cdn.denkulturelleskolesekken.no\/vestfoldogtelemark\/35ceab39-pirater-fra-karibien_mfs-2021_foto-erik-brandsborg-4-1024x683.jpg 1024w, https:\/\/cdn.denkulturelleskolesekken.no\/vestfoldogtelemark\/35ceab39-pirater-fra-karibien_mfs-2021_foto-erik-brandsborg-4-300x200.jpg 300w, https:\/\/cdn.denkulturelleskolesekken.no\/vestfoldogtelemark\/35ceab39-pirater-fra-karibien_mfs-2021_foto-erik-brandsborg-4-768x512.jpg 768w, https:\/\/cdn.denkulturelleskolesekken.no\/vestfoldogtelemark\/35ceab39-pirater-fra-karibien_mfs-2021_foto-erik-brandsborg-4-272x182.jpg 272w, https:\/\/cdn.denkulturelleskolesekken.no\/vestfoldogtelemark\/35ceab39-pirater-fra-karibien_mfs-2021_foto-erik-brandsborg-4.jpg 1500w\" sizes=\"auto, (max-width: 804px) 100vw, 804px\" \/><figcaption><em>Pirater fra Karibien &#8211; Teater Krutt p\u00e5 Markedet for scenekunst 2021. Foto: Erik Brandsberg, Kulturtanken. <\/em><\/figcaption><\/figure><\/div>\n\n\n\n<p><\/p>\n\n\n\n<p><\/p>\n","protected":false},"excerpt":{"rendered":"<p>Kulturtorget 2024 Vi arrangerer igjen Kulturtorget i B\u00f8! Det skjer i l\u00f8pet av h\u00f8sten 2024. Mer info kommer. Visningsarenaer Det blir arrangert mange fine og viktige arenaer og m\u00f8teplasser der produksjoner for Den kulturelle skolesekken blir vist. F\u00f8lg med p\u00e5 kalenderen hos Kulturtanken Marked for musikk er Norges st\u00f8rste visningsarena for konserter rettet mot barn [&hellip;]<\/p>\n","protected":false},"author":18,"featured_media":0,"parent":0,"menu_order":0,"comment_status":"closed","ping_status":"closed","template":"","meta":{"footnotes":""},"class_list":["post-1990","page","type-page","status-publish","hentry"],"_links":{"self":[{"href":"https:\/\/www.denkulturelleskolesekken.no\/telemark\/wp-json\/wp\/v2\/pages\/1990","targetHints":{"allow":["GET"]}}],"collection":[{"href":"https:\/\/www.denkulturelleskolesekken.no\/telemark\/wp-json\/wp\/v2\/pages"}],"about":[{"href":"https:\/\/www.denkulturelleskolesekken.no\/telemark\/wp-json\/wp\/v2\/types\/page"}],"author":[{"embeddable":true,"href":"https:\/\/www.denkulturelleskolesekken.no\/telemark\/wp-json\/wp\/v2\/users\/18"}],"replies":[{"embeddable":true,"href":"https:\/\/www.denkulturelleskolesekken.no\/telemark\/wp-json\/wp\/v2\/comments?post=1990"}],"version-history":[{"count":8,"href":"https:\/\/www.denkulturelleskolesekken.no\/telemark\/wp-json\/wp\/v2\/pages\/1990\/revisions"}],"predecessor-version":[{"id":2867,"href":"https:\/\/www.denkulturelleskolesekken.no\/telemark\/wp-json\/wp\/v2\/pages\/1990\/revisions\/2867"}],"wp:attachment":[{"href":"https:\/\/www.denkulturelleskolesekken.no\/telemark\/wp-json\/wp\/v2\/media?parent=1990"}],"curies":[{"name":"wp","href":"https:\/\/api.w.org\/{rel}","templated":true}]}}